{"id":5295944,"date":"2026-01-19T11:00:29","date_gmt":"2026-01-19T09:00:29","guid":{"rendered":"https:\/\/gadgettravellers.eu\/shop\/raider-avviatore-portatile-per-batteria-auto-12v-8ah-con-torcia-led-power-bank-usb-rd-jbc16-032205\/"},"modified":"2026-04-08T20:19:11","modified_gmt":"2026-04-08T18:19:11","slug":"raider-avviatore-portatile-per-batteria-auto-12v-8ah-con-torcia-led-power-bank-usb-rd-jbc16-032205","status":"publish","type":"product","link":"https:\/\/gadgettravellers.eu\/it\/shop\/raider-avviatore-portatile-per-batteria-auto-12v-8ah-con-torcia-led-power-bank-usb-rd-jbc16-032205\/","title":{"rendered":"RAIDER Avviatore portatile per batteria auto 12V\/8Ah con torcia LED \/ Power Bank \/ USB RD-JBC16 032205"},"content":{"rendered":"<p><strong>Caratteristiche Tecniche:<\/strong><\/p>\n<p>Capacit\u00e0: 8000A<br \/>\nCarica Istantanea: 450A<br \/>\nCarica Costante: 2A<br \/>\nSchermo LED: Con Indicatore %<br \/>\nBatteria del Powerbank<br \/>\nFunzioni: Avviamento Batteria<br \/>\nPower Bank, Torcia LED<br \/>\nModo d&#8217;Uso: Colleghiamo le<br \/>\nPinze alla Batteria in Modo che<br \/>\nci Fornisca la Tensione Necessaria per<br \/>\navviare il motore. Si consiglia di averlo<br \/>\nin Auto, Moto o Qualsiasi Altro Macchinario<br \/>\nper Emergenze e Ricarica Classica di Batterie<br \/>\ncome Cellulari, Laptop, Torcia ecc.<br \/>\nPeso: 0,80kg<\/p>\n<p><strong>Descrizione:<\/strong><\/p>\n<p>L&#8217;avviatore portatile per batteria auto 12V\/18Ah Raider RD-JBC16 032205 \u00e8 ideale anche per essere conservato nel vano portaoggetti dell&#8217;auto. Dotato di batteria al litio di alta qualit\u00e0 e torcia LED che pu\u00f2 aiutarti significativamente in situazioni di emergenza. Con questo dispositivo puoi avviare la tua auto quando la batteria \u00e8 scarica, oppure usarlo come power bank per caricare rapidamente e facilmente il cellulare, il laptop ecc. Struttura leggera e comoda per tutti gli usi.<\/p>\n<p><strong>Caratteristiche Importanti:<\/strong><\/p>\n<p>Funzioni: Dispositivo multifunzione con cui puoi avviare la tua auto se la batteria \u00e8 scarica, caricare dispositivi o usarlo come torcia LED.<br \/>\nDispositivo pratico: Dispositivo leggero e comodo, viene fornito con una custodia che pu\u00f2 essere conservata anche nel vano portaoggetti dell&#8217;auto.<\/p>\n","protected":false},"excerpt":{"rendered":"<p>Avviatore portatile 12V con batteria da 8000mAh, torcia LED e funzione power bank. Avvia veicoli, carica cellulari e mostra la % della batteria \u2014 ideale per emergenze.<\/p>\n","protected":false},"featured_media":9813,"comment_status":"closed","ping_status":"open","template":"","meta":[],"product_brand":[],"product_cat":[],"product_tag":[15],"class_list":{"0":"post-5295944","1":"product","2":"type-product","3":"status-publish","4":"has-post-thumbnail","6":"product_tag-uncategorized","8":"first","9":"onbackorder","10":"purchasable","11":"product-type-simple"},"jetpack_sharing_enabled":true,"_links":{"self":[{"href":"https:\/\/gadgettravellers.eu\/it\/wp-json\/wp\/v2\/product\/5295944","targetHints":{"allow":["GET"]}}],"collection":[{"href":"https:\/\/gadgettravellers.eu\/it\/wp-json\/wp\/v2\/product"}],"about":[{"href":"https:\/\/gadgettravellers.eu\/it\/wp-json\/wp\/v2\/types\/product"}],"replies":[{"embeddable":true,"href":"https:\/\/gadgettravellers.eu\/it\/wp-json\/wp\/v2\/comments?post=5295944"}],"wp:featuredmedia":[{"embeddable":true,"href":"https:\/\/gadgettravellers.eu\/it\/wp-json\/wp\/v2\/media\/9813"}],"wp:attachment":[{"href":"https:\/\/gadgettravellers.eu\/it\/wp-json\/wp\/v2\/media?parent=5295944"}],"wp:term":[{"taxonomy":"product_brand","embeddable":true,"href":"https:\/\/gadgettravellers.eu\/it\/wp-json\/wp\/v2\/product_brand?post=5295944"},{"taxonomy":"product_cat","embeddable":true,"href":"https:\/\/gadgettravellers.eu\/it\/wp-json\/wp\/v2\/product_cat?post=5295944"},{"taxonomy":"product_tag","embeddable":true,"href":"https:\/\/gadgettravellers.eu\/it\/wp-json\/wp\/v2\/product_tag?post=5295944"}],"curies":[{"name":"wp","href":"https:\/\/api.w.org\/{rel}","templated":true}]}}