{"id":5295948,"date":"2026-01-19T11:00:31","date_gmt":"2026-01-19T09:00:31","guid":{"rendered":"https:\/\/gadgettravellers.eu\/shop\/raider-avviatore-portatile-per-batteria-auto-12v-18ah-con-torcia-led-power-bank-usb-rd-jbc20-032209\/"},"modified":"2026-04-08T20:19:13","modified_gmt":"2026-04-08T18:19:13","slug":"raider-avviatore-portatile-per-batteria-auto-12v-18ah-con-torcia-led-power-bank-usb-rd-jbc20-032209","status":"publish","type":"product","link":"https:\/\/gadgettravellers.eu\/it\/shop\/raider-avviatore-portatile-per-batteria-auto-12v-18ah-con-torcia-led-power-bank-usb-rd-jbc20-032209\/","title":{"rendered":"RAIDER Avviatore portatile per batteria auto 12V\/18Ah con torcia LED \/ Power Bank \/ USB RD-JBC20 032209"},"content":{"rendered":"<p><strong>Caratteristiche Tecniche:<\/strong><\/p>\n<p>Capacit\u00e0: 18000A<br \/>\nCarica Istantanea: 600A<br \/>\nCarica Fissa Porta 1: 1A<br \/>\nCarica Fissa Porta 2: 3A<br \/>\nSchermo LED: Con Indicatore %<br \/>\nDella Batteria del Powerbank<br \/>\nFunzioni: Avviamento Batteria<br \/>\nPower Bank, Torcia LED<br \/>\nModo d&#8217;Uso: Colleghiamo le<br \/>\nPinze alla Batteria in Modo Che<br \/>\nci Fornisca la Tensione Necessaria Per<br \/>\nFarlo Partire. Si Consiglia di Avere<br \/>\nin Auto, Moto o Qualsiasi Altro Macchinario<br \/>\nper Emergenze e Ricarica Classica di Batterie<br \/>\nCome Cellulari, Laptop, Torcia ecc.<br \/>\nPeso: 1,07kg<\/p>\n<p><strong>Descrizione:<\/strong><\/p>\n<p>L&#8217;avviatore portatile per batterie auto 12V\/18Ah Raider RD-JBC20 032209 \u00e8 ideale anche per essere conservato nel vano portaoggetti dell&#8217;auto. Dotato di batteria al litio di alta qualit\u00e0 e torcia LED che pu\u00f2 aiutarti significativamente in situazioni di emergenza. Con questo dispositivo puoi avviare la tua auto quando la batteria \u00e8 scarica, oppure usarlo come power bank per caricare rapidamente e facilmente il cellulare, il laptop ecc. Struttura leggera e comoda per tutti gli usi.<\/p>\n<p><strong>Caratteristiche Importanti:<\/strong><\/p>\n<p>Funzioni: Dispositivo multifunzione con cui puoi avviare la tua auto se la batteria \u00e8 scarica, caricare dispositivi o usarlo come torcia LED.<br \/>\nDispositivo pratico: Dispositivo leggero e comodo, viene fornito con una custodia che pu\u00f2 essere conservata anche nel vano portaoggetti dell&#8217;auto.<\/p>\n","protected":false},"excerpt":{"rendered":"<p>Avviatore portatile 12V\/18000mAh con potenza istantanea di 600A, 2 uscite USB (1A\/3A), torcia LED e indicatore % batteria. Ideale come power bank e per l&#8217;avviamento di veicoli in caso di emergenza.<\/p>\n","protected":false},"featured_media":9819,"comment_status":"closed","ping_status":"open","template":"","meta":[],"product_brand":[],"product_cat":[],"product_tag":[15],"class_list":{"0":"post-5295948","1":"product","2":"type-product","3":"status-publish","4":"has-post-thumbnail","6":"product_tag-uncategorized","8":"first","9":"onbackorder","10":"purchasable","11":"product-type-simple"},"jetpack_sharing_enabled":true,"_links":{"self":[{"href":"https:\/\/gadgettravellers.eu\/it\/wp-json\/wp\/v2\/product\/5295948","targetHints":{"allow":["GET"]}}],"collection":[{"href":"https:\/\/gadgettravellers.eu\/it\/wp-json\/wp\/v2\/product"}],"about":[{"href":"https:\/\/gadgettravellers.eu\/it\/wp-json\/wp\/v2\/types\/product"}],"replies":[{"embeddable":true,"href":"https:\/\/gadgettravellers.eu\/it\/wp-json\/wp\/v2\/comments?post=5295948"}],"wp:featuredmedia":[{"embeddable":true,"href":"https:\/\/gadgettravellers.eu\/it\/wp-json\/wp\/v2\/media\/9819"}],"wp:attachment":[{"href":"https:\/\/gadgettravellers.eu\/it\/wp-json\/wp\/v2\/media?parent=5295948"}],"wp:term":[{"taxonomy":"product_brand","embeddable":true,"href":"https:\/\/gadgettravellers.eu\/it\/wp-json\/wp\/v2\/product_brand?post=5295948"},{"taxonomy":"product_cat","embeddable":true,"href":"https:\/\/gadgettravellers.eu\/it\/wp-json\/wp\/v2\/product_cat?post=5295948"},{"taxonomy":"product_tag","embeddable":true,"href":"https:\/\/gadgettravellers.eu\/it\/wp-json\/wp\/v2\/product_tag?post=5295948"}],"curies":[{"name":"wp","href":"https:\/\/api.w.org\/{rel}","templated":true}]}}