{"id":5295978,"date":"2026-01-19T11:00:47","date_gmt":"2026-01-19T09:00:47","guid":{"rendered":"https:\/\/gadgettravellers.eu\/shop\/raider-pompa-per-pozzi-di-acque-piovane-rd-wp71-750w-1-113l-min-73m-10t-070178\/"},"modified":"2026-04-11T20:10:38","modified_gmt":"2026-04-11T18:10:38","slug":"raider-pompa-per-pozzi-di-acque-piovane-rd-wp71-750w-1-113l-min-73m-10t-070178","status":"publish","type":"product","link":"https:\/\/gadgettravellers.eu\/it\/shop\/raider-pompa-per-pozzi-di-acque-piovane-rd-wp71-750w-1-113l-min-73m-10t-070178\/","title":{"rendered":"RAIDER Pompa per pozzi di acque piovane RD-WP71 750W 1&#8243; 113L\/min 73m 10T 070178"},"content":{"rendered":"<p><strong>Caratteristiche Tecniche:<\/strong><\/p>\n<p>Potenza: 750W<br \/>\nBocchettone: 1\u201d<br \/>\nPortata Massima Acqua: 113 l\/min (6780l\/h)<br \/>\nAltezza Massima di Sollevamento Acqua: 73m<br \/>\nLunghezza cavo: 15m<br \/>\nDiametro minimo di perforazione: 4\u201d<br \/>\nPeso: 14kg<br \/>\nTipo: Pompa per Pozzi di Acqua Piovana<br \/>\nTensione: 230V<\/p>\n<p><strong>Descrizione:<\/strong><\/p>\n<p>La pompa per pozzi di acqua piovana Raider RD-WP71 750W 1&#8243; 113L\/min 73m 10T 070178 ha una potenza di 750W e una tensione di 230V. \u00c8 una scelta ideale per affidabilit\u00e0 ed efficienza nei tuoi lavori. Ha un bocchettone da 1&#8243; (pollice) e una prevalenza di 73m. La portata massima \u00e8 di 113L\/min (6780l\/h), garantendo un flusso d&#8217;acqua costante.<\/p>\n<p><strong>Caratteristiche Importanti:<\/strong><\/p>\n<p>Alta Potenza: Con una potenza di 750W, \u00e8 in grado di pompare acqua da grandi profondit\u00e0.<br \/>\nFlusso Costante: La portata massima di 113L\/min garantisce un flusso d&#8217;acqua continuo.<\/p>\n","protected":false},"excerpt":{"rendered":"<p>Pompa potente per pozzi d&#8217;acqua piovana da 750W con bocchettone da 1 pollice, portata fino a 113 L\/min e prevalenza di 73 m. Adatta per pozzi da 4 pollici, con cavo da 15 m e peso di 14 kg.<\/p>\n","protected":false},"featured_media":9877,"comment_status":"closed","ping_status":"open","template":"","meta":[],"product_brand":[],"product_cat":[],"product_tag":[15],"class_list":{"0":"post-5295978","1":"product","2":"type-product","3":"status-publish","4":"has-post-thumbnail","6":"product_tag-uncategorized","8":"first","9":"onbackorder","10":"purchasable","11":"product-type-simple"},"jetpack_sharing_enabled":true,"_links":{"self":[{"href":"https:\/\/gadgettravellers.eu\/it\/wp-json\/wp\/v2\/product\/5295978","targetHints":{"allow":["GET"]}}],"collection":[{"href":"https:\/\/gadgettravellers.eu\/it\/wp-json\/wp\/v2\/product"}],"about":[{"href":"https:\/\/gadgettravellers.eu\/it\/wp-json\/wp\/v2\/types\/product"}],"replies":[{"embeddable":true,"href":"https:\/\/gadgettravellers.eu\/it\/wp-json\/wp\/v2\/comments?post=5295978"}],"wp:featuredmedia":[{"embeddable":true,"href":"https:\/\/gadgettravellers.eu\/it\/wp-json\/wp\/v2\/media\/9877"}],"wp:attachment":[{"href":"https:\/\/gadgettravellers.eu\/it\/wp-json\/wp\/v2\/media?parent=5295978"}],"wp:term":[{"taxonomy":"product_brand","embeddable":true,"href":"https:\/\/gadgettravellers.eu\/it\/wp-json\/wp\/v2\/product_brand?post=5295978"},{"taxonomy":"product_cat","embeddable":true,"href":"https:\/\/gadgettravellers.eu\/it\/wp-json\/wp\/v2\/product_cat?post=5295978"},{"taxonomy":"product_tag","embeddable":true,"href":"https:\/\/gadgettravellers.eu\/it\/wp-json\/wp\/v2\/product_tag?post=5295978"}],"curies":[{"name":"wp","href":"https:\/\/api.w.org\/{rel}","templated":true}]}}