{"id":5296088,"date":"2026-01-19T11:01:34","date_gmt":"2026-01-19T09:01:34","guid":{"rendered":"https:\/\/gadgettravellers.eu\/shop\/raider-disco-a-foglia-%cf%86125-g40-164131\/"},"modified":"2026-04-08T20:20:18","modified_gmt":"2026-04-08T18:20:18","slug":"raider-disco-a-foglia-%cf%86125-g40-164131","status":"publish","type":"product","link":"https:\/\/gadgettravellers.eu\/it\/shop\/raider-disco-a-foglia-%cf%86125-g40-164131\/","title":{"rendered":"RAIDER Disco a foglia \u03a6125 G40 164131"},"content":{"rendered":"<p><strong>Caratteristiche Tecniche:<\/strong><\/p>\n<p>Diametro del disco: 115mm<br \/>\nDiametro interno del disco: 22mm<br \/>\nTipo: Flap  <\/p>\n<p><strong>Descrizione:<\/strong><\/p>\n<p>La mola flap con diametro 115mm della Raider \u00e8 uno strumento affidabile per la lavorazione delle superfici. Con la sua capacit\u00e0 di offrire un lavoro preciso ed efficace.<\/p>\n<p><strong>Caratteristiche Importanti:<\/strong><\/p>\n<p>Precisione: Offre risultati precisi e uniformi nella lavorazione delle superfici.<br \/>\nDurabilit\u00e0: Realizzato con materiali di alta qualit\u00e0 per una lunga durata e affidabilit\u00e0.<\/p>\n","protected":false},"excerpt":{"rendered":"<p>Disco flap 115mm G40 per levigatura rapida e precisa e rimozione del materiale su superfici metalliche. Struttura resistente per un uso prolungato e risultati uniformi.<\/p>\n","protected":false},"featured_media":10885,"comment_status":"closed","ping_status":"open","template":"","meta":[],"product_brand":[],"product_cat":[],"product_tag":[15],"class_list":{"0":"post-5296088","1":"product","2":"type-product","3":"status-publish","4":"has-post-thumbnail","6":"product_tag-uncategorized","8":"first","9":"onbackorder","10":"purchasable","11":"product-type-simple"},"jetpack_sharing_enabled":true,"_links":{"self":[{"href":"https:\/\/gadgettravellers.eu\/it\/wp-json\/wp\/v2\/product\/5296088","targetHints":{"allow":["GET"]}}],"collection":[{"href":"https:\/\/gadgettravellers.eu\/it\/wp-json\/wp\/v2\/product"}],"about":[{"href":"https:\/\/gadgettravellers.eu\/it\/wp-json\/wp\/v2\/types\/product"}],"replies":[{"embeddable":true,"href":"https:\/\/gadgettravellers.eu\/it\/wp-json\/wp\/v2\/comments?post=5296088"}],"wp:featuredmedia":[{"embeddable":true,"href":"https:\/\/gadgettravellers.eu\/it\/wp-json\/wp\/v2\/media\/10885"}],"wp:attachment":[{"href":"https:\/\/gadgettravellers.eu\/it\/wp-json\/wp\/v2\/media?parent=5296088"}],"wp:term":[{"taxonomy":"product_brand","embeddable":true,"href":"https:\/\/gadgettravellers.eu\/it\/wp-json\/wp\/v2\/product_brand?post=5296088"},{"taxonomy":"product_cat","embeddable":true,"href":"https:\/\/gadgettravellers.eu\/it\/wp-json\/wp\/v2\/product_cat?post=5296088"},{"taxonomy":"product_tag","embeddable":true,"href":"https:\/\/gadgettravellers.eu\/it\/wp-json\/wp\/v2\/product_tag?post=5296088"}],"curies":[{"name":"wp","href":"https:\/\/api.w.org\/{rel}","templated":true}]}}