{"id":5296143,"date":"2026-01-19T11:01:58","date_gmt":"2026-01-19T09:01:58","guid":{"rendered":"https:\/\/gadgettravellers.eu\/shop\/raider-distruggidocumenti-a-benzina-autopropulso-4hp-rd-dm01-075017\/"},"modified":"2026-04-08T20:20:42","modified_gmt":"2026-04-08T18:20:42","slug":"raider-distruggidocumenti-a-benzina-autopropulso-4hp-rd-dm01-075017","status":"publish","type":"product","link":"https:\/\/gadgettravellers.eu\/it\/shop\/raider-distruggidocumenti-a-benzina-autopropulso-4hp-rd-dm01-075017\/","title":{"rendered":"RAIDER Distruggidocumenti a benzina autopropulso 4hp RD-DM01 075017"},"content":{"rendered":"<p><strong>Caratteristiche Tecniche:<\/strong>  <\/p>\n<p>Potenza: 4hp\/3,0kw<br \/>\nCilindrata: 200cc<br \/>\nDisco di Taglio: 60 cm<br \/>\nAltezza di Taglio del Disco: 40mm<br \/>\nVelocit\u00e0 Massima a Vuoto: 3600 min-1<br \/>\nCapacit\u00e0 Serbatoio: 1.2L<br \/>\nSistema di Avviamento: Autopropulso<br \/>\nPeso: 65kg<br \/>\nAlimentazione: Benzina<\/p>\n<p><strong>Descrizione:<\/strong>  <\/p>\n<p>Il trituratore autopropulso a benzina RAIDER RD-DM01 offre la potenza necessaria e facilit\u00e0 d&#8217;uso per la lavorazione di erba e piccole piante. Con una potenza di 4hp\/3000W e un disco di taglio largo 60 cm, consente un taglio efficace e rapido con altezza di taglio regolabile a 40mm. Il serbatoio del carburante da 1,2 litri garantisce autonomia durante il lavoro, mentre la velocit\u00e0 massima a vuoto raggiunge i 3600 giri al minuto per prestazioni ottimizzate.<\/p>\n<p><strong>Caratteristiche Importanti:<\/strong>  <\/p>\n<p>Potenza e Prestazioni: Potenza di 4hp per un taglio potente e alte prestazioni.<br \/>\nFacilit\u00e0 d&#8217;Uso: Disco di taglio largo 60 cm per un lavoro rapido e regolazione dell&#8217;altezza di taglio a 40mm.<br \/>\nAutonomia: Serbatoio carburante da 1,2L per lavoro continuo senza frequenti soste.<br \/>\nVelocit\u00e0 Migliorata: Velocit\u00e0 massima di 3600(min-1) per risultati pi\u00f9 efficaci.<\/p>\n","protected":false},"excerpt":{"rendered":"<p>Rasaerba a benzina autotrattore 4hp con disco da 60cm e altezza di taglio regolabile a 40mm. Ideale per una rapida lavorazione dell&#8217;erba con serbatoio da 1,2l e massimo 3600 giri\/min.<\/p>\n","protected":false},"featured_media":74510,"comment_status":"closed","ping_status":"open","template":"","meta":[],"product_brand":[],"product_cat":[],"product_tag":[15],"class_list":{"0":"post-5296143","1":"product","2":"type-product","3":"status-publish","4":"has-post-thumbnail","6":"product_tag-uncategorized","8":"first","9":"onbackorder","10":"purchasable","11":"product-type-simple"},"jetpack_sharing_enabled":true,"_links":{"self":[{"href":"https:\/\/gadgettravellers.eu\/it\/wp-json\/wp\/v2\/product\/5296143","targetHints":{"allow":["GET"]}}],"collection":[{"href":"https:\/\/gadgettravellers.eu\/it\/wp-json\/wp\/v2\/product"}],"about":[{"href":"https:\/\/gadgettravellers.eu\/it\/wp-json\/wp\/v2\/types\/product"}],"replies":[{"embeddable":true,"href":"https:\/\/gadgettravellers.eu\/it\/wp-json\/wp\/v2\/comments?post=5296143"}],"wp:featuredmedia":[{"embeddable":true,"href":"https:\/\/gadgettravellers.eu\/it\/wp-json\/wp\/v2\/media\/74510"}],"wp:attachment":[{"href":"https:\/\/gadgettravellers.eu\/it\/wp-json\/wp\/v2\/media?parent=5296143"}],"wp:term":[{"taxonomy":"product_brand","embeddable":true,"href":"https:\/\/gadgettravellers.eu\/it\/wp-json\/wp\/v2\/product_brand?post=5296143"},{"taxonomy":"product_cat","embeddable":true,"href":"https:\/\/gadgettravellers.eu\/it\/wp-json\/wp\/v2\/product_cat?post=5296143"},{"taxonomy":"product_tag","embeddable":true,"href":"https:\/\/gadgettravellers.eu\/it\/wp-json\/wp\/v2\/product_tag?post=5296143"}],"curies":[{"name":"wp","href":"https:\/\/api.w.org\/{rel}","templated":true}]}}