{"id":5296156,"date":"2026-01-19T11:02:04","date_gmt":"2026-01-19T09:02:04","guid":{"rendered":"https:\/\/gadgettravellers.eu\/shop\/raider-motosega-a-benzina-7hp-rd-t13-095115\/"},"modified":"2026-04-08T20:20:47","modified_gmt":"2026-04-08T18:20:47","slug":"raider-motosega-a-benzina-7hp-rd-t13-095115","status":"publish","type":"product","link":"https:\/\/gadgettravellers.eu\/it\/shop\/raider-motosega-a-benzina-7hp-rd-t13-095115\/","title":{"rendered":"RAIDER Motosega a benzina 7hp RD-T13 095115"},"content":{"rendered":"<p><strong>Caratteristiche Tecniche:<\/strong>  <\/p>\n<p>Potenza: 7hp\/5.2kW<br \/>\nCilindrata: 208cc<br \/>\nCambio: 2 Marce avanti, 1 Retromarcia<br \/>\nLarghezza di Taglio: 120cm<br \/>\nProfondit\u00e0 di Taglio: 100-350mm<br \/>\nSerbatoio Carburante: 3,6L<br \/>\nCilindrata Integrata<br \/>\nPeso: 102kg  <\/p>\n<p><strong>Descrizione:<\/strong>  <\/p>\n<p>Il RAIDER Scavapatate a Benzina RD-T13 ha una potenza di 7hp (5.2kW) ed \u00e8 ideale per lavori pesanti in giardino e terreni agricoli. Con una larghezza di lavoro di 120cm e una profondit\u00e0 di 100-350mm, offre efficienza su una variet\u00e0 di terreni e condizioni. La capacit\u00e0 dello scavapatate di muoversi avanti e indietro, cos\u00ec come le sue ruote, garantiscono facilit\u00e0 d&#8217;uso e di stoccaggio.<\/p>\n<p><strong>Caratteristiche Importanti:<\/strong>  <\/p>\n<p>Motore Potente: 7hp (5.2kW) per lavori pesanti e impegnativi.<br \/>\nAmpia Larghezza di Lavoro: Larghezza di 120cm per un lavoro rapido ed efficiente.<br \/>\nProfondit\u00e0 Regolabile: Regolazione della profondit\u00e0 di lavoro da 100 a 350mm per diversi tipi di terreno.<br \/>\nSistema di Velocit\u00e0 Flessibile: 2 marce avanti e 1 retromarcia per facilit\u00e0 nelle varie applicazioni.<\/p>\n","protected":false},"excerpt":{"rendered":"<p>Potente motozappa a benzina 7hp (208cc) con larghezza di lavoro di 120cm e profondit\u00e0 regolabile da 100 a 350mm. 2 marce avanti + retromarcia, serbatoio da 3,6L e ruote per un facile spostamento.<\/p>\n","protected":false},"featured_media":11882,"comment_status":"closed","ping_status":"open","template":"","meta":[],"product_brand":[],"product_cat":[],"product_tag":[15],"class_list":{"0":"post-5296156","1":"product","2":"type-product","3":"status-publish","4":"has-post-thumbnail","6":"product_tag-uncategorized","8":"first","9":"onbackorder","10":"purchasable","11":"product-type-simple"},"jetpack_sharing_enabled":true,"_links":{"self":[{"href":"https:\/\/gadgettravellers.eu\/it\/wp-json\/wp\/v2\/product\/5296156","targetHints":{"allow":["GET"]}}],"collection":[{"href":"https:\/\/gadgettravellers.eu\/it\/wp-json\/wp\/v2\/product"}],"about":[{"href":"https:\/\/gadgettravellers.eu\/it\/wp-json\/wp\/v2\/types\/product"}],"replies":[{"embeddable":true,"href":"https:\/\/gadgettravellers.eu\/it\/wp-json\/wp\/v2\/comments?post=5296156"}],"wp:featuredmedia":[{"embeddable":true,"href":"https:\/\/gadgettravellers.eu\/it\/wp-json\/wp\/v2\/media\/11882"}],"wp:attachment":[{"href":"https:\/\/gadgettravellers.eu\/it\/wp-json\/wp\/v2\/media?parent=5296156"}],"wp:term":[{"taxonomy":"product_brand","embeddable":true,"href":"https:\/\/gadgettravellers.eu\/it\/wp-json\/wp\/v2\/product_brand?post=5296156"},{"taxonomy":"product_cat","embeddable":true,"href":"https:\/\/gadgettravellers.eu\/it\/wp-json\/wp\/v2\/product_cat?post=5296156"},{"taxonomy":"product_tag","embeddable":true,"href":"https:\/\/gadgettravellers.eu\/it\/wp-json\/wp\/v2\/product_tag?post=5296156"}],"curies":[{"name":"wp","href":"https:\/\/api.w.org\/{rel}","templated":true}]}}