{"id":5296162,"date":"2026-01-19T11:02:08","date_gmt":"2026-01-19T09:02:08","guid":{"rendered":"https:\/\/gadgettravellers.eu\/shop\/raider-taglierina-per-polistirene-termica-96w-rd-fhc02-076212\/"},"modified":"2026-04-11T20:11:47","modified_gmt":"2026-04-11T18:11:47","slug":"raider-taglierina-per-polistirene-termica-96w-rd-fhc02-076212","status":"publish","type":"product","link":"https:\/\/gadgettravellers.eu\/it\/shop\/raider-taglierina-per-polistirene-termica-96w-rd-fhc02-076212\/","title":{"rendered":"RAIDER Taglierina per polistirene termica 9,6W RD-FHC02 076212"},"content":{"rendered":"<p><strong>Caratteristiche Tecniche<\/strong>  <\/p>\n<p>Potenza: 9,6 W<br \/>\nTensione: 230V<br \/>\nFrequenza: 50Hz<br \/>\nTemperatura: 150-270\u00b0C<br \/>\nClasse di Protezione: II<br \/>\nPeso: 1,20 kg  <\/p>\n<p><strong>Descrizione<\/strong>  <\/p>\n<p>Il taglierino termico per polistirene RAIDER 076212 \u00e8 uno strumento specializzato per il taglio del polistirene, progettato per incisioni sottili e precise di forme mediante l\u2019uso di filo caldo. Ideale per la creazione di oggetti decorativi, la costruzione di modelli e lavori di isolamento. Lo strumento \u00e8 dotato di lama da taglio per la lavorazione di forme pi\u00f9 grandi o per accorciare il polistirene. Offre la possibilit\u00e0 di scrivere e disegnare forme precise con l\u2019accessorio per incisione.  <\/p>\n<p><strong>Caratteristiche Importanti<\/strong>  <\/p>\n<p>Taglio Preciso: Grazie alla temperatura regolabile da 150 a 270\u00b0C, consente incisioni e tagli dettagliati.<br \/>\nFlessibilit\u00e0 di Lavoro: Adatto per il taglio e l\u2019incisione di forme pi\u00f9 grandi e pi\u00f9 piccole in varie applicazioni, come modelli e isolamento.<br \/>\nAttrezzatura di Alta Qualit\u00e0: La lama da taglio e l\u2019accessorio per incisione garantiscono la massima precisione.<br \/>\nDesign Leggero: Con un peso di 1,20 kg, offre comfort durante l\u2019uso.<br \/>\nStrumento Professionale: Ideale per applicazioni professionali e fai-da-te con polistirene e materiali espansi.<\/p>\n","protected":false},"excerpt":{"rendered":"<p>Taglierina termica per polistirene RAIDER 9,6W con temperatura regolabile 150\u2013270\u00b0C, lama da taglio e accessorio per incisione per tagli precisi, ideale per modellismo e applicazioni fai-da-te.<\/p>\n","protected":false},"featured_media":12059,"comment_status":"closed","ping_status":"open","template":"","meta":[],"product_brand":[],"product_cat":[],"product_tag":[15],"class_list":{"0":"post-5296162","1":"product","2":"type-product","3":"status-publish","4":"has-post-thumbnail","6":"product_tag-uncategorized","8":"first","9":"onbackorder","10":"purchasable","11":"product-type-simple"},"jetpack_sharing_enabled":true,"_links":{"self":[{"href":"https:\/\/gadgettravellers.eu\/it\/wp-json\/wp\/v2\/product\/5296162","targetHints":{"allow":["GET"]}}],"collection":[{"href":"https:\/\/gadgettravellers.eu\/it\/wp-json\/wp\/v2\/product"}],"about":[{"href":"https:\/\/gadgettravellers.eu\/it\/wp-json\/wp\/v2\/types\/product"}],"replies":[{"embeddable":true,"href":"https:\/\/gadgettravellers.eu\/it\/wp-json\/wp\/v2\/comments?post=5296162"}],"wp:featuredmedia":[{"embeddable":true,"href":"https:\/\/gadgettravellers.eu\/it\/wp-json\/wp\/v2\/media\/12059"}],"wp:attachment":[{"href":"https:\/\/gadgettravellers.eu\/it\/wp-json\/wp\/v2\/media?parent=5296162"}],"wp:term":[{"taxonomy":"product_brand","embeddable":true,"href":"https:\/\/gadgettravellers.eu\/it\/wp-json\/wp\/v2\/product_brand?post=5296162"},{"taxonomy":"product_cat","embeddable":true,"href":"https:\/\/gadgettravellers.eu\/it\/wp-json\/wp\/v2\/product_cat?post=5296162"},{"taxonomy":"product_tag","embeddable":true,"href":"https:\/\/gadgettravellers.eu\/it\/wp-json\/wp\/v2\/product_tag?post=5296162"}],"curies":[{"name":"wp","href":"https:\/\/api.w.org\/{rel}","templated":true}]}}