{"id":5296176,"date":"2026-01-19T11:02:15","date_gmt":"2026-01-19T09:02:15","guid":{"rendered":"https:\/\/gadgettravellers.eu\/shop\/raider-set-di-accessori-per-utensili-multifunzione-96-pezzi-in-custodia-138406\/"},"modified":"2026-04-11T20:11:52","modified_gmt":"2026-04-11T18:11:52","slug":"raider-set-di-accessori-per-utensili-multifunzione-96-pezzi-in-custodia-138406","status":"publish","type":"product","link":"https:\/\/gadgettravellers.eu\/it\/shop\/raider-set-di-accessori-per-utensili-multifunzione-96-pezzi-in-custodia-138406\/","title":{"rendered":"RAIDER Set di accessori per utensili multifunzione 96 pezzi in custodia 138406"},"content":{"rendered":"<p><strong>Caratteristiche Tecniche:<\/strong><\/p>\n<p>Tipo: Varie Consumabili<br \/>\nPezzi per set: 96<\/p>\n<p><strong>Descrizione:<\/strong><\/p>\n<p>Il set di accessori RAIDER 138406 rappresenta una soluzione completa e versatile per utensili rotativi multifunzione, offrendo 96 accessori selezionati per un&#8217;ampia gamma di applicazioni. \u00c8 adatto per lavori di taglio, levigatura, incisione, lucidatura e pulizia, soddisfacendo pienamente le esigenze sia dei professionisti che degli hobbisti. Gli accessori sono compatibili con la maggior parte dei modelli di utensili multifunzione sul mercato e sono accompagnati da una pratica e resistente custodia che consente una conservazione sicura e un facile trasporto.<\/p>\n<p><strong>Caratteristiche Importanti:<\/strong><\/p>\n<p>Include pietre abrasive e dischi per levigatura per modellare e rifinire superfici, punte per incisione per applicazioni dettagliate su legno, metallo e vetro, dischi da taglio per metallo, legno e plastica per tagli precisi, ruote per lucidatura per finitura e brillantezza, spazzole di filo metallico per una pulizia efficace delle superfici e nastri abrasivi di varie dimensioni e grane per una maggiore flessibilit\u00e0. Il set \u00e8 ottimamente organizzato in una custodia che facilita l&#8217;uso e la conservazione. \u00c8 un organizer a doppia faccia per una facile conservazione e accesso.<\/p>\n","protected":false},"excerpt":{"rendered":"<p>Set di 96 accessori per utensili rotativi in una robusta custodia doppia faccia \u2014 dischi da taglio, pietre abrasive, spazzole e ruote per tagliare, levigare, lucidare e pulire.<\/p>\n","protected":false},"featured_media":76499,"comment_status":"closed","ping_status":"open","template":"","meta":[],"product_brand":[],"product_cat":[],"product_tag":[15],"class_list":{"0":"post-5296176","1":"product","2":"type-product","3":"status-publish","4":"has-post-thumbnail","6":"product_tag-uncategorized","8":"first","9":"onbackorder","10":"purchasable","11":"product-type-simple"},"jetpack_sharing_enabled":true,"_links":{"self":[{"href":"https:\/\/gadgettravellers.eu\/it\/wp-json\/wp\/v2\/product\/5296176","targetHints":{"allow":["GET"]}}],"collection":[{"href":"https:\/\/gadgettravellers.eu\/it\/wp-json\/wp\/v2\/product"}],"about":[{"href":"https:\/\/gadgettravellers.eu\/it\/wp-json\/wp\/v2\/types\/product"}],"replies":[{"embeddable":true,"href":"https:\/\/gadgettravellers.eu\/it\/wp-json\/wp\/v2\/comments?post=5296176"}],"wp:featuredmedia":[{"embeddable":true,"href":"https:\/\/gadgettravellers.eu\/it\/wp-json\/wp\/v2\/media\/76499"}],"wp:attachment":[{"href":"https:\/\/gadgettravellers.eu\/it\/wp-json\/wp\/v2\/media?parent=5296176"}],"wp:term":[{"taxonomy":"product_brand","embeddable":true,"href":"https:\/\/gadgettravellers.eu\/it\/wp-json\/wp\/v2\/product_brand?post=5296176"},{"taxonomy":"product_cat","embeddable":true,"href":"https:\/\/gadgettravellers.eu\/it\/wp-json\/wp\/v2\/product_cat?post=5296176"},{"taxonomy":"product_tag","embeddable":true,"href":"https:\/\/gadgettravellers.eu\/it\/wp-json\/wp\/v2\/product_tag?post=5296176"}],"curies":[{"name":"wp","href":"https:\/\/api.w.org\/{rel}","templated":true}]}}