{"id":5296208,"date":"2026-01-19T11:02:30","date_gmt":"2026-01-19T09:02:30","guid":{"rendered":"https:\/\/gadgettravellers.eu\/shop\/giacca-da-lavoro-neon-riflettente-giallo-blu-4xl-hvneoyxxxxl\/"},"modified":"2026-04-11T20:12:06","modified_gmt":"2026-04-11T18:12:06","slug":"giacca-da-lavoro-neon-riflettente-giallo-blu-4xl-hvneoyxxxxl","status":"publish","type":"product","link":"https:\/\/gadgettravellers.eu\/it\/shop\/giacca-da-lavoro-neon-riflettente-giallo-blu-4xl-hvneoyxxxxl\/","title":{"rendered":"Giacca da lavoro Neon riflettente giallo-blu 4XL HVNEOYXXXXL"},"content":{"rendered":"<p><strong>Caratteristiche Tecniche<\/strong><\/p>\n<p>Codice Prodotto: HVNEOY<br \/>\nColore: Giallo-Blu<br \/>\nRiflettente: S\u00ec<br \/>\nImpermeabile: S\u00ec<br \/>\nRiscaldato: No<br \/>\nAntivento: S\u00ec<br \/>\nContro il Freddo: S\u00ec<br \/>\nPile: No<br \/>\nSoftshell: No<br \/>\nCappuccio: S\u00ec<br \/>\nComposizione: 100% Poliestere<br \/>\nAccesso Stampa Logo: S\u00ec<br \/>\nTasche: 2 interne \/ 2 esterne<br \/>\nNorme: EN ISO 20471:2013 Classe 3, EN 343+A1:2007 Classe 3:1 X (WP 15.000mm), EN 342:2017 (0,336 M\u00b2.K\/W), 2, X, EN ISO 13688:2013<br \/>\nTaglie: S-4XL<\/p>\n<p><strong>Descrizione<\/strong><\/p>\n<p>La giacca da lavoro Neon riflettente giallo-blu \u00e8 ideale per i lavoratori in ambienti che richiedono maggiore visibilit\u00e0 e protezione dalle condizioni atmosferiche. Dispone di una banda riflettente per una migliore visibilit\u00e0, mentre il materiale impermeabile e antivento garantisce protezione dall\u2019umidit\u00e0 e dal vento. Il cappuccio e le pratiche tasche offrono ulteriore funzionalit\u00e0, mentre il colore a contrasto aiuta a evitare lo sporco. La composizione della giacca in 100% poliestere la rende resistente e facile da mantenere, ed \u00e8 disponibile nelle taglie da S a 4XL per soddisfare ogni esigenza.<\/p>\n<p><strong>Caratteristiche Importanti<\/strong><\/p>\n<p>Banda Riflettente: Visibilit\u00e0 migliorata per un lavoro sicuro in condizioni di scarsa illuminazione o visibilit\u00e0 ridotta.<br \/>\nImpermeabile &#038; Antivento: Protezione dalle condizioni atmosferiche per comfort durante il lavoro.<br \/>\nCappuccio: Cappuccio integrato per ulteriore protezione da vento e pioggia.<br \/>\nComposizione in Poliestere: Durata e facilit\u00e0 di manutenzione con materiale 100% poliestere.<br \/>\nAmpia Gamma di Taglie: Disponibile nelle taglie da S a 4XL per soddisfare ogni lavoratore.<\/p>\n","protected":false},"excerpt":{"rendered":"<p>Giacca da lavoro ad alta visibilit\u00e0 con nastri riflettenti, materiale impermeabile e antivento, cappuccio e tasche pratiche. Disponibile in taglie S\u20134XL con certificazioni EN ISO 20471 Classe 3 e EN 343.<\/p>\n","protected":false},"featured_media":97971,"comment_status":"closed","ping_status":"open","template":"","meta":[],"product_brand":[],"product_cat":[],"product_tag":[15],"class_list":{"0":"post-5296208","1":"product","2":"type-product","3":"status-publish","4":"has-post-thumbnail","6":"product_tag-uncategorized","8":"first","9":"onbackorder","10":"purchasable","11":"product-type-simple"},"jetpack_sharing_enabled":true,"_links":{"self":[{"href":"https:\/\/gadgettravellers.eu\/it\/wp-json\/wp\/v2\/product\/5296208","targetHints":{"allow":["GET"]}}],"collection":[{"href":"https:\/\/gadgettravellers.eu\/it\/wp-json\/wp\/v2\/product"}],"about":[{"href":"https:\/\/gadgettravellers.eu\/it\/wp-json\/wp\/v2\/types\/product"}],"replies":[{"embeddable":true,"href":"https:\/\/gadgettravellers.eu\/it\/wp-json\/wp\/v2\/comments?post=5296208"}],"wp:featuredmedia":[{"embeddable":true,"href":"https:\/\/gadgettravellers.eu\/it\/wp-json\/wp\/v2\/media\/97971"}],"wp:attachment":[{"href":"https:\/\/gadgettravellers.eu\/it\/wp-json\/wp\/v2\/media?parent=5296208"}],"wp:term":[{"taxonomy":"product_brand","embeddable":true,"href":"https:\/\/gadgettravellers.eu\/it\/wp-json\/wp\/v2\/product_brand?post=5296208"},{"taxonomy":"product_cat","embeddable":true,"href":"https:\/\/gadgettravellers.eu\/it\/wp-json\/wp\/v2\/product_cat?post=5296208"},{"taxonomy":"product_tag","embeddable":true,"href":"https:\/\/gadgettravellers.eu\/it\/wp-json\/wp\/v2\/product_tag?post=5296208"}],"curies":[{"name":"wp","href":"https:\/\/api.w.org\/{rel}","templated":true}]}}