{"id":5296253,"date":"2026-01-19T11:02:53","date_gmt":"2026-01-19T09:02:53","guid":{"rendered":"https:\/\/gadgettravellers.eu\/shop\/raider-caricabatterie-e-manutentore-6-12v-rd-bc13-032202\/"},"modified":"2026-04-08T20:21:30","modified_gmt":"2026-04-08T18:21:30","slug":"raider-caricabatterie-e-manutentore-6-12v-rd-bc13-032202","status":"publish","type":"product","link":"https:\/\/gadgettravellers.eu\/it\/shop\/raider-caricabatterie-e-manutentore-6-12v-rd-bc13-032202\/","title":{"rendered":"RAIDER Caricabatterie e Manutentore 6\/12V RD-BC13 032202"},"content":{"rendered":"<p><strong>Caratteristiche Tecniche:<\/strong><\/p>\n<p>Batterie Compatibili: Piombo Acido, WET MF, GEL, AGM, Ca<br \/>\nTensione: 6|12V<br \/>\nPotenza: 100W<br \/>\nCorrente di Uscita: 4A<br \/>\nCapacit\u00e0: 0|120Ah<br \/>\nTensione Nominale: 230V<br \/>\nTipo di Alimentazione: Con Cavo<br \/>\nLunghezza Cavo: 1,6m<br \/>\nInclude: Cavi Caricabatterie con Clip Isolati<\/p>\n<p>Tipo: Caricabatterie &#038; Mantenitore<br \/>\nPortatile: No<\/p>\n<p><strong>Descrizione:<\/strong><\/p>\n<p>Il caricabatterie e mantenitore RAIDER RD-BC13 \u00e8 la soluzione ideale per la ricarica sicura ed efficiente di batterie di veicoli con tensione di 6V o 12V. Con una potenza in ingresso di 100W e la capacit\u00e0 di caricare batterie fino a 120Ah, soddisfa pienamente le esigenze di privati e professionisti. \u00c8 adatto a vari tipi di batterie, come GEL, AGM e WET, offrendo flessibilit\u00e0 e affidabilit\u00e0.<\/p>\n<p><strong>Caratteristiche Importanti:<\/strong><\/p>\n<p>Otto programmi di carica integrati per adattarsi alle esigenze di ogni batteria.<br \/>\nSpegnimento automatico al completamento della carica, proteggendo la batteria.<br \/>\nProtezione da sovraccarico, polarit\u00e0 inversa e cortocircuito per la massima sicurezza.<br \/>\nIndicatore di livello di carica per un&#8217;informazione immediata all&#8217;utente.<br \/>\nAdatto per la manutenzione e la ricarica di batterie di automobili, motociclette e altri veicoli.<\/p>\n","protected":false},"excerpt":{"rendered":"<p>Caricabatterie e mantenitore di batteria 6V\/12V con potenza 100W e 4A, adatto per batterie GEL, AGM e WET fino a 120Ah. Dispone di 8 programmi, protezioni e spegnimento automatico.<\/p>\n","protected":false},"featured_media":4988095,"comment_status":"closed","ping_status":"open","template":"","meta":[],"product_brand":[],"product_cat":[],"product_tag":[15],"class_list":{"0":"post-5296253","1":"product","2":"type-product","3":"status-publish","4":"has-post-thumbnail","6":"product_tag-uncategorized","8":"first","9":"onbackorder","10":"purchasable","11":"product-type-simple"},"jetpack_sharing_enabled":true,"_links":{"self":[{"href":"https:\/\/gadgettravellers.eu\/it\/wp-json\/wp\/v2\/product\/5296253","targetHints":{"allow":["GET"]}}],"collection":[{"href":"https:\/\/gadgettravellers.eu\/it\/wp-json\/wp\/v2\/product"}],"about":[{"href":"https:\/\/gadgettravellers.eu\/it\/wp-json\/wp\/v2\/types\/product"}],"replies":[{"embeddable":true,"href":"https:\/\/gadgettravellers.eu\/it\/wp-json\/wp\/v2\/comments?post=5296253"}],"wp:featuredmedia":[{"embeddable":true,"href":"https:\/\/gadgettravellers.eu\/it\/wp-json\/wp\/v2\/media\/4988095"}],"wp:attachment":[{"href":"https:\/\/gadgettravellers.eu\/it\/wp-json\/wp\/v2\/media?parent=5296253"}],"wp:term":[{"taxonomy":"product_brand","embeddable":true,"href":"https:\/\/gadgettravellers.eu\/it\/wp-json\/wp\/v2\/product_brand?post=5296253"},{"taxonomy":"product_cat","embeddable":true,"href":"https:\/\/gadgettravellers.eu\/it\/wp-json\/wp\/v2\/product_cat?post=5296253"},{"taxonomy":"product_tag","embeddable":true,"href":"https:\/\/gadgettravellers.eu\/it\/wp-json\/wp\/v2\/product_tag?post=5296253"}],"curies":[{"name":"wp","href":"https:\/\/api.w.org\/{rel}","templated":true}]}}