{"id":5296380,"date":"2026-01-19T11:03:57","date_gmt":"2026-01-19T09:03:57","guid":{"rendered":"https:\/\/gadgettravellers.eu\/shop\/tracer-rilevatore-magnetico-per-montanti-in-cartongesso-a-3-punti-con-livella-amsf1\/"},"modified":"2026-04-08T20:22:27","modified_gmt":"2026-04-08T18:22:27","slug":"tracer-rilevatore-magnetico-per-montanti-in-cartongesso-a-3-punti-con-livella-amsf1","status":"publish","type":"product","link":"https:\/\/gadgettravellers.eu\/it\/shop\/tracer-rilevatore-magnetico-per-montanti-in-cartongesso-a-3-punti-con-livella-amsf1\/","title":{"rendered":"TRACER Rilevatore magnetico per montanti in cartongesso a 3 punti con livella AMSF1"},"content":{"rendered":"<p><strong>Caratteristiche Tecniche:<\/strong><\/p>\n<p>Numero di punti di rilevamento: 3<br \/>\nLivella incorporata: Rotante<br \/>\nCompatibilit\u00e0: con matita TRACER con profondit\u00e0 fori 2,8 mm.<br \/>\nMagneti: Rimovibili<\/p>\n<p><strong>Descrizione:<\/strong><\/p>\n<p>Il rilevatore magnetico TRACER per montanti in cartongesso AMSF1 \u00e8 uno strumento multifunzionale progettato per l&#8217;individuazione e la marcatura precisa di fino a tre punti metallici su montanti in cartongesso. Dispone di magneti rimovibili che facilitano un uso semplice e rapido, mentre la livella rotante incorporata garantisce un perfetto allineamento dei punti di marcatura. \u00c8 compatibile con la matita TRACER, con la possibilit\u00e0 di creare fori di profondit\u00e0 fino a 2,8 mm, offrendo precisione e affidabilit\u00e0 nel lavoro.<\/p>\n<p><strong>Caratteristiche Importanti:<\/strong><\/p>\n<p>Multifunzione per il rilevamento simultaneo di fino a 3 punti metallici.<br \/>\nMagneti rimovibili per facilit\u00e0 d&#8217;uso.<br \/>\nLivella rotante incorporata per un allineamento preciso.<br \/>\nCompatibilit\u00e0 con matita TRACER e fori di profondit\u00e0 2,8 mm.<\/p>\n","protected":false},"excerpt":{"rendered":"<p>Rilevatore magnetico per montanti in cartongesso a 3 punti con livella rotante e magneti rimovibili. Compatibile con matita per fori di profondit\u00e0 2,8 mm \u2014 marcatura rapida e precisa.<\/p>\n","protected":false},"featured_media":5067416,"comment_status":"closed","ping_status":"open","template":"","meta":[],"product_brand":[],"product_cat":[],"product_tag":[15],"class_list":{"0":"post-5296380","1":"product","2":"type-product","3":"status-publish","4":"has-post-thumbnail","6":"product_tag-uncategorized","8":"first","9":"onbackorder","10":"purchasable","11":"product-type-simple"},"jetpack_sharing_enabled":true,"_links":{"self":[{"href":"https:\/\/gadgettravellers.eu\/it\/wp-json\/wp\/v2\/product\/5296380","targetHints":{"allow":["GET"]}}],"collection":[{"href":"https:\/\/gadgettravellers.eu\/it\/wp-json\/wp\/v2\/product"}],"about":[{"href":"https:\/\/gadgettravellers.eu\/it\/wp-json\/wp\/v2\/types\/product"}],"replies":[{"embeddable":true,"href":"https:\/\/gadgettravellers.eu\/it\/wp-json\/wp\/v2\/comments?post=5296380"}],"wp:featuredmedia":[{"embeddable":true,"href":"https:\/\/gadgettravellers.eu\/it\/wp-json\/wp\/v2\/media\/5067416"}],"wp:attachment":[{"href":"https:\/\/gadgettravellers.eu\/it\/wp-json\/wp\/v2\/media?parent=5296380"}],"wp:term":[{"taxonomy":"product_brand","embeddable":true,"href":"https:\/\/gadgettravellers.eu\/it\/wp-json\/wp\/v2\/product_brand?post=5296380"},{"taxonomy":"product_cat","embeddable":true,"href":"https:\/\/gadgettravellers.eu\/it\/wp-json\/wp\/v2\/product_cat?post=5296380"},{"taxonomy":"product_tag","embeddable":true,"href":"https:\/\/gadgettravellers.eu\/it\/wp-json\/wp\/v2\/product_tag?post=5296380"}],"curies":[{"name":"wp","href":"https:\/\/api.w.org\/{rel}","templated":true}]}}