{"id":5296524,"date":"2026-01-19T11:05:10","date_gmt":"2026-01-19T09:05:10","guid":{"rendered":"https:\/\/gadgettravellers.eu\/shop\/cat-stivaletto-da-lavoro-munising-no41-s3-hro-sra-grigio-p720161\/"},"modified":"2026-04-09T20:18:03","modified_gmt":"2026-04-09T18:18:03","slug":"cat-stivaletto-da-lavoro-munising-no41-s3-hro-sra-grigio-p720161","status":"publish","type":"product","link":"https:\/\/gadgettravellers.eu\/it\/shop\/cat-stivaletto-da-lavoro-munising-no41-s3-hro-sra-grigio-p720161\/","title":{"rendered":"CAT Stivaletto da lavoro Munising No41 S3 HRO SRA grigio P720161"},"content":{"rendered":"<p><strong>Caratteristiche Tecniche:<\/strong><\/p>\n<p>Codice Prodotto: P720161<br \/>\nColore: Grigio<br \/>\nStile: Casual<br \/>\nChiusura: Con lacci<br \/>\nMateriale: Pelle<br \/>\nImpermeabile: S\u00ec (WP)<br \/>\nAnatomico: S\u00ec<br \/>\nSpecifiche di sicurezza: Punta composita (CT), Protezione antistatica (E), Resistenza agli idrocarburi (FO), Impermeabile (WP), Resistenza a superfici calde (HRO), Resistenza alla perforazione (PR), Suola antiscivolo su superfici ceramiche con detergente (SRA)<br \/>\nCertificazione: EN ISO 20345:2011<br \/>\nCategoria di Protezione: S3 HRO WR SRA<br \/>\nProtezione Dita: CT<br \/>\nSuola Antiperforazione: PR-Puncture Resistant<br \/>\nResistenza al Calore: HRO<br \/>\nPrestazione Antiscivolo: SRA<br \/>\nAssorbimento degli Urti: S\u00ec, con inserto in PU<br \/>\nSoletta Interna: Rimovibile<br \/>\nSuola Esterna: Gomma T1220<br \/>\nPeso della scarpa (taglia pi\u00f9 piccola): 716g<\/p>\n<p><strong>Descrizione:<\/strong><\/p>\n<p>Lo stivaletto CAT Munising WP CT S3 HRO SRA P720161 \u00e8 una scelta eccellente per i professionisti che operano in ambienti di lavoro impegnativi come l\u2019industria, l\u2019edilizia, l\u2019agricoltura e la logistica. Realizzato in pelle nubuck che respinge sporco e umidit\u00e0, con interno in rete di nylon traspirante e fodera antibatterica, garantisce igiene e comfort ad ogni utilizzo. La EASE, la speciale intersuola in schiuma, offre un\u2019ulteriore assorbimento degli urti e comfort.<\/p>\n<p><strong>Caratteristiche Importanti:<\/strong><\/p>\n<p>Protezione certificata S3 HRO WR SRA con puntale composito, suola antiperforazione e resistenza a superfici calde.<br \/>\nSistema di protezione multipla che rinforza dita, tallone, caviglia e tendine d\u2019Achille.<br \/>\nSuola esterna antiscivolo in gomma e poliuretano per stabilit\u00e0 su tutte le superfici. La suola esterna in gomma T1220 \u00e8 resistente a olio e acqua ed \u00e8 resistente all\u2019abrasione, alle perforazioni e al calore.<br \/>\nSoletta interna rimovibile, traspirante, con design ergonomico e effetto ammortizzante.<br \/>\nAdatto per lavori in condizioni di alta umidit\u00e0 e uso impegnativo con resistenza, comfort e affidabilit\u00e0 per tutta la giornata.<\/p>\n","protected":false},"excerpt":{"rendered":"<p>Stivaletto da lavoro S3 HRO WR SRA con puntale composito e suola antiperforazione, costruzione in nubuck impermeabile e soletta interna anatomica removibile per comfort e sicurezza tutto il giorno.<\/p>\n","protected":false},"featured_media":5188653,"comment_status":"closed","ping_status":"open","template":"","meta":[],"product_brand":[],"product_cat":[],"product_tag":[15],"class_list":{"0":"post-5296524","1":"product","2":"type-product","3":"status-publish","4":"has-post-thumbnail","6":"product_tag-uncategorized","8":"first","9":"onbackorder","10":"purchasable","11":"product-type-simple"},"jetpack_sharing_enabled":true,"_links":{"self":[{"href":"https:\/\/gadgettravellers.eu\/it\/wp-json\/wp\/v2\/product\/5296524","targetHints":{"allow":["GET"]}}],"collection":[{"href":"https:\/\/gadgettravellers.eu\/it\/wp-json\/wp\/v2\/product"}],"about":[{"href":"https:\/\/gadgettravellers.eu\/it\/wp-json\/wp\/v2\/types\/product"}],"replies":[{"embeddable":true,"href":"https:\/\/gadgettravellers.eu\/it\/wp-json\/wp\/v2\/comments?post=5296524"}],"wp:featuredmedia":[{"embeddable":true,"href":"https:\/\/gadgettravellers.eu\/it\/wp-json\/wp\/v2\/media\/5188653"}],"wp:attachment":[{"href":"https:\/\/gadgettravellers.eu\/it\/wp-json\/wp\/v2\/media?parent=5296524"}],"wp:term":[{"taxonomy":"product_brand","embeddable":true,"href":"https:\/\/gadgettravellers.eu\/it\/wp-json\/wp\/v2\/product_brand?post=5296524"},{"taxonomy":"product_cat","embeddable":true,"href":"https:\/\/gadgettravellers.eu\/it\/wp-json\/wp\/v2\/product_cat?post=5296524"},{"taxonomy":"product_tag","embeddable":true,"href":"https:\/\/gadgettravellers.eu\/it\/wp-json\/wp\/v2\/product_tag?post=5296524"}],"curies":[{"name":"wp","href":"https:\/\/api.w.org\/{rel}","templated":true}]}}