{"id":5296682,"date":"2026-01-19T11:06:39","date_gmt":"2026-01-19T09:06:39","guid":{"rendered":"https:\/\/gadgettravellers.eu\/shop\/tracer-evidenziatore-per-gesso-trueshot-acsmk1\/"},"modified":"2026-04-11T20:15:02","modified_gmt":"2026-04-11T18:15:02","slug":"tracer-evidenziatore-per-gesso-trueshot-acsmk1","status":"publish","type":"product","link":"https:\/\/gadgettravellers.eu\/it\/shop\/tracer-evidenziatore-per-gesso-trueshot-acsmk1\/","title":{"rendered":"TRACER Evidenziatore per gesso TrueShot &#8211; ACSMK1"},"content":{"rendered":"<p><strong>Caratteristiche Tecniche:<\/strong><\/p>\n<p>Tipo: Pennarello<br \/>\nFunzione spray: S\u00ec<br \/>\nPortata di marcatura: 0-100mm<br \/>\nContenitore sostituibile<br \/>\nClip da tasca integrata e foro per cordino<br \/>\nBlocco per evitare errori<br \/>\nContenitore chiuso e protetto<br \/>\nFunzionamento lontano da foro o superficie<br \/>\nSmontaggio e riciclo facili<\/p>\n<p><strong>Descrizione:<\/strong><\/p>\n<p>Il pennarello TRACER ACSMK1 offre una marcatura senza sforzo con una mano sola, ideale per professionisti che necessitano precisione in spazi ristretti o difficili da raggiungere. Con una portata di marcatura da 0 a 100 mm, lascia segni verdi intensi e luminosi su superfici chiare, scure o irregolari. Il corpo robusto e chiuso protegge il contenitore, che pu\u00f2 essere facilmente sostituito una volta vuoto, garantendo una maggiore durata e riducendo gli sprechi. Il suo utilizzo \u00e8 semplice e immediato, mentre il design ne migliora la sostenibilit\u00e0 e l\u2019economia, rendendo TRUESHOT la scelta intelligente per ogni ambiente di lavoro.<\/p>\n<p><strong>Caratteristiche Importanti:<\/strong><\/p>\n<p>Facile utilizzo con una mano in punti difficili per maggiore flessibilit\u00e0 durante la marcatura.<br \/>\nAlta visibilit\u00e0 grazie al gesso verde brillante su tutte le superfici.<br \/>\nFunziona in modo affidabile anche su superfici irregolari o ruvide.<br \/>\nContenitori sostituibili e riciclabili per una maggiore durata e riduzione degli sprechi.<br \/>\nBlocco e pulsante a tre stadi per un uso sicuro ed efficace.<br \/>\nClip da tasca integrata e foro per cordino per un facile trasporto e accesso.<\/p>\n","protected":false},"excerpt":{"rendered":"<p>Pennarello per marcatura a spruzzo per segni verde intenso su ogni superficie. Contenitore sostituibile, blocco di sicurezza, clip da tasca e funzionamento con una mano.<\/p>\n","protected":false},"featured_media":5205716,"comment_status":"closed","ping_status":"open","template":"","meta":[],"product_brand":[],"product_cat":[],"product_tag":[15],"class_list":{"0":"post-5296682","1":"product","2":"type-product","3":"status-publish","4":"has-post-thumbnail","6":"product_tag-uncategorized","8":"first","9":"onbackorder","10":"purchasable","11":"product-type-simple"},"jetpack_sharing_enabled":true,"_links":{"self":[{"href":"https:\/\/gadgettravellers.eu\/it\/wp-json\/wp\/v2\/product\/5296682","targetHints":{"allow":["GET"]}}],"collection":[{"href":"https:\/\/gadgettravellers.eu\/it\/wp-json\/wp\/v2\/product"}],"about":[{"href":"https:\/\/gadgettravellers.eu\/it\/wp-json\/wp\/v2\/types\/product"}],"replies":[{"embeddable":true,"href":"https:\/\/gadgettravellers.eu\/it\/wp-json\/wp\/v2\/comments?post=5296682"}],"wp:featuredmedia":[{"embeddable":true,"href":"https:\/\/gadgettravellers.eu\/it\/wp-json\/wp\/v2\/media\/5205716"}],"wp:attachment":[{"href":"https:\/\/gadgettravellers.eu\/it\/wp-json\/wp\/v2\/media?parent=5296682"}],"wp:term":[{"taxonomy":"product_brand","embeddable":true,"href":"https:\/\/gadgettravellers.eu\/it\/wp-json\/wp\/v2\/product_brand?post=5296682"},{"taxonomy":"product_cat","embeddable":true,"href":"https:\/\/gadgettravellers.eu\/it\/wp-json\/wp\/v2\/product_cat?post=5296682"},{"taxonomy":"product_tag","embeddable":true,"href":"https:\/\/gadgettravellers.eu\/it\/wp-json\/wp\/v2\/product_tag?post=5296682"}],"curies":[{"name":"wp","href":"https:\/\/api.w.org\/{rel}","templated":true}]}}