{"id":5296778,"date":"2026-01-19T11:07:35","date_gmt":"2026-01-19T09:07:35","guid":{"rendered":"https:\/\/gadgettravellers.eu\/shop\/proiettore-led-200w-ip66-6500k-012007\/"},"modified":"2026-04-13T00:33:57","modified_gmt":"2026-04-12T22:33:57","slug":"proiettore-led-200w-ip66-6500k-012007","status":"publish","type":"product","link":"https:\/\/gadgettravellers.eu\/it\/shop\/proiettore-led-200w-ip66-6500k-012007\/","title":{"rendered":"Proiettore LED &#8211; 200W &#8211; IP66 &#8211; 6500K &#8211; 012007"},"content":{"rendered":"<table id=\"dnn_ctr380_ProductPage_BulletListGrid\" cellspacing=\"0\">\n<tbody>\n<tr>\n<td>\n<div class=\"row\"><label id=\"dnn_ctr380_ProductPage_BulletListGrid_lblListItemType_0\" class=\"col-xs-4 col-md-3\" for=\"dnn_ctr380_ProductPage_BulletListGrid_lblListItemText_0\">Watt <\/label><span id=\"dnn_ctr380_ProductPage_BulletListGrid_lblListItemText_0\">200W<\/span><\/div>\n<\/td>\n<\/tr>\n<tr>\n<td>\n<div class=\"row\"><label id=\"dnn_ctr380_ProductPage_BulletListGrid_lblListItemType_1\" class=\"col-xs-4 col-md-3\" for=\"dnn_ctr380_ProductPage_BulletListGrid_lblListItemText_1\">Kelvin <\/label><span id=\"dnn_ctr380_ProductPage_BulletListGrid_lblListItemText_1\">6500 Day Light<\/span><\/div>\n<\/td>\n<\/tr>\n<tr>\n<td>\n<div class=\"row\"><label id=\"dnn_ctr380_ProductPage_BulletListGrid_lblListItemType_2\" class=\"col-xs-4 col-md-3\" for=\"dnn_ctr380_ProductPage_BulletListGrid_lblListItemText_2\">Lumen <\/label>13500<\/div>\n<\/td>\n<\/tr>\n<tr>\n<td>\n<div class=\"row\"><label id=\"dnn_ctr380_ProductPage_BulletListGrid_lblListItemType_3\" class=\"col-xs-4 col-md-3\" for=\"dnn_ctr380_ProductPage_BulletListGrid_lblListItemText_3\">Fascio &#8211; Beam<\/label><span id=\"dnn_ctr380_ProductPage_BulletListGrid_lblListItemText_3\">140\u00ba<\/span><\/div>\n<\/td>\n<\/tr>\n<tr>\n<td>\n<div class=\"row\"><label id=\"dnn_ctr380_ProductPage_BulletListGrid_lblListItemType_4\" class=\"col-xs-4 col-md-3\" for=\"dnn_ctr380_ProductPage_BulletListGrid_lblListItemText_4\">IP &#8211; Tenuta all&#8217;acqua<\/label><span id=\"dnn_ctr380_ProductPage_BulletListGrid_lblListItemText_4\">66<\/span><\/div>\n<\/td>\n<\/tr>\n<tr>\n<td>\n<div class=\"row\"><label id=\"dnn_ctr380_ProductPage_BulletListGrid_lblListItemType_5\" class=\"col-xs-4 col-md-3\" for=\"dnn_ctr380_ProductPage_BulletListGrid_lblListItemText_5\">Tipo di Led<\/label><span id=\"dnn_ctr380_ProductPage_BulletListGrid_lblListItemText_5\">SMD<\/span><\/div>\n<\/td>\n<\/tr>\n<tr>\n<td>\n<div class=\"row\"><label id=\"dnn_ctr380_ProductPage_BulletListGrid_lblListItemType_6\" class=\"col-xs-4 col-md-3\" for=\"dnn_ctr380_ProductPage_BulletListGrid_lblListItemText_6\">Materiale &#8211; Material<\/label><span id=\"dnn_ctr380_ProductPage_BulletListGrid_lblListItemText_6\">Alluminio &#8211; Aluminium<\/span><\/div>\n<\/td>\n<\/tr>\n<tr>\n<td>\n<div class=\"row\"><label id=\"dnn_ctr380_ProductPage_BulletListGrid_lblListItemType_7\" class=\"col-xs-4 col-md-3\" for=\"dnn_ctr380_ProductPage_BulletListGrid_lblListItemText_7\">Colore &#8211; Color<\/label><span id=\"dnn_ctr380_ProductPage_BulletListGrid_lblListItemText_7\">Nero &#8211; Black<\/span><\/div>\n<\/td>\n<\/tr>\n<tr>\n<td>\n<div class=\"row\"><label id=\"dnn_ctr380_ProductPage_BulletListGrid_lblListItemType_8\" class=\"col-xs-4 col-md-3\" for=\"dnn_ctr380_ProductPage_BulletListGrid_lblListItemText_8\">Tensione <\/label><span id=\"dnn_ctr380_ProductPage_BulletListGrid_lblListItemText_8\">85V-265V<\/span> Dimensioni: h:366mm x L:284mm x P:105mm<\/div>\n<\/td>\n<\/tr>\n<p>[[PUA<\/p>\n<div class='aiseo-faq-section' style='margin-top:30px; border-top:1px solid #eee; padding-top:20px;'>\n<h3>Domande Frequenti<\/h3>\n<details style='margin-bottom:10px; padding:10px; background:#f9f9f9; border-radius:5px;'>\n<summary style='font-weight:bold; cursor:pointer;'>Qual \u00e8 la potenza del proiettore?<\/summary>\n<div style='margin-top:10px; color:#555;'>La potenza \u00e8 200W.<\/div>\n<\/details>\n<details style='margin-bottom:10px; padding:10px; background:#f9f9f9; border-radius:5px;'>\n<summary style='font-weight:bold; cursor:pointer;'>Qual \u00e8 la luminosit\u00e0 e qual \u00e8 la temperatura del colore?<\/summary>\n<div style='margin-top:10px; color:#555;'>13.500 lm con temperatura 6500K (luce diurna).<\/div>\n<\/details>\n<details style='margin-bottom:10px; padding:10px; background:#f9f9f9; border-radius:5px;'>\n<summary style='font-weight:bold; cursor:pointer;'>Qual \u00e8 il livello di impermeabilit\u00e0?<\/summary>\n<div style='margin-top:10px; color:#555;'>Indice IP66, adatto per uso esterno e protezione da acqua\/polvere.<\/div>\n<\/details>\n<details style='margin-bottom:10px; padding:10px; background:#f9f9f9; border-radius:5px;'>\n<summary style='font-weight:bold; cursor:pointer;'>Quali sono le dimensioni e la tensione richiesta?<\/summary>\n<div style='margin-top:10px; color:#555;'>Dimensioni h:366 x L:284 x P:105 mm, tensione di funzionamento 85V\u2013265V.<\/div>\n<\/details>\n<\/div>\n","protected":false},"excerpt":{"rendered":"<p>Faro LED 200W, 13.500 lm e temperatura 6500K (luce diurna). Impermeabile IP66 con fascio ampio di 140\u00b0 e corpo in alluminio \u2014 ideale per illuminazione esterna.<\/p>\n","protected":false},"featured_media":5070818,"comment_status":"closed","ping_status":"open","template":"","meta":[],"product_brand":[],"product_cat":[],"product_tag":[15],"class_list":{"0":"post-5296778","1":"product","2":"type-product","3":"status-publish","4":"has-post-thumbnail","6":"product_tag-uncategorized","8":"first","9":"onbackorder","10":"purchasable","11":"product-type-simple"},"jetpack_sharing_enabled":true,"_links":{"self":[{"href":"https:\/\/gadgettravellers.eu\/it\/wp-json\/wp\/v2\/product\/5296778","targetHints":{"allow":["GET"]}}],"collection":[{"href":"https:\/\/gadgettravellers.eu\/it\/wp-json\/wp\/v2\/product"}],"about":[{"href":"https:\/\/gadgettravellers.eu\/it\/wp-json\/wp\/v2\/types\/product"}],"replies":[{"embeddable":true,"href":"https:\/\/gadgettravellers.eu\/it\/wp-json\/wp\/v2\/comments?post=5296778"}],"wp:featuredmedia":[{"embeddable":true,"href":"https:\/\/gadgettravellers.eu\/it\/wp-json\/wp\/v2\/media\/5070818"}],"wp:attachment":[{"href":"https:\/\/gadgettravellers.eu\/it\/wp-json\/wp\/v2\/media?parent=5296778"}],"wp:term":[{"taxonomy":"product_brand","embeddable":true,"href":"https:\/\/gadgettravellers.eu\/it\/wp-json\/wp\/v2\/product_brand?post=5296778"},{"taxonomy":"product_cat","embeddable":true,"href":"https:\/\/gadgettravellers.eu\/it\/wp-json\/wp\/v2\/product_cat?post=5296778"},{"taxonomy":"product_tag","embeddable":true,"href":"https:\/\/gadgettravellers.eu\/it\/wp-json\/wp\/v2\/product_tag?post=5296778"}],"curies":[{"name":"wp","href":"https:\/\/api.w.org\/{rel}","templated":true}]}}