{"id":5297010,"date":"2026-01-19T11:09:59","date_gmt":"2026-01-19T09:09:59","guid":{"rendered":"https:\/\/gadgettravellers.eu\/shop\/guide-per-canna-da-pesca-2-7-830192\/"},"modified":"2026-04-14T00:37:34","modified_gmt":"2026-04-13T22:37:34","slug":"guide-per-canna-da-pesca-2-7-830192","status":"publish","type":"product","link":"https:\/\/gadgettravellers.eu\/it\/shop\/guide-per-canna-da-pesca-2-7-830192\/","title":{"rendered":"Guide per canna da pesca &#8211; 2.7 &#8211; 830192"},"content":{"rendered":"<div class=\"prod-descr\">Anelli rivoluzionari, robusti e resistenti, ideali per il filo, con notevoli vantaggi. Aiutano nella trasmissione fluida del movimento del filo dal mulinello attraverso le guide della canna e controllano efficacemente il filo dalla prima guida, eliminando le torsioni. Il comportamento della canna migliora significativamente, aumenta l&#8217;equilibrio e si ottengono lanci pi\u00f9 precisi e pi\u00f9 lunghi. Sono leggere, il che riduce il peso complessivo delle guide, la pesca diventa pi\u00f9 confortevole, si amplia la gamma di artificiali che possono essere utilizzati su una canna e si minimizza il rischio di grovigli. Dispongono di un materiale migliorato che le rende pi\u00f9 leggere ma anche pi\u00f9 resistenti. Il set include guide di diverse dimensioni<strong>.<\/strong> Prodotto originale Tradesor!<\/div>\n","protected":false},"excerpt":{"rendered":"<p>Anelli leggeri e resistenti per canne, migliorano il passaggio del filo, riducono gli intrecci e aumentano la precisione e la distanza dei lanci. Set con guide di diverse dimensioni.<\/p>\n","protected":false},"featured_media":5072264,"comment_status":"closed","ping_status":"open","template":"","meta":[],"product_brand":[],"product_cat":[],"product_tag":[15],"class_list":{"0":"post-5297010","1":"product","2":"type-product","3":"status-publish","4":"has-post-thumbnail","6":"product_tag-uncategorized","8":"first","9":"onbackorder","10":"purchasable","11":"product-type-simple"},"jetpack_sharing_enabled":true,"_links":{"self":[{"href":"https:\/\/gadgettravellers.eu\/it\/wp-json\/wp\/v2\/product\/5297010","targetHints":{"allow":["GET"]}}],"collection":[{"href":"https:\/\/gadgettravellers.eu\/it\/wp-json\/wp\/v2\/product"}],"about":[{"href":"https:\/\/gadgettravellers.eu\/it\/wp-json\/wp\/v2\/types\/product"}],"replies":[{"embeddable":true,"href":"https:\/\/gadgettravellers.eu\/it\/wp-json\/wp\/v2\/comments?post=5297010"}],"wp:featuredmedia":[{"embeddable":true,"href":"https:\/\/gadgettravellers.eu\/it\/wp-json\/wp\/v2\/media\/5072264"}],"wp:attachment":[{"href":"https:\/\/gadgettravellers.eu\/it\/wp-json\/wp\/v2\/media?parent=5297010"}],"wp:term":[{"taxonomy":"product_brand","embeddable":true,"href":"https:\/\/gadgettravellers.eu\/it\/wp-json\/wp\/v2\/product_brand?post=5297010"},{"taxonomy":"product_cat","embeddable":true,"href":"https:\/\/gadgettravellers.eu\/it\/wp-json\/wp\/v2\/product_cat?post=5297010"},{"taxonomy":"product_tag","embeddable":true,"href":"https:\/\/gadgettravellers.eu\/it\/wp-json\/wp\/v2\/product_tag?post=5297010"}],"curies":[{"name":"wp","href":"https:\/\/api.w.org\/{rel}","templated":true}]}}