{"id":5297011,"date":"2026-01-19T11:10:00","date_gmt":"2026-01-19T09:10:00","guid":{"rendered":"https:\/\/gadgettravellers.eu\/shop\/canna-da-pesca-3-6m-sands360-30053\/"},"modified":"2026-04-14T02:00:21","modified_gmt":"2026-04-14T00:00:21","slug":"canna-da-pesca-3-6m-sands360-30053","status":"publish","type":"product","link":"https:\/\/gadgettravellers.eu\/it\/shop\/canna-da-pesca-3-6m-sands360-30053\/","title":{"rendered":"Canna da pesca &#8211; 3.6m &#8211; SANDS360 &#8211; 30053"},"content":{"rendered":"<p>Canna da pesca per Casting, in tre pezzi, 3.6m, di alta qualit\u00e0 e resistenza, in fibre rinforzate.<\/p>\n<p>Lunghezza: 1.26m<\/p>\n<p>Azione: 100-250g<\/p>\n<p>Peso della canna: 620g<\/p>\n<div class='aiseo-faq-section' style='margin-top:30px; border-top:1px solid #eee; padding-top:20px;'>\n<h3>Domande Frequenti<\/h3>\n<details style='margin-bottom:10px; padding:10px; background:#f9f9f9; border-radius:5px;'>\n<summary style='font-weight:bold; cursor:pointer;'>Qual \u00e8 la lunghezza totale della canna?<\/summary>\n<div style='margin-top:10px; color:#555;'>La lunghezza totale \u00e8 di 3,6 metri.<\/div>\n<\/details>\n<details style='margin-bottom:10px; padding:10px; background:#f9f9f9; border-radius:5px;'>\n<summary style='font-weight:bold; cursor:pointer;'>Qual \u00e8 la lunghezza quando \u00e8 compresso?<\/summary>\n<div style='margin-top:10px; color:#555;'>La lunghezza in stato compresso \u00e8 di 1,26 metri.<\/div>\n<\/details>\n<details style='margin-bottom:10px; padding:10px; background:#f9f9f9; border-radius:5px;'>\n<summary style='font-weight:bold; cursor:pointer;'>Qual \u00e8 l&#8217;azione della canna da pesca?<\/summary>\n<div style='margin-top:10px; color:#555;'>L&#8217;action \u00e8 100\u2013250 g, adatto per esche pesanti e lancio impegnativo.<\/div>\n<\/details>\n<details style='margin-bottom:10px; padding:10px; background:#f9f9f9; border-radius:5px;'>\n<summary style='font-weight:bold; cursor:pointer;'>Di che materiale \u00e8 fatto il fusto?<\/summary>\n<div style='margin-top:10px; color:#555;'>\u00c8 realizzato con fibre rinforzate per un&#8217;alta resistenza.<\/div>\n<\/details>\n<details style='margin-bottom:10px; padding:10px; background:#f9f9f9; border-radius:5px;'>\n<summary style='font-weight:bold; cursor:pointer;'>La canna \u00e8 adatta per la portabilit\u00e0 e la pesca impegnativa?<\/summary>\n<div style='margin-top:10px; color:#555;'>S\u00ec, \u00e8 tripartito e pieghevole per un facile trasporto ed \u00e8 progettato per condizioni di pesca impegnative.<\/div>\n<\/details>\n<\/div>\n","protected":false},"excerpt":{"rendered":"<p>Canna da pesca casting a tre sezioni 3,6 m (ripiegata 1,26 m) con azione 100\u2013250 g e peso 620 g. Realizzata con fibre rinforzate per resistenza e affidabilit\u00e0 in condizioni impegnative.<\/p>\n","protected":false},"featured_media":5072268,"comment_status":"closed","ping_status":"open","template":"","meta":[],"product_brand":[],"product_cat":[],"product_tag":[15],"class_list":{"0":"post-5297011","1":"product","2":"type-product","3":"status-publish","4":"has-post-thumbnail","6":"product_tag-uncategorized","8":"first","9":"onbackorder","10":"purchasable","11":"product-type-simple"},"jetpack_sharing_enabled":true,"_links":{"self":[{"href":"https:\/\/gadgettravellers.eu\/it\/wp-json\/wp\/v2\/product\/5297011","targetHints":{"allow":["GET"]}}],"collection":[{"href":"https:\/\/gadgettravellers.eu\/it\/wp-json\/wp\/v2\/product"}],"about":[{"href":"https:\/\/gadgettravellers.eu\/it\/wp-json\/wp\/v2\/types\/product"}],"replies":[{"embeddable":true,"href":"https:\/\/gadgettravellers.eu\/it\/wp-json\/wp\/v2\/comments?post=5297011"}],"wp:featuredmedia":[{"embeddable":true,"href":"https:\/\/gadgettravellers.eu\/it\/wp-json\/wp\/v2\/media\/5072268"}],"wp:attachment":[{"href":"https:\/\/gadgettravellers.eu\/it\/wp-json\/wp\/v2\/media?parent=5297011"}],"wp:term":[{"taxonomy":"product_brand","embeddable":true,"href":"https:\/\/gadgettravellers.eu\/it\/wp-json\/wp\/v2\/product_brand?post=5297011"},{"taxonomy":"product_cat","embeddable":true,"href":"https:\/\/gadgettravellers.eu\/it\/wp-json\/wp\/v2\/product_cat?post=5297011"},{"taxonomy":"product_tag","embeddable":true,"href":"https:\/\/gadgettravellers.eu\/it\/wp-json\/wp\/v2\/product_tag?post=5297011"}],"curies":[{"name":"wp","href":"https:\/\/api.w.org\/{rel}","templated":true}]}}