{"id":5297172,"date":"2026-01-19T11:11:42","date_gmt":"2026-01-19T09:11:42","guid":{"rendered":"https:\/\/gadgettravellers.eu\/shop\/esche-artificiali-da-pesca-30376\/"},"modified":"2026-04-11T20:19:43","modified_gmt":"2026-04-11T18:19:43","slug":"esche-artificiali-da-pesca-30376","status":"publish","type":"product","link":"https:\/\/gadgettravellers.eu\/it\/shop\/esche-artificiali-da-pesca-30376\/","title":{"rendered":"Esche artificiali da pesca &#8211; 30376"},"content":{"rendered":"<p>Questi calamari in silicone possono sostituire l&#8217;esca fresca in tecniche come il traino con piombo guardiano, la zoka o anche l&#8217;&#8230;inchiku! Inoltre possono essere combinati con una testina piombata adeguata alla profondit\u00e0 e pescare verticalmente dalla barca. L&#8217;unica cosa che dovete fare \u00e8 calarli sul fondo e poi, con un semplice recupero lento, raccoglierli fino a met\u00e0 acqua e poi di nuovo gi\u00f9. Sono destinati a grandi predatori, come dentici, cernie e ricciole.<\/p>\n<p>Prodotto originale Tradesor.<\/p>\n","protected":false},"excerpt":{"rendered":"<p>Esca artificiale in silicone tipo calamaro, ideale per zoka, inchiku e pesca verticale da barca. Recupero lento per grandi predatori come dentici, saraghi e ricciole.<\/p>\n","protected":false},"featured_media":5073144,"comment_status":"closed","ping_status":"open","template":"","meta":[],"product_brand":[],"product_cat":[],"product_tag":[15],"class_list":{"0":"post-5297172","1":"product","2":"type-product","3":"status-publish","4":"has-post-thumbnail","6":"product_tag-uncategorized","8":"first","9":"onbackorder","10":"purchasable","11":"product-type-simple"},"jetpack_sharing_enabled":true,"_links":{"self":[{"href":"https:\/\/gadgettravellers.eu\/it\/wp-json\/wp\/v2\/product\/5297172","targetHints":{"allow":["GET"]}}],"collection":[{"href":"https:\/\/gadgettravellers.eu\/it\/wp-json\/wp\/v2\/product"}],"about":[{"href":"https:\/\/gadgettravellers.eu\/it\/wp-json\/wp\/v2\/types\/product"}],"replies":[{"embeddable":true,"href":"https:\/\/gadgettravellers.eu\/it\/wp-json\/wp\/v2\/comments?post=5297172"}],"wp:featuredmedia":[{"embeddable":true,"href":"https:\/\/gadgettravellers.eu\/it\/wp-json\/wp\/v2\/media\/5073144"}],"wp:attachment":[{"href":"https:\/\/gadgettravellers.eu\/it\/wp-json\/wp\/v2\/media?parent=5297172"}],"wp:term":[{"taxonomy":"product_brand","embeddable":true,"href":"https:\/\/gadgettravellers.eu\/it\/wp-json\/wp\/v2\/product_brand?post=5297172"},{"taxonomy":"product_cat","embeddable":true,"href":"https:\/\/gadgettravellers.eu\/it\/wp-json\/wp\/v2\/product_cat?post=5297172"},{"taxonomy":"product_tag","embeddable":true,"href":"https:\/\/gadgettravellers.eu\/it\/wp-json\/wp\/v2\/product_tag?post=5297172"}],"curies":[{"name":"wp","href":"https:\/\/api.w.org\/{rel}","templated":true}]}}