{"id":5297183,"date":"2026-01-19T11:11:51","date_gmt":"2026-01-19T09:11:51","guid":{"rendered":"https:\/\/gadgettravellers.eu\/shop\/guide-per-canna-20199\/"},"modified":"2026-04-11T20:19:47","modified_gmt":"2026-04-11T18:19:47","slug":"guide-per-canna-20199","status":"publish","type":"product","link":"https:\/\/gadgettravellers.eu\/it\/shop\/guide-per-canna-20199\/","title":{"rendered":"Guide per canna &#8211; 20199"},"content":{"rendered":"<p>Anelli rivoluzionari, resistenti e durevoli, ideali per il filo, con notevoli vantaggi. Aiutano nella trasmissione fluida del movimento del filo dal mulinello e attraverso le guide della canna, controllando efficacemente il filo dalla prima guida, eliminando le abrasioni. Il comportamento della canna migliora significativamente, aumenta l&#8217;equilibrio e si ottengono lanci pi\u00f9 precisi e pi\u00f9 lunghi. Sono leggeri, il che riduce il peso complessivo delle guide, rendendo la pesca pi\u00f9 confortevole, ampliando la gamma di esche artificiali che possono essere utilizzate su una canna e minimizzando il rischio di grovigli. Sono realizzati con un materiale migliorato che li rende pi\u00f9 leggeri ma anche pi\u00f9 resistenti.<\/p>\n<p>Il set include guide di diverse dimensioni<strong>.<\/strong><\/p>\n<p>Prodotto originale Tradesor!<\/p>\n","protected":false},"excerpt":{"rendered":"<p>Set di guide per canna leggere e resistenti in diverse dimensioni per una trasmissione fluida del filo, peso totale ridotto, migliore equilibrio e lanci pi\u00f9 precisi e lunghi. Minimizzano gli intrecci.<\/p>\n","protected":false},"featured_media":5073235,"comment_status":"closed","ping_status":"open","template":"","meta":[],"product_brand":[],"product_cat":[],"product_tag":[15],"class_list":{"0":"post-5297183","1":"product","2":"type-product","3":"status-publish","4":"has-post-thumbnail","6":"product_tag-uncategorized","8":"first","9":"onbackorder","10":"purchasable","11":"product-type-simple"},"jetpack_sharing_enabled":true,"_links":{"self":[{"href":"https:\/\/gadgettravellers.eu\/it\/wp-json\/wp\/v2\/product\/5297183","targetHints":{"allow":["GET"]}}],"collection":[{"href":"https:\/\/gadgettravellers.eu\/it\/wp-json\/wp\/v2\/product"}],"about":[{"href":"https:\/\/gadgettravellers.eu\/it\/wp-json\/wp\/v2\/types\/product"}],"replies":[{"embeddable":true,"href":"https:\/\/gadgettravellers.eu\/it\/wp-json\/wp\/v2\/comments?post=5297183"}],"wp:featuredmedia":[{"embeddable":true,"href":"https:\/\/gadgettravellers.eu\/it\/wp-json\/wp\/v2\/media\/5073235"}],"wp:attachment":[{"href":"https:\/\/gadgettravellers.eu\/it\/wp-json\/wp\/v2\/media?parent=5297183"}],"wp:term":[{"taxonomy":"product_brand","embeddable":true,"href":"https:\/\/gadgettravellers.eu\/it\/wp-json\/wp\/v2\/product_brand?post=5297183"},{"taxonomy":"product_cat","embeddable":true,"href":"https:\/\/gadgettravellers.eu\/it\/wp-json\/wp\/v2\/product_cat?post=5297183"},{"taxonomy":"product_tag","embeddable":true,"href":"https:\/\/gadgettravellers.eu\/it\/wp-json\/wp\/v2\/product_tag?post=5297183"}],"curies":[{"name":"wp","href":"https:\/\/api.w.org\/{rel}","templated":true}]}}