{"id":5297184,"date":"2026-01-19T11:11:52","date_gmt":"2026-01-19T09:11:52","guid":{"rendered":"https:\/\/gadgettravellers.eu\/shop\/guide-per-canne-20201\/"},"modified":"2026-04-11T20:19:47","modified_gmt":"2026-04-11T18:19:47","slug":"guide-per-canne-20201","status":"publish","type":"product","link":"https:\/\/gadgettravellers.eu\/it\/shop\/guide-per-canne-20201\/","title":{"rendered":"Guide per canne &#8211; 20201"},"content":{"rendered":"<p>Anelli rivoluzionari, resistenti e robusti, ideali per il filo, con notevoli vantaggi. Aiutano nella trasmissione fluida del movimento del filo dal mulinello e attraverso le guide della canna, controllando efficacemente il filo dalla prima guida, eliminando le torsioni. Il comportamento della canna migliora significativamente, aumenta l&#8217;equilibrio e si ottengono lanci pi\u00f9 precisi e pi\u00f9 lunghi. Sono leggeri, il che riduce il peso complessivo delle guide, rendendo la pesca pi\u00f9 confortevole, ampliando la gamma di artificiali che possono essere utilizzati su una canna e minimizzando il rischio di grovigli. Sono realizzati con un materiale migliorato che li rende pi\u00f9 leggeri ma anche pi\u00f9 resistenti.<\/p>\n<p>Il set include guide di diverse dimensioni<strong>.<\/strong><\/p>\n<p>Prodotto originale Tradesor!<\/p>\n<div class='aiseo-faq-section' style='margin-top:30px; border-top:1px solid #eee; padding-top:20px;'>\n<h3>Domande Frequenti<\/h3>\n<details style='margin-bottom:10px; padding:10px; background:#f9f9f9; border-radius:5px;'>\n<summary style='font-weight:bold; cursor:pointer;'>Cosa offrono queste guide per canne da pesca?<\/summary>\n<div style='margin-top:10px; color:#555;'>Migliorano la trasmissione fluida del filo dal mulinello e attraverso le guide, riducendo le vibrazioni e migliorando la precisione e la distanza dei lanci.<\/div>\n<\/details>\n<details style='margin-bottom:10px; padding:10px; background:#f9f9f9; border-radius:5px;'>\n<summary style='font-weight:bold; cursor:pointer;'>Sono adatti per treccia (braid) o solo per lenza?<\/summary>\n<div style='margin-top:10px; color:#555;'>Sono ideali per il filo (treccia) e allo stesso tempo migliorano il comportamento di altri tipi di linee.<\/div>\n<\/details>\n<details style='margin-bottom:10px; padding:10px; background:#f9f9f9; border-radius:5px;'>\n<summary style='font-weight:bold; cursor:pointer;'>Il set include guide di diverse dimensioni?<\/summary>\n<div style='margin-top:10px; color:#555;'>S\u00ec, il set include guide di diverse dimensioni per soddisfare le esigenze di varie canne da pesca.<\/div>\n<\/details>\n<details style='margin-bottom:10px; padding:10px; background:#f9f9f9; border-radius:5px;'>\n<summary style='font-weight:bold; cursor:pointer;'>Come influenzano il peso e il comfort la pesca?<\/summary>\n<div style='margin-top:10px; color:#555;'>Sono leggere e riducono il peso complessivo delle canne, rendendo la pesca pi\u00f9 confortevole e diminuendo il rischio di grovigli.<\/div>\n<\/details>\n<\/div>\n","protected":false},"excerpt":{"rendered":"<p>Anelli leggeri e resistenti per canne da pesca set con diverse dimensioni. Riduce il peso e gli intrecci, migliora il fluire regolare del filo e aumenta la precisione e la distanza dei lanci.<\/p>\n","protected":false},"featured_media":5073242,"comment_status":"closed","ping_status":"open","template":"","meta":[],"product_brand":[],"product_cat":[],"product_tag":[15],"class_list":{"0":"post-5297184","1":"product","2":"type-product","3":"status-publish","4":"has-post-thumbnail","6":"product_tag-uncategorized","8":"first","9":"onbackorder","10":"purchasable","11":"product-type-simple"},"jetpack_sharing_enabled":true,"_links":{"self":[{"href":"https:\/\/gadgettravellers.eu\/it\/wp-json\/wp\/v2\/product\/5297184","targetHints":{"allow":["GET"]}}],"collection":[{"href":"https:\/\/gadgettravellers.eu\/it\/wp-json\/wp\/v2\/product"}],"about":[{"href":"https:\/\/gadgettravellers.eu\/it\/wp-json\/wp\/v2\/types\/product"}],"replies":[{"embeddable":true,"href":"https:\/\/gadgettravellers.eu\/it\/wp-json\/wp\/v2\/comments?post=5297184"}],"wp:featuredmedia":[{"embeddable":true,"href":"https:\/\/gadgettravellers.eu\/it\/wp-json\/wp\/v2\/media\/5073242"}],"wp:attachment":[{"href":"https:\/\/gadgettravellers.eu\/it\/wp-json\/wp\/v2\/media?parent=5297184"}],"wp:term":[{"taxonomy":"product_brand","embeddable":true,"href":"https:\/\/gadgettravellers.eu\/it\/wp-json\/wp\/v2\/product_brand?post=5297184"},{"taxonomy":"product_cat","embeddable":true,"href":"https:\/\/gadgettravellers.eu\/it\/wp-json\/wp\/v2\/product_cat?post=5297184"},{"taxonomy":"product_tag","embeddable":true,"href":"https:\/\/gadgettravellers.eu\/it\/wp-json\/wp\/v2\/product_tag?post=5297184"}],"curies":[{"name":"wp","href":"https:\/\/api.w.org\/{rel}","templated":true}]}}