{"id":5297413,"date":"2026-01-19T11:14:20","date_gmt":"2026-01-19T09:14:20","guid":{"rendered":"https:\/\/gadgettravellers.eu\/shop\/microfono-wireless-karaoke-con-altoparlante-m10-961867-giallo\/"},"modified":"2026-04-11T20:21:10","modified_gmt":"2026-04-11T18:21:10","slug":"microfono-wireless-karaoke-con-altoparlante-m10-961867-giallo","status":"publish","type":"product","link":"https:\/\/gadgettravellers.eu\/it\/shop\/microfono-wireless-karaoke-con-altoparlante-m10-961867-giallo\/","title":{"rendered":"Microfono wireless Karaoke con altoparlante &#8211; M10 &#8211; 961867 &#8211; Giallo"},"content":{"rendered":"<p>Questo straordinario dispositivo vi faciliter\u00e0 la vita. Tutto quello che dovete fare \u00e8 accenderlo e cantare le vostre canzoni preferite. Dite addio ai collegamenti con cavi per cantare karaoke. Ora chiamate i vostri amici, mettete la musica che preferite da una fonte separata, accendete il microfono e cantate.<\/p>\n<p>Una caratteristica aggiuntiva di questo microfono karaoke che lo rende unico \u00e8 la possibilit\u00e0 di connettersi via Bluetooth con il vostro smartphone o tablet. Cos\u00ec potete usarlo come altoparlante riproducendo la vostra musica preferita che avete sul cellulare, mentre contemporaneamente cantate.<\/p>\n<p>Infine, pu\u00f2 essere utilizzato anche per le vostre chiamate telefoniche. Collegate il cellulare tramite Bluetooth e ascolterete il vostro interlocutore chiaramente e ad alto volume, mentre con il microfono integrato non sar\u00e0 necessario usare il microfono del cellulare.<\/p>\n<p>\u00c8 piccolo, portatile, ricaricabile e dispone anche di pulsanti per controllare la vostra musica a distanza. E naturalmente, possono funzionare contemporaneamente nello stesso spazio tutti i microfoni che desiderate!<\/p>\n<p><strong>Caratteristiche:<\/strong><\/p>\n<ul>\n<li>Potenza: 5W RMS<\/li>\n<li>Frequenza: 20HZ-20KHZ<\/li>\n<li>SNR>90dB<\/li>\n<li>Supporto accordi: HSP,HFP,A2DP,AVRCP<\/li>\n<li>Frequenza wireless: 2.40GHz-2.48GHz<\/li>\n<li>Potenza trasmissione wireless: Classe II (-6dBm~+4dBm)<\/li>\n<li>Distorsione: <0.5%<\/li>\n<li>Batteria: 3.7V 1800mAh<\/li>\n<li>Versione Bluetooth: 4.0<\/li>\n<li>Dimensioni 27 x 7 x 7 cm<\/li>\n<\/ul>\n","protected":false},"excerpt":{"rendered":"<p>Microfono karaoke portatile wireless con altoparlante integrato e Bluetooth 4.0, 5W RMS e batteria ricaricabile da 1800mAh \u2014 ideale per feste, chiamate telefoniche e riproduzione musicale portatile.<\/p>\n","protected":false},"featured_media":5074858,"comment_status":"closed","ping_status":"open","template":"","meta":[],"product_brand":[],"product_cat":[],"product_tag":[15],"class_list":{"0":"post-5297413","1":"product","2":"type-product","3":"status-publish","4":"has-post-thumbnail","6":"product_tag-uncategorized","8":"first","9":"onbackorder","10":"purchasable","11":"product-type-simple"},"jetpack_sharing_enabled":true,"_links":{"self":[{"href":"https:\/\/gadgettravellers.eu\/it\/wp-json\/wp\/v2\/product\/5297413","targetHints":{"allow":["GET"]}}],"collection":[{"href":"https:\/\/gadgettravellers.eu\/it\/wp-json\/wp\/v2\/product"}],"about":[{"href":"https:\/\/gadgettravellers.eu\/it\/wp-json\/wp\/v2\/types\/product"}],"replies":[{"embeddable":true,"href":"https:\/\/gadgettravellers.eu\/it\/wp-json\/wp\/v2\/comments?post=5297413"}],"wp:featuredmedia":[{"embeddable":true,"href":"https:\/\/gadgettravellers.eu\/it\/wp-json\/wp\/v2\/media\/5074858"}],"wp:attachment":[{"href":"https:\/\/gadgettravellers.eu\/it\/wp-json\/wp\/v2\/media?parent=5297413"}],"wp:term":[{"taxonomy":"product_brand","embeddable":true,"href":"https:\/\/gadgettravellers.eu\/it\/wp-json\/wp\/v2\/product_brand?post=5297413"},{"taxonomy":"product_cat","embeddable":true,"href":"https:\/\/gadgettravellers.eu\/it\/wp-json\/wp\/v2\/product_cat?post=5297413"},{"taxonomy":"product_tag","embeddable":true,"href":"https:\/\/gadgettravellers.eu\/it\/wp-json\/wp\/v2\/product_tag?post=5297413"}],"curies":[{"name":"wp","href":"https:\/\/api.w.org\/{rel}","templated":true}]}}