{"id":5297425,"date":"2026-01-19T11:14:29","date_gmt":"2026-01-19T09:14:29","guid":{"rendered":"https:\/\/gadgettravellers.eu\/shop\/microfono-cablato-mk1-awei-000512\/"},"modified":"2026-04-22T20:29:02","modified_gmt":"2026-04-22T18:29:02","slug":"microfono-cablato-mk1-awei-000512","status":"publish","type":"product","link":"https:\/\/gadgettravellers.eu\/it\/shop\/microfono-cablato-mk1-awei-000512\/","title":{"rendered":"Microfono cablato &#8211; MK1 &#8211; AWEI &#8211; 000512"},"content":{"rendered":"<p>Il Awei MK1 \u00e8 un microfono leggero con clip che pu\u00f2 essere facilmente fissato ai vestiti. Il suo peso \u00e8 di soli 20 gr e il cavo di 3 metri offre libert\u00e0 di movimento. \u00c8 compatibile con qualsiasi dispositivo dotato di ingresso microfono da 3,5 mm.<\/p>\n<p>Fornisce una copertura completa a 360\u00b0, alta qualit\u00e0 del suono e isolamento dal rumore. \u00c8 una scelta ideale per giornalisti, insegnanti, youtuber, ecc.<\/p>\n","protected":false},"excerpt":{"rendered":"<p>Microfono cablato leggero con clip, cavo da 3 m e spina da 3,5 mm \u2014 copertura a 360\u00b0, isolamento dal rumore e ampia compatibilit\u00e0 con dispositivi dotati di ingresso microfono.<\/p>\n","protected":false},"featured_media":5075022,"comment_status":"closed","ping_status":"open","template":"","meta":[],"product_brand":[],"product_cat":[],"product_tag":[7125,15],"class_list":{"0":"post-5297425","1":"product","2":"type-product","3":"status-publish","4":"has-post-thumbnail","6":"product_tag-cables-adapters","7":"product_tag-uncategorized","9":"first","10":"onbackorder","11":"purchasable","12":"product-type-simple"},"jetpack_sharing_enabled":true,"_links":{"self":[{"href":"https:\/\/gadgettravellers.eu\/it\/wp-json\/wp\/v2\/product\/5297425","targetHints":{"allow":["GET"]}}],"collection":[{"href":"https:\/\/gadgettravellers.eu\/it\/wp-json\/wp\/v2\/product"}],"about":[{"href":"https:\/\/gadgettravellers.eu\/it\/wp-json\/wp\/v2\/types\/product"}],"replies":[{"embeddable":true,"href":"https:\/\/gadgettravellers.eu\/it\/wp-json\/wp\/v2\/comments?post=5297425"}],"wp:featuredmedia":[{"embeddable":true,"href":"https:\/\/gadgettravellers.eu\/it\/wp-json\/wp\/v2\/media\/5075022"}],"wp:attachment":[{"href":"https:\/\/gadgettravellers.eu\/it\/wp-json\/wp\/v2\/media?parent=5297425"}],"wp:term":[{"taxonomy":"product_brand","embeddable":true,"href":"https:\/\/gadgettravellers.eu\/it\/wp-json\/wp\/v2\/product_brand?post=5297425"},{"taxonomy":"product_cat","embeddable":true,"href":"https:\/\/gadgettravellers.eu\/it\/wp-json\/wp\/v2\/product_cat?post=5297425"},{"taxonomy":"product_tag","embeddable":true,"href":"https:\/\/gadgettravellers.eu\/it\/wp-json\/wp\/v2\/product_tag?post=5297425"}],"curies":[{"name":"wp","href":"https:\/\/api.w.org\/{rel}","templated":true}]}}