{"id":5297428,"date":"2026-01-19T11:14:32","date_gmt":"2026-01-19T09:14:32","guid":{"rendered":"https:\/\/gadgettravellers.eu\/shop\/cuffie-cablate-awei-l3-003643\/"},"modified":"2026-04-22T20:29:03","modified_gmt":"2026-04-22T18:29:03","slug":"cuffie-cablate-awei-l3-003643","status":"publish","type":"product","link":"https:\/\/gadgettravellers.eu\/it\/shop\/cuffie-cablate-awei-l3-003643\/","title":{"rendered":"Cuffie cablate &#8211; AWEI &#8211; L3 &#8211; 003643"},"content":{"rendered":"<p>Cuffie cablate AWEI L3 con suono surround di alta qualit\u00e0 e design ergonomico con cavo che passa dietro l&#8217;orecchio per una vestibilit\u00e0 comoda e stabilit\u00e0 assoluta.<\/p>\n<p><strong>Caratteristiche<\/strong>:<\/p>\n<ul>\n<li>Lunghezza cavo: 1.2m<\/li>\n<li>Spina: 3.5mm<\/li>\n<li>Unit\u00e0 driver: 13mm<\/li>\n<li>Sensibilit\u00e0: 93dB\u00b13dB<\/li>\n<li>Impedenza: 16\u03a9<\/li>\n<li>Frequenza: 20-20000HZ<\/li>\n<li>Funzioni: Microfono, Risposta alle chiamate, Regolazione volume, Cambio canzone<\/li>\n<li>Peso: 21g<\/li>\n<li>Colore: Nero<\/li>\n<\/ul>\n","protected":false},"excerpt":{"rendered":"<p>Cuffie cablate con driver da 13mm, microfono e controllo per chiamate e cambio brani. Design ergonomico con gancio dietro l&#8217;orecchio per una vestibilit\u00e0 stabile, cavo da 1,2 m e spina da 3,5 mm.<\/p>\n","protected":false},"featured_media":5075029,"comment_status":"closed","ping_status":"open","template":"","meta":[],"product_brand":[],"product_cat":[],"product_tag":[15],"class_list":{"0":"post-5297428","1":"product","2":"type-product","3":"status-publish","4":"has-post-thumbnail","6":"product_tag-uncategorized","8":"first","9":"onbackorder","10":"purchasable","11":"product-type-simple"},"jetpack_sharing_enabled":true,"_links":{"self":[{"href":"https:\/\/gadgettravellers.eu\/it\/wp-json\/wp\/v2\/product\/5297428","targetHints":{"allow":["GET"]}}],"collection":[{"href":"https:\/\/gadgettravellers.eu\/it\/wp-json\/wp\/v2\/product"}],"about":[{"href":"https:\/\/gadgettravellers.eu\/it\/wp-json\/wp\/v2\/types\/product"}],"replies":[{"embeddable":true,"href":"https:\/\/gadgettravellers.eu\/it\/wp-json\/wp\/v2\/comments?post=5297428"}],"wp:featuredmedia":[{"embeddable":true,"href":"https:\/\/gadgettravellers.eu\/it\/wp-json\/wp\/v2\/media\/5075029"}],"wp:attachment":[{"href":"https:\/\/gadgettravellers.eu\/it\/wp-json\/wp\/v2\/media?parent=5297428"}],"wp:term":[{"taxonomy":"product_brand","embeddable":true,"href":"https:\/\/gadgettravellers.eu\/it\/wp-json\/wp\/v2\/product_brand?post=5297428"},{"taxonomy":"product_cat","embeddable":true,"href":"https:\/\/gadgettravellers.eu\/it\/wp-json\/wp\/v2\/product_cat?post=5297428"},{"taxonomy":"product_tag","embeddable":true,"href":"https:\/\/gadgettravellers.eu\/it\/wp-json\/wp\/v2\/product_tag?post=5297428"}],"curies":[{"name":"wp","href":"https:\/\/api.w.org\/{rel}","templated":true}]}}