{"id":5297440,"date":"2026-01-19T11:14:41","date_gmt":"2026-01-19T09:14:41","guid":{"rendered":"https:\/\/gadgettravellers.eu\/shop\/dispositivo-elettrico-per-la-pulizia-dei-denti-yxy880-190442\/"},"modified":"2026-04-11T20:21:21","modified_gmt":"2026-04-11T18:21:21","slug":"dispositivo-elettrico-per-la-pulizia-dei-denti-yxy880-190442","status":"publish","type":"product","link":"https:\/\/gadgettravellers.eu\/it\/shop\/dispositivo-elettrico-per-la-pulizia-dei-denti-yxy880-190442\/","title":{"rendered":"Dispositivo elettrico per la pulizia dei denti &#8211; YXY880 &#8211; 190442"},"content":{"rendered":"<p>Idropulsore Professionale Dentale 600ML<\/p>\n<p>Idropulsore portatile e ricaricabile impermeabile con serbatoio d&#8217;acqua. Ora puoi portare la pulizia dentale professionale a casa tua!<\/p>\n<p>\u25b6 Pu\u00f2 pulire in profondit\u00e0 tra i denti e sotto la linea gengivale, rimuovendo tutto ci\u00f2 che lo spazzolamento e il filo interdentale tradizionali non possono. <br \/>\u25b6 Dispone di 3 modalit\u00e0 di funzionamento. Puoi scegliere tra modalit\u00e0 normale, delicata e pulsata per soddisfare le diverse esigenze di cura orale. <br \/>La modalit\u00e0 pulsata pu\u00f2 fornire una pressione dell&#8217;acqua da 30 a 110 psi per massaggiare le gengive, migliorando cos\u00ec la salute orale. <br \/>\u00c8 ricaricabile, pu\u00f2 essere utilizzato fino a 10 giorni dopo una ricarica completa di 4 ore, si ricarica tramite USB.  <br \/>Sono incluse 2 testine.<\/p>\n<p><strong>Come usare il dispositivo:<\/strong> <br \/>\u25b6 Posiziona il dispositivo su una superficie stabile. <br \/>\u25b6 Riempi il serbatoio d&#8217;acqua. <br \/>\u25b6 Premi il pulsante &#8220;Modalit\u00e0&#8221; per selezionare la modalit\u00e0 desiderata. <br \/>\u25b6 Premi a lungo per 3 secondi per accenderlo.<br \/>\u25b6 Posiziona l&#8217;ugello vicino ai denti e alle gengive con un angolo di 90\u00b0. <br \/>\u25b6 Non pu\u00f2 essere usato durante la ricarica, scollega l&#8217;alimentazione, dopo la ricarica completa, prima dell&#8217;uso.<br \/>Assicurati che il serbatoio sia correttamente chiuso.  <\/p>\n<div class='aiseo-faq-section' style='margin-top:30px; border-top:1px solid #eee; padding-top:20px;'>\n<h3>Domande Frequenti<\/h3>\n<details style='margin-bottom:10px; padding:10px; background:#f9f9f9; border-radius:5px;'>\n<summary style='font-weight:bold; cursor:pointer;'>Quali funzioni offre il dispositivo?<\/summary>\n<div style='margin-top:10px; color:#555;'>Dispone di 3 funzioni: normale, delicata e pulsata, con funzione pulsata che fornisce 30\u2013110 psi per il massaggio delle gengive.<\/div>\n<\/details>\n<details style='margin-bottom:10px; padding:10px; background:#f9f9f9; border-radius:5px;'>\n<summary style='font-weight:bold; cursor:pointer;'>Qual \u00e8 la capacit\u00e0 del serbatoio?<\/summary>\n<div style='margin-top:10px; color:#555;'>Il serbatoio dell&#8217;acqua ha una capacit\u00e0 di 600 ml.<\/div>\n<\/details>\n<details style='margin-bottom:10px; padding:10px; background:#f9f9f9; border-radius:5px;'>\n<summary style='font-weight:bold; cursor:pointer;'>Quanto dura la batteria e quanto tempo richiede la ricarica?<\/summary>\n<div style='margin-top:10px; color:#555;'>Con una carica completa di 4 ore pu\u00f2 essere utilizzato fino a 10 giorni, e si ricarica tramite USB.<\/div>\n<\/details>\n<details style='margin-bottom:10px; padding:10px; background:#f9f9f9; border-radius:5px;'>\n<summary style='font-weight:bold; cursor:pointer;'>\u00c8 possibile utilizzare il dispositivo durante la ricarica?<\/summary>\n<div style='margin-top:10px; color:#555;'>No, non pu\u00f2 essere utilizzato durante la ricarica; scollegare l&#8217;alimentazione prima dell&#8217;uso.<\/div>\n<\/details>\n<details style='margin-bottom:10px; padding:10px; background:#f9f9f9; border-radius:5px;'>\n<summary style='font-weight:bold; cursor:pointer;'>Cosa \u00e8 incluso nella confezione?<\/summary>\n<div style='margin-top:10px; color:#555;'>Sono inclusi 2 ugelli (teste) insieme al dispositivo portatile e al serbatoio.<\/div>\n<\/details>\n<\/div>\n","protected":false},"excerpt":{"rendered":"<p>Idropulsore portatile ricaricabile da 600ml con 3 modalit\u00e0 e 2 ugelli per una pulizia profonda. Fornisce 30\u2013110psi, design impermeabile e fino a 10 giorni di utilizzo dopo una carica completa.<\/p>\n","protected":false},"featured_media":5075094,"comment_status":"closed","ping_status":"open","template":"","meta":[],"product_brand":[],"product_cat":[],"product_tag":[15],"class_list":{"0":"post-5297440","1":"product","2":"type-product","3":"status-publish","4":"has-post-thumbnail","6":"product_tag-uncategorized","8":"first","9":"onbackorder","10":"purchasable","11":"product-type-simple"},"jetpack_sharing_enabled":true,"_links":{"self":[{"href":"https:\/\/gadgettravellers.eu\/it\/wp-json\/wp\/v2\/product\/5297440","targetHints":{"allow":["GET"]}}],"collection":[{"href":"https:\/\/gadgettravellers.eu\/it\/wp-json\/wp\/v2\/product"}],"about":[{"href":"https:\/\/gadgettravellers.eu\/it\/wp-json\/wp\/v2\/types\/product"}],"replies":[{"embeddable":true,"href":"https:\/\/gadgettravellers.eu\/it\/wp-json\/wp\/v2\/comments?post=5297440"}],"wp:featuredmedia":[{"embeddable":true,"href":"https:\/\/gadgettravellers.eu\/it\/wp-json\/wp\/v2\/media\/5075094"}],"wp:attachment":[{"href":"https:\/\/gadgettravellers.eu\/it\/wp-json\/wp\/v2\/media?parent=5297440"}],"wp:term":[{"taxonomy":"product_brand","embeddable":true,"href":"https:\/\/gadgettravellers.eu\/it\/wp-json\/wp\/v2\/product_brand?post=5297440"},{"taxonomy":"product_cat","embeddable":true,"href":"https:\/\/gadgettravellers.eu\/it\/wp-json\/wp\/v2\/product_cat?post=5297440"},{"taxonomy":"product_tag","embeddable":true,"href":"https:\/\/gadgettravellers.eu\/it\/wp-json\/wp\/v2\/product_tag?post=5297440"}],"curies":[{"name":"wp","href":"https:\/\/api.w.org\/{rel}","templated":true}]}}