{"id":5297487,"date":"2026-01-19T11:15:16","date_gmt":"2026-01-19T09:15:16","guid":{"rendered":"https:\/\/gadgettravellers.eu\/shop\/altoparlante-bluetooth-wireless-solar-ns95s-881384\/"},"modified":"2026-04-22T22:05:38","modified_gmt":"2026-04-22T20:05:38","slug":"altoparlante-bluetooth-wireless-solar-ns95s-881384","status":"publish","type":"product","link":"https:\/\/gadgettravellers.eu\/it\/shop\/altoparlante-bluetooth-wireless-solar-ns95s-881384\/","title":{"rendered":"Altoparlante Bluetooth wireless &#8211; Solar &#8211; NS95S &#8211; 881384"},"content":{"rendered":"<div class=\"summary\">\n<div class=\"description auto-description\">\n<p class=\"main\">L&#8217;altoparlante Bluetooth portatile da 5 watt \u00e8 full range con audio di alta qualit\u00e0. Dispone di un pannello solare per la ricarica per una maggiore durata della batteria ed \u00e8 utilizzabile sia wireless che cablato, inoltre pu\u00f2 essere facilmente trasportato ovunque.<\/p>\n<p><strong>Caratteristiche<\/strong>:<\/p>\n<p>Potenza in uscita: 5 W<\/p>\n<p>Radio FM 87,5-108 MHZ<\/p>\n<p>Vivavoce per parlare in modalit\u00e0 vivavoce<\/p>\n<p>Batteria ricaricabile: 1200mAh<\/p>\n<p>Tempo di ricarica: 8 ore<\/p>\n<p>Autonomia fino a 3 ore<\/p>\n<p>Pannello solare 6V, 1W<\/p>\n<p>Porte: USB \/ SD \/ AUX<\/p>\n<p>Sensibilit\u00e0 FM: 15dB\u00b15dB<\/p>\n<p>Con torcia LED laterale ad alta luminosit\u00e0<\/p>\n<p>Dimensioni: 19 x 10 x 9 cm.<\/p>\n<p><strong>Disponibile nei colori: blu, nero, rosso<\/strong><\/p>\n<p>Indicare il colore preferito nelle note dell&#8217;ordine &#8211; Spedizione in base alla disponibilit\u00e0.<\/p>\n<\/div>\n<\/div>\n<div class=\"notranslate\" style=\"all: initial;\">\u00a0<\/div>\n<div class='aiseo-faq-section' style='margin-top:30px; border-top:1px solid #eee; padding-top:20px;'>\n<h3>Domande Frequenti<\/h3>\n<details style='margin-bottom:10px; padding:10px; background:#f9f9f9; border-radius:5px;'>\n<summary style='font-weight:bold; cursor:pointer;'>Qual \u00e8 la capacit\u00e0 della batteria?<\/summary>\n<div style='margin-top:10px; color:#555;'>La batteria ha una capacit\u00e0 di 1200mAh e il pannello solare offre una durata di funzionamento extra.<\/div>\n<\/details>\n<details style='margin-bottom:10px; padding:10px; background:#f9f9f9; border-radius:5px;'>\n<summary style='font-weight:bold; cursor:pointer;'>Supporta connessione cablata e wireless?<\/summary>\n<div style='margin-top:10px; color:#555;'>S\u00ec, funziona wireless tramite Bluetooth e cablato tramite porte USB\/SD\/AUX.<\/div>\n<\/details>\n<details style='margin-bottom:10px; padding:10px; background:#f9f9f9; border-radius:5px;'>\n<summary style='font-weight:bold; cursor:pointer;'>Qual \u00e8 la potenza e la qualit\u00e0 del suono dell&#8217;altoparlante?<\/summary>\n<div style='margin-top:10px; color:#555;'>La potenza \u00e8 di 5W ed \u00e8 full range per un suono di alta qualit\u00e0.<\/div>\n<\/details>\n<details style='margin-bottom:10px; padding:10px; background:#f9f9f9; border-radius:5px;'>\n<summary style='font-weight:bold; cursor:pointer;'>Ha un pannello solare e quali sono le sue caratteristiche tecniche?<\/summary>\n<div style='margin-top:10px; color:#555;'>S\u00ec, dispone di un pannello solare da 6V, 1W che aiuta a prolungare l&#8217;autonomia della batteria.<\/div>\n<\/details>\n<details style='margin-bottom:10px; padding:10px; background:#f9f9f9; border-radius:5px;'>\n<summary style='font-weight:bold; cursor:pointer;'>In quali colori \u00e8 disponibile l&#8217;altoparlante?<\/summary>\n<div style='margin-top:10px; color:#555;'>Disponibile in blu, nero e marrone \u2014 si prega di indicare la preferenza nelle note dell&#8217;ordine.<\/div>\n<\/details>\n<\/div>\n","protected":false},"excerpt":{"rendered":"<p>Altoparlante Bluetooth portatile 5W con pannello solare integrato, batteria ricaricabile 1200mAh, FM, torcia LED, USB\/SD\/AUX e vivavoce. Ideale per uso esterno.<\/p>\n","protected":false},"featured_media":5075438,"comment_status":"closed","ping_status":"open","template":"","meta":[],"product_brand":[],"product_cat":[],"product_tag":[15],"class_list":{"0":"post-5297487","1":"product","2":"type-product","3":"status-publish","4":"has-post-thumbnail","6":"product_tag-uncategorized","8":"first","9":"onbackorder","10":"purchasable","11":"product-type-simple"},"jetpack_sharing_enabled":true,"_links":{"self":[{"href":"https:\/\/gadgettravellers.eu\/it\/wp-json\/wp\/v2\/product\/5297487","targetHints":{"allow":["GET"]}}],"collection":[{"href":"https:\/\/gadgettravellers.eu\/it\/wp-json\/wp\/v2\/product"}],"about":[{"href":"https:\/\/gadgettravellers.eu\/it\/wp-json\/wp\/v2\/types\/product"}],"replies":[{"embeddable":true,"href":"https:\/\/gadgettravellers.eu\/it\/wp-json\/wp\/v2\/comments?post=5297487"}],"wp:featuredmedia":[{"embeddable":true,"href":"https:\/\/gadgettravellers.eu\/it\/wp-json\/wp\/v2\/media\/5075438"}],"wp:attachment":[{"href":"https:\/\/gadgettravellers.eu\/it\/wp-json\/wp\/v2\/media?parent=5297487"}],"wp:term":[{"taxonomy":"product_brand","embeddable":true,"href":"https:\/\/gadgettravellers.eu\/it\/wp-json\/wp\/v2\/product_brand?post=5297487"},{"taxonomy":"product_cat","embeddable":true,"href":"https:\/\/gadgettravellers.eu\/it\/wp-json\/wp\/v2\/product_cat?post=5297487"},{"taxonomy":"product_tag","embeddable":true,"href":"https:\/\/gadgettravellers.eu\/it\/wp-json\/wp\/v2\/product_tag?post=5297487"}],"curies":[{"name":"wp","href":"https:\/\/api.w.org\/{rel}","templated":true}]}}