{"id":5297498,"date":"2026-01-19T11:15:24","date_gmt":"2026-01-19T09:15:24","guid":{"rendered":"https:\/\/gadgettravellers.eu\/shop\/macchina-da-cucire-4-in-1-mini-macchina-da-cucire-202a-675718s\/"},"modified":"2026-04-14T00:40:35","modified_gmt":"2026-04-13T22:40:35","slug":"macchina-da-cucire-4-in-1-mini-macchina-da-cucire-202a-675718s","status":"publish","type":"product","link":"https:\/\/gadgettravellers.eu\/it\/shop\/macchina-da-cucire-4-in-1-mini-macchina-da-cucire-202a-675718s\/","title":{"rendered":"Macchina da cucire 4 in 1 &#8211; Mini macchina da cucire &#8211; 202A &#8211; 675718S"},"content":{"rendered":"<p>La mini macchina da cucire portatile sostituir\u00e0 le ingombranti e difficili da usare macchine da cucire della vecchia generazione e vi offrir\u00e0 comfort e facilit\u00e0 in qualsiasi lavoro di cucito.<\/p>\n<p>Dispone della possibilit\u00e0 di scegliere tra un pedale a piede o un interruttore manuale per selezionare ci\u00f2 che vi offre maggiore comodit\u00e0. Il rocchetto integrato e la bobina vi permettono di sostituire facilmente i rocchetti.<\/p>\n<p>La selezione a 2 velocit\u00e0 vi consente di scegliere la velocit\u00e0 e il controllo del punto che meglio si adattano alle vostre abilit\u00e0. La macchina da cucire CC-9081 fornisce un filo costante e continuo. \u00c8 dotata di tagliafilo e funzione di avvolgimento del filo.<\/p>\n<p>\u00c8 la scelta ideale per riparazioni rapide su abiti, borse e accessori.<\/p>\n<p>Il design portatile e leggero la rende facile da trasportare e conservare. \u00c8 realizzata con materiali ecologici.<\/p>\n<p><strong>Caratteristiche del prodotto:<\/strong><\/p>\n<ul>Dimensioni: 18,5x9x19 cm<\/li>\n<li>Materiale: plastica resistente (ABS) e componenti in acciaio<\/li>\n<li>Alimentazione: 4 batterie AA (non incluse) e trasformatore di corrente 230V (incluso).<\/li>\n<li>Due velocit\u00e0 di cucitura<\/li>\n<li>Spessore massimo di cucitura: 10 mm<\/li>\n<li>Regolazione della tensione del filo<\/li>\n<li>Dotata di controllo automatico della cucitura<\/li>\n<li>Con luce integrata<\/li>\n<li>Pedale a piede<\/li>\n<li>Funzionamento manuale con pulsante On \/ Off<\/li>\n<li>Base antiscivolo<\/li>\n<\/ul>\n<p>La confezione include:<\/p>\n<ul>\n<li>Mini macchina da cucire<\/li>\n<li>2 bobine vuote aggiuntive per filo<\/li>\n<li>2 bobine aggiuntive con rocchetti (1 x nero e 3 x bianco) Ago con filo<\/li>\n<li>Trasformatore AC<\/li>\n<li>1 pedale per il controllo a piede<\/li>\n<li>4 rocchetti di filo (3 x bianco, 1 x nero)<\/li>\n<li>Ago di ricambio<\/li>\n<\/ul>\n","protected":false},"excerpt":{"rendered":"<p>Mini macchina da cucire portatile 4-in-1 con due velocit\u00e0, luce integrata, pedale e alimentazione con 4x AA o 230v AC. Ideale per riparazioni rapide su abbigliamento e accessori.<\/p>\n","protected":false},"featured_media":5075509,"comment_status":"closed","ping_status":"open","template":"","meta":[],"product_brand":[],"product_cat":[],"product_tag":[15],"class_list":{"0":"post-5297498","1":"product","2":"type-product","3":"status-publish","4":"has-post-thumbnail","6":"product_tag-uncategorized","8":"first","9":"onbackorder","10":"purchasable","11":"product-type-simple"},"jetpack_sharing_enabled":true,"_links":{"self":[{"href":"https:\/\/gadgettravellers.eu\/it\/wp-json\/wp\/v2\/product\/5297498","targetHints":{"allow":["GET"]}}],"collection":[{"href":"https:\/\/gadgettravellers.eu\/it\/wp-json\/wp\/v2\/product"}],"about":[{"href":"https:\/\/gadgettravellers.eu\/it\/wp-json\/wp\/v2\/types\/product"}],"replies":[{"embeddable":true,"href":"https:\/\/gadgettravellers.eu\/it\/wp-json\/wp\/v2\/comments?post=5297498"}],"wp:featuredmedia":[{"embeddable":true,"href":"https:\/\/gadgettravellers.eu\/it\/wp-json\/wp\/v2\/media\/5075509"}],"wp:attachment":[{"href":"https:\/\/gadgettravellers.eu\/it\/wp-json\/wp\/v2\/media?parent=5297498"}],"wp:term":[{"taxonomy":"product_brand","embeddable":true,"href":"https:\/\/gadgettravellers.eu\/it\/wp-json\/wp\/v2\/product_brand?post=5297498"},{"taxonomy":"product_cat","embeddable":true,"href":"https:\/\/gadgettravellers.eu\/it\/wp-json\/wp\/v2\/product_cat?post=5297498"},{"taxonomy":"product_tag","embeddable":true,"href":"https:\/\/gadgettravellers.eu\/it\/wp-json\/wp\/v2\/product_tag?post=5297498"}],"curies":[{"name":"wp","href":"https:\/\/api.w.org\/{rel}","templated":true}]}}