{"id":5297553,"date":"2026-01-19T11:16:04","date_gmt":"2026-01-19T09:16:04","guid":{"rendered":"https:\/\/gadgettravellers.eu\/shop\/bubble-pop-it-fidget-25cm-333337-3\/"},"modified":"2026-04-11T20:22:09","modified_gmt":"2026-04-11T18:22:09","slug":"bubble-pop-it-fidget-25cm-333337-3","status":"publish","type":"product","link":"https:\/\/gadgettravellers.eu\/it\/shop\/bubble-pop-it-fidget-25cm-333337-3\/","title":{"rendered":"Bubble Pop It Fidget &#8211; 25cm &#8211; 333337"},"content":{"rendered":"<div class=\"prod-descr\">\n<p>Il nuovo gioco con propriet\u00e0 ansiolitiche che ha conquistato il mondo di tutte le et\u00e0 \u00e8 arrivato in molti colori, disegni e dimensioni!<\/p>\n<p>Gioca all&#8217;infinito con tutta la famiglia o con i tuoi amici mentre ti liberi dallo stress quotidiano e alleni la motricit\u00e0 fine e la mente! Adatto a bambini con iperattivit\u00e0 o autismo.<\/p>\n<p>Disponibile nei colori mostrati. Contiene 2 dadi.<\/p>\n<p>Adatto a bambini sopra i 3 anni.<\/p>\n<\/div>\n","protected":false},"excerpt":{"rendered":"<p>Pop It 25cm con 2 dadi \u2014 gioco antistress in silicone per tutte le et\u00e0. Rafforza la motricit\u00e0 fine e aiuta al rilassamento. Adatto per bambini da 3 anni in su.<\/p>\n","protected":false},"featured_media":5075918,"comment_status":"closed","ping_status":"open","template":"","meta":[],"product_brand":[],"product_cat":[],"product_tag":[15],"class_list":{"0":"post-5297553","1":"product","2":"type-product","3":"status-publish","4":"has-post-thumbnail","6":"product_tag-uncategorized","8":"first","9":"onbackorder","10":"purchasable","11":"product-type-simple"},"jetpack_sharing_enabled":true,"_links":{"self":[{"href":"https:\/\/gadgettravellers.eu\/it\/wp-json\/wp\/v2\/product\/5297553","targetHints":{"allow":["GET"]}}],"collection":[{"href":"https:\/\/gadgettravellers.eu\/it\/wp-json\/wp\/v2\/product"}],"about":[{"href":"https:\/\/gadgettravellers.eu\/it\/wp-json\/wp\/v2\/types\/product"}],"replies":[{"embeddable":true,"href":"https:\/\/gadgettravellers.eu\/it\/wp-json\/wp\/v2\/comments?post=5297553"}],"wp:featuredmedia":[{"embeddable":true,"href":"https:\/\/gadgettravellers.eu\/it\/wp-json\/wp\/v2\/media\/5075918"}],"wp:attachment":[{"href":"https:\/\/gadgettravellers.eu\/it\/wp-json\/wp\/v2\/media?parent=5297553"}],"wp:term":[{"taxonomy":"product_brand","embeddable":true,"href":"https:\/\/gadgettravellers.eu\/it\/wp-json\/wp\/v2\/product_brand?post=5297553"},{"taxonomy":"product_cat","embeddable":true,"href":"https:\/\/gadgettravellers.eu\/it\/wp-json\/wp\/v2\/product_cat?post=5297553"},{"taxonomy":"product_tag","embeddable":true,"href":"https:\/\/gadgettravellers.eu\/it\/wp-json\/wp\/v2\/product_tag?post=5297553"}],"curies":[{"name":"wp","href":"https:\/\/api.w.org\/{rel}","templated":true}]}}