{"id":5297679,"date":"2026-01-19T11:17:26","date_gmt":"2026-01-19T09:17:26","guid":{"rendered":"https:\/\/gadgettravellers.eu\/shop\/proiettore-solare-led-con-sensore-di-movimento-868-cob-286804\/"},"modified":"2026-04-22T20:30:37","modified_gmt":"2026-04-22T18:30:37","slug":"proiettore-solare-led-con-sensore-di-movimento-868-cob-286804","status":"publish","type":"product","link":"https:\/\/gadgettravellers.eu\/it\/shop\/proiettore-solare-led-con-sensore-di-movimento-868-cob-286804\/","title":{"rendered":"Proiettore solare LED con sensore di movimento &#8211; 868 COB- 286804"},"content":{"rendered":"<div id=\"tabs-description\" class=\"tab-pane show active\" role=\"tabpanel\">\n<p>Proiettore solare LED COB con pannello di ricarica, sensore di movimento e illuminazione potente. Si installa senza cavi ed \u00e8 ideale per un&#8217;illuminazione economica negli spazi esterni.<\/p>\n<p>\u00c8 dotato di un sensore di movimento che attiva automaticamente la luce non appena viene rilevato un movimento fino a una distanza di 5 metri.<\/p>\n<p>Il proiettore ha un grande diametro di 22 cm e illumina efficacemente in un angolo di 180 gradi.<\/p>\n<p>Con 3 funzioni principali:<\/p>\n<ul>\n<li>&#8211; Funzione di illuminazione debole di notte e attivazione automatica di illuminazione potente quando viene rilevato un movimento.<\/li>\n<li>&#8211; Funzione di spegnimento dell&#8217;illuminazione di notte e attivazione di illuminazione potente quando viene rilevato un movimento<\/li>\n<li>&#8211; Funzione di illuminazione debole che rimane sempre accesa.<\/li>\n<\/ul>\n<p>Realizzato in plastica ABS di alta qualit\u00e0, con grande resistenza all&#8217;umidit\u00e0, alla pioggia e alle condizioni atmosferiche &#8211; Impermeabilit\u00e0 IP65.<\/p>\n<p>Caratteristiche tecniche:<\/p>\n<p>Materiale: Silicio Policristallino+ABS <br \/>Pannello solare: 3.7V, 3W <br \/>Batteria: Batteria al litio integrata 2 x 3.7V 1500mAh 18650 <br \/>Portata del sensore: fino a 5m <br \/>Angolo di illuminazione: 120\u00b0<br \/>Lumen: 300-400 Lumen<br \/>Grado di impermeabilit\u00e0: IPX65 <br \/>Dimensioni: 30 * 21 * 4.5cm <br \/>Peso: 353g<\/p>\n<p>**Si consiglia di installare il proiettore in un luogo soleggiato e ad un&#8217;altezza fino a 2,5 metri dal suolo. L&#8217;installazione in un luogo ombreggiato influenzer\u00e0 significativamente il funzionamento e le prestazioni.<\/p>\n<\/div>\n","protected":false},"excerpt":{"rendered":"<p>Proiettore solare LED COB con batteria integrata 2\u00d71500mAh, sensore di movimento fino a 5m e impermeabilit\u00e0 IP65. Installazione wireless facile, 300\u2013400 lumen e angolo di illuminazione di 120\u00b0.<\/p>\n","protected":false},"featured_media":5076880,"comment_status":"closed","ping_status":"open","template":"","meta":[],"product_brand":[],"product_cat":[],"product_tag":[15],"class_list":{"0":"post-5297679","1":"product","2":"type-product","3":"status-publish","4":"has-post-thumbnail","6":"product_tag-uncategorized","8":"first","9":"onbackorder","10":"purchasable","11":"product-type-simple"},"jetpack_sharing_enabled":true,"_links":{"self":[{"href":"https:\/\/gadgettravellers.eu\/it\/wp-json\/wp\/v2\/product\/5297679","targetHints":{"allow":["GET"]}}],"collection":[{"href":"https:\/\/gadgettravellers.eu\/it\/wp-json\/wp\/v2\/product"}],"about":[{"href":"https:\/\/gadgettravellers.eu\/it\/wp-json\/wp\/v2\/types\/product"}],"replies":[{"embeddable":true,"href":"https:\/\/gadgettravellers.eu\/it\/wp-json\/wp\/v2\/comments?post=5297679"}],"wp:featuredmedia":[{"embeddable":true,"href":"https:\/\/gadgettravellers.eu\/it\/wp-json\/wp\/v2\/media\/5076880"}],"wp:attachment":[{"href":"https:\/\/gadgettravellers.eu\/it\/wp-json\/wp\/v2\/media?parent=5297679"}],"wp:term":[{"taxonomy":"product_brand","embeddable":true,"href":"https:\/\/gadgettravellers.eu\/it\/wp-json\/wp\/v2\/product_brand?post=5297679"},{"taxonomy":"product_cat","embeddable":true,"href":"https:\/\/gadgettravellers.eu\/it\/wp-json\/wp\/v2\/product_cat?post=5297679"},{"taxonomy":"product_tag","embeddable":true,"href":"https:\/\/gadgettravellers.eu\/it\/wp-json\/wp\/v2\/product_tag?post=5297679"}],"curies":[{"name":"wp","href":"https:\/\/api.w.org\/{rel}","templated":true}]}}