{"id":5297780,"date":"2026-01-19T11:18:37","date_gmt":"2026-01-19T09:18:37","guid":{"rendered":"https:\/\/gadgettravellers.eu\/shop\/altoparlante-bluetooth-wireless-kms-225-881865-verde\/"},"modified":"2026-04-11T20:23:31","modified_gmt":"2026-04-11T18:23:31","slug":"altoparlante-bluetooth-wireless-kms-225-881865-verde","status":"publish","type":"product","link":"https:\/\/gadgettravellers.eu\/it\/shop\/altoparlante-bluetooth-wireless-kms-225-881865-verde\/","title":{"rendered":"Altoparlante Bluetooth wireless &#8211; KMS-225 &#8211; 881865 &#8211; Verde"},"content":{"rendered":"<div class=\"summary\">\n<div class=\"description auto-description\">\n<p class=\"main\">L&#8217;altoparlante Bluetooth portatile KMS-225 \u00e8 full range e offre un suono di alta qualit\u00e0 combinato con praticit\u00e0 e facilit\u00e0 di trasporto. Inoltre dispone di radio per ascoltare le stazioni preferite e possibilit\u00e0 di ricarica tramite USB, per poterlo facilmente caricare con cavo o powerbank.<\/p>\n<p><strong>Caratteristiche:<\/strong><\/p>\n<ul class=\"columns-list\">\n<li>Potenza: 3W x 2 (6W)<\/li>\n<li>Batteria ricaricabile 1200mAh<\/li>\n<li>Autonomia batteria: fino a 5 ore<\/li>\n<li>Dimensione altoparlanti: 52mm x 2<\/li>\n<li>Porte: MicroSD, USB<\/li>\n<li>Connessione wireless: Bluetooth<\/li>\n<li>Frequenza: 120hz-20khz<\/li>\n<li>Intensit\u00e0: \u226590db<\/li>\n<li>Dimensioni: 17 x 7.5 cm<\/li>\n<li>Peso: 480g<\/li>\n<li>Include cavo di ricarica e cinturino per il trasporto<\/li>\n<\/ul>\n<\/div>\n<\/div>\n","protected":false},"excerpt":{"rendered":"<p>Altoparlante Bluetooth portatile KMS-225 con potenza di 6W, batteria da 1200mAh (fino a 5 ore), porte MicroSD\/USB e radio FM integrata. Facile da caricare e da trasportare.<\/p>\n","protected":false},"featured_media":5077601,"comment_status":"closed","ping_status":"open","template":"","meta":[],"product_brand":[],"product_cat":[],"product_tag":[15],"class_list":{"0":"post-5297780","1":"product","2":"type-product","3":"status-publish","4":"has-post-thumbnail","6":"product_tag-uncategorized","8":"first","9":"onbackorder","10":"purchasable","11":"product-type-simple"},"jetpack_sharing_enabled":true,"_links":{"self":[{"href":"https:\/\/gadgettravellers.eu\/it\/wp-json\/wp\/v2\/product\/5297780","targetHints":{"allow":["GET"]}}],"collection":[{"href":"https:\/\/gadgettravellers.eu\/it\/wp-json\/wp\/v2\/product"}],"about":[{"href":"https:\/\/gadgettravellers.eu\/it\/wp-json\/wp\/v2\/types\/product"}],"replies":[{"embeddable":true,"href":"https:\/\/gadgettravellers.eu\/it\/wp-json\/wp\/v2\/comments?post=5297780"}],"wp:featuredmedia":[{"embeddable":true,"href":"https:\/\/gadgettravellers.eu\/it\/wp-json\/wp\/v2\/media\/5077601"}],"wp:attachment":[{"href":"https:\/\/gadgettravellers.eu\/it\/wp-json\/wp\/v2\/media?parent=5297780"}],"wp:term":[{"taxonomy":"product_brand","embeddable":true,"href":"https:\/\/gadgettravellers.eu\/it\/wp-json\/wp\/v2\/product_brand?post=5297780"},{"taxonomy":"product_cat","embeddable":true,"href":"https:\/\/gadgettravellers.eu\/it\/wp-json\/wp\/v2\/product_cat?post=5297780"},{"taxonomy":"product_tag","embeddable":true,"href":"https:\/\/gadgettravellers.eu\/it\/wp-json\/wp\/v2\/product_tag?post=5297780"}],"curies":[{"name":"wp","href":"https:\/\/api.w.org\/{rel}","templated":true}]}}