{"id":5297821,"date":"2026-01-19T11:19:06","date_gmt":"2026-01-19T09:19:06","guid":{"rendered":"https:\/\/gadgettravellers.eu\/shop\/martello-demolitore-1100w-finder-197209\/"},"modified":"2026-03-09T21:21:49","modified_gmt":"2026-03-09T19:21:49","slug":"martello-demolitore-1100w-finder-197209","status":"publish","type":"product","link":"https:\/\/gadgettravellers.eu\/it\/shop\/martello-demolitore-1100w-finder-197209\/","title":{"rendered":"Martello demolitore &#8211; 1100W &#8211; Finder &#8211; 197209"},"content":{"rendered":"<p>Martello demolitore &#8211; 1100W, Finder<\/p>\n<p><span class=\"tlid-translation translation\" lang=\"el\"><span title=\"\">Tensione: 230V \/ 50HZ<\/span><br \/><span title=\"\">Potenza nominale: 1100W<\/span><br \/><span title=\"\">Corrente a vuoto: 3.0A<\/span><br \/><span title=\"\">Frequenza d&#8217;impatto: 3800BPM<\/span><br \/><span title=\"\">Joule: 15J<\/span><br \/><span title=\"\">Peso netto: 7.0KG<\/span><\/span><\/p>\n<p><span title=\"\">\u2013 1pc Maniglia ausiliaria<\/span><br \/><span class=\"\" title=\"\">\u2013 1pc SDS-HEX 17 * 280mm<\/span><br \/><span class=\"\" title=\"\">\u2013 1pc scalpello piatto SDS-HEX 17 * 280mm<\/span><\/p>\n<p>Dimensioni confezione: 38x 33 cm<\/p>\n<div class='aiseo-faq-section' style='margin-top:30px; border-top:1px solid #eee; padding-top:20px;'>\n<h3>Domande Frequenti<\/h3>\n<details style='margin-bottom:10px; padding:10px; background:#f9f9f9; border-radius:5px;'>\n<summary style='font-weight:bold; cursor:pointer;'>Qual \u00e8 la potenza nominale e la tensione dello strumento?<\/summary>\n<div style='margin-top:10px; color:#555;'>La potenza nominale \u00e8 1100W e la tensione 230V \/ 50Hz.<\/div>\n<\/details>\n<details style='margin-bottom:10px; padding:10px; background:#f9f9f9; border-radius:5px;'>\n<summary style='font-weight:bold; cursor:pointer;'>Qual \u00e8 l&#8217;energia d&#8217;impatto e i colpi al minuto?<\/summary>\n<div style='margin-top:10px; color:#555;'>L&#8217;energia d&#8217;urto \u00e8 15J e la velocit\u00e0 degli urti \u00e8 3800 BPM.<\/div>\n<\/details>\n<details style='margin-bottom:10px; padding:10px; background:#f9f9f9; border-radius:5px;'>\n<summary style='font-weight:bold; cursor:pointer;'>Quali accessori sono inclusi nella confezione?<\/summary>\n<div style='margin-top:10px; color:#555;'>Include maniglia ausiliaria e scalpello piatto SDS-HEX 17 x 280mm.<\/div>\n<\/details>\n<details style='margin-bottom:10px; padding:10px; background:#f9f9f9; border-radius:5px;'>\n<summary style='font-weight:bold; cursor:pointer;'>Qual \u00e8 il peso netto dello scavatore?<\/summary>\n<div style='margin-top:10px; color:#555;'>Il peso netto \u00e8 7,0 kg.<\/div>\n<\/details>\n<\/div>\n","protected":false},"excerpt":{"rendered":"<p>Martello demolitore 1100W con energia d&#8217;impatto di 15J e 3800 colpi\/minuto, ideale per lavori di demolizione e scavo impegnativi. Dotato di sistema SDS-HEX 17, scalpello piatto da 280mm e maniglia ausiliaria per una presa stabile.<\/p>\n","protected":false},"featured_media":5077942,"comment_status":"closed","ping_status":"open","template":"","meta":[],"product_brand":[],"product_cat":[],"product_tag":[15],"class_list":{"0":"post-5297821","1":"product","2":"type-product","3":"status-publish","4":"has-post-thumbnail","6":"product_tag-uncategorized","8":"first","9":"onbackorder","10":"purchasable","11":"product-type-simple"},"jetpack_sharing_enabled":true,"_links":{"self":[{"href":"https:\/\/gadgettravellers.eu\/it\/wp-json\/wp\/v2\/product\/5297821","targetHints":{"allow":["GET"]}}],"collection":[{"href":"https:\/\/gadgettravellers.eu\/it\/wp-json\/wp\/v2\/product"}],"about":[{"href":"https:\/\/gadgettravellers.eu\/it\/wp-json\/wp\/v2\/types\/product"}],"replies":[{"embeddable":true,"href":"https:\/\/gadgettravellers.eu\/it\/wp-json\/wp\/v2\/comments?post=5297821"}],"wp:featuredmedia":[{"embeddable":true,"href":"https:\/\/gadgettravellers.eu\/it\/wp-json\/wp\/v2\/media\/5077942"}],"wp:attachment":[{"href":"https:\/\/gadgettravellers.eu\/it\/wp-json\/wp\/v2\/media?parent=5297821"}],"wp:term":[{"taxonomy":"product_brand","embeddable":true,"href":"https:\/\/gadgettravellers.eu\/it\/wp-json\/wp\/v2\/product_brand?post=5297821"},{"taxonomy":"product_cat","embeddable":true,"href":"https:\/\/gadgettravellers.eu\/it\/wp-json\/wp\/v2\/product_cat?post=5297821"},{"taxonomy":"product_tag","embeddable":true,"href":"https:\/\/gadgettravellers.eu\/it\/wp-json\/wp\/v2\/product_tag?post=5297821"}],"curies":[{"name":"wp","href":"https:\/\/api.w.org\/{rel}","templated":true}]}}