{"id":5297842,"date":"2026-01-19T11:19:19","date_gmt":"2026-01-19T09:19:19","guid":{"rendered":"https:\/\/gadgettravellers.eu\/shop\/copriauto-car-cover-no-xxl-591026c\/"},"modified":"2026-04-14T00:42:36","modified_gmt":"2026-04-13T22:42:36","slug":"copriauto-car-cover-no-xxl-591026c","status":"publish","type":"product","link":"https:\/\/gadgettravellers.eu\/it\/shop\/copriauto-car-cover-no-xxl-591026c\/","title":{"rendered":"Copriauto &#8211; Car Cover &#8211; No.XXL &#8211; 591026C"},"content":{"rendered":"<p>Copertura per auto in materiale impermeabile rinforzato ad alta resistenza, taglia XXL.<\/p>\n<ul>\n<li>Realizzata in tessuto nylon rinforzato<\/li>\n<li>Dotata di elastico<\/li>\n<li>Protezione da pioggia, neve, polvere e sole<\/li>\n<li>Spessore della copertura: 1,5 mm<\/li>\n<li>(<strong>Non<\/strong> dispone di rivestimento interno)<\/li>\n<li>Dimensioni (XXL): 550 x 175 x 120 cm<\/li>\n<li>Dimensioni confezione: 24 x 30 centimetri.<\/li>\n<\/ul>\n","protected":false},"excerpt":{"rendered":"<p>Cappuccio impermeabile per auto No.XXL in nylon rinforzato, spessore 1,5 mm, dimensioni 550\u00d7175\u00d7120 cm. Protegge da pioggia, neve, polvere e sole, con elastico per una vestibilit\u00e0 stabile e confezione compatta.<\/p>\n","protected":false},"featured_media":5078092,"comment_status":"closed","ping_status":"open","template":"","meta":[],"product_brand":[],"product_cat":[],"product_tag":[15],"class_list":{"0":"post-5297842","1":"product","2":"type-product","3":"status-publish","4":"has-post-thumbnail","6":"product_tag-uncategorized","8":"first","9":"onbackorder","10":"purchasable","11":"product-type-simple"},"jetpack_sharing_enabled":true,"_links":{"self":[{"href":"https:\/\/gadgettravellers.eu\/it\/wp-json\/wp\/v2\/product\/5297842","targetHints":{"allow":["GET"]}}],"collection":[{"href":"https:\/\/gadgettravellers.eu\/it\/wp-json\/wp\/v2\/product"}],"about":[{"href":"https:\/\/gadgettravellers.eu\/it\/wp-json\/wp\/v2\/types\/product"}],"replies":[{"embeddable":true,"href":"https:\/\/gadgettravellers.eu\/it\/wp-json\/wp\/v2\/comments?post=5297842"}],"wp:featuredmedia":[{"embeddable":true,"href":"https:\/\/gadgettravellers.eu\/it\/wp-json\/wp\/v2\/media\/5078092"}],"wp:attachment":[{"href":"https:\/\/gadgettravellers.eu\/it\/wp-json\/wp\/v2\/media?parent=5297842"}],"wp:term":[{"taxonomy":"product_brand","embeddable":true,"href":"https:\/\/gadgettravellers.eu\/it\/wp-json\/wp\/v2\/product_brand?post=5297842"},{"taxonomy":"product_cat","embeddable":true,"href":"https:\/\/gadgettravellers.eu\/it\/wp-json\/wp\/v2\/product_cat?post=5297842"},{"taxonomy":"product_tag","embeddable":true,"href":"https:\/\/gadgettravellers.eu\/it\/wp-json\/wp\/v2\/product_tag?post=5297842"}],"curies":[{"name":"wp","href":"https:\/\/api.w.org\/{rel}","templated":true}]}}