{"id":5298023,"date":"2026-01-19T11:21:10","date_gmt":"2026-01-19T09:21:10","guid":{"rendered":"https:\/\/gadgettravellers.eu\/shop\/orologio-da-polso-digitale-skmei-1812-oro\/"},"modified":"2026-04-11T20:24:51","modified_gmt":"2026-04-11T18:24:51","slug":"orologio-da-polso-digitale-skmei-1812-oro","status":"publish","type":"product","link":"https:\/\/gadgettravellers.eu\/it\/shop\/orologio-da-polso-digitale-skmei-1812-oro\/","title":{"rendered":"Orologio da polso digitale \u2013 Skmei &#8211; 1812 &#8211; Oro"},"content":{"rendered":"<p>Orologio da polso digitale\/analogico Skmei con design eccezionale e stile che si adatta a ogni gusto e umore.<\/p>\n<p><strong>Caratteristiche:<\/strong><br \/>Vestibilit\u00e0 comoda<br \/>Resistenza all&#8217;umidit\u00e0<br \/>Coperchio della batteria in acciaio inossidabile<br \/>Lunghezza cinturino: 20cm<br \/>Larghezza quadrante: 22mm<\/p>\n","protected":false},"excerpt":{"rendered":"<p>Elegante orologio da polso digitale-analogico in tonalit\u00e0 dorata con vestibilit\u00e0 comoda e resistenza all&#8217;umidit\u00e0. Coperchio della batteria in acciaio inossidabile, quadrante da 22mm e lunghezza del cinturino di 20cm.<\/p>\n","protected":false},"featured_media":5079232,"comment_status":"closed","ping_status":"open","template":"","meta":[],"product_brand":[],"product_cat":[],"product_tag":[15],"class_list":{"0":"post-5298023","1":"product","2":"type-product","3":"status-publish","4":"has-post-thumbnail","6":"product_tag-uncategorized","8":"first","9":"onbackorder","10":"purchasable","11":"product-type-simple"},"jetpack_sharing_enabled":true,"_links":{"self":[{"href":"https:\/\/gadgettravellers.eu\/it\/wp-json\/wp\/v2\/product\/5298023","targetHints":{"allow":["GET"]}}],"collection":[{"href":"https:\/\/gadgettravellers.eu\/it\/wp-json\/wp\/v2\/product"}],"about":[{"href":"https:\/\/gadgettravellers.eu\/it\/wp-json\/wp\/v2\/types\/product"}],"replies":[{"embeddable":true,"href":"https:\/\/gadgettravellers.eu\/it\/wp-json\/wp\/v2\/comments?post=5298023"}],"wp:featuredmedia":[{"embeddable":true,"href":"https:\/\/gadgettravellers.eu\/it\/wp-json\/wp\/v2\/media\/5079232"}],"wp:attachment":[{"href":"https:\/\/gadgettravellers.eu\/it\/wp-json\/wp\/v2\/media?parent=5298023"}],"wp:term":[{"taxonomy":"product_brand","embeddable":true,"href":"https:\/\/gadgettravellers.eu\/it\/wp-json\/wp\/v2\/product_brand?post=5298023"},{"taxonomy":"product_cat","embeddable":true,"href":"https:\/\/gadgettravellers.eu\/it\/wp-json\/wp\/v2\/product_cat?post=5298023"},{"taxonomy":"product_tag","embeddable":true,"href":"https:\/\/gadgettravellers.eu\/it\/wp-json\/wp\/v2\/product_tag?post=5298023"}],"curies":[{"name":"wp","href":"https:\/\/api.w.org\/{rel}","templated":true}]}}