{"id":5298057,"date":"2026-01-19T11:21:30","date_gmt":"2026-01-19T09:21:30","guid":{"rendered":"https:\/\/gadgettravellers.eu\/shop\/canna-da-pesca-due-pezzi-27-m-830525\/"},"modified":"2026-04-13T00:42:22","modified_gmt":"2026-04-12T22:42:22","slug":"canna-da-pesca-due-pezzi-27-m-830525","status":"publish","type":"product","link":"https:\/\/gadgettravellers.eu\/it\/shop\/canna-da-pesca-due-pezzi-27-m-830525\/","title":{"rendered":"Canna da pesca &#8211; Due pezzi &#8211; 2,7 m &#8211; 830525"},"content":{"rendered":"<p>Canna da pesca, in due pezzi, in fibre rinforzate, armata con anelli e manico ergonomico di alta qualit\u00e0.<br \/>Casting Weight: 120-250gr<\/p>\n<div class='aiseo-faq-section' style='margin-top:30px; border-top:1px solid #eee; padding-top:20px;'>\n<h3>Domande Frequenti<\/h3>\n<details style='margin-bottom:10px; padding:10px; background:#f9f9f9; border-radius:5px;'>\n<summary style='font-weight:bold; cursor:pointer;'>Qual \u00e8 la lunghezza della canna?<\/summary>\n<div style='margin-top:10px; color:#555;'>La lunghezza \u00e8 di 2,7 metri.<\/div>\n<\/details>\n<details style='margin-bottom:10px; padding:10px; background:#f9f9f9; border-radius:5px;'>\n<summary style='font-weight:bold; cursor:pointer;'>Qual \u00e8 il peso di casting?<\/summary>\n<div style='margin-top:10px; color:#555;'>Il peso di lancio \u00e8 120\u2013250 gr, adatto per tiri lunghi e esche pesanti.<\/div>\n<\/details>\n<details style='margin-bottom:10px; padding:10px; background:#f9f9f9; border-radius:5px;'>\n<summary style='font-weight:bold; cursor:pointer;'>Di che materiale \u00e8 fatto il fusto?<\/summary>\n<div style='margin-top:10px; color:#555;'>\u00c8 realizzato in fibre rinforzate.<\/div>\n<\/details>\n<details style='margin-bottom:10px; padding:10px; background:#f9f9f9; border-radius:5px;'>\n<summary style='font-weight:bold; cursor:pointer;'>\u00c8 a due pezzi e quali caratteristiche ha la maniglia?<\/summary>\n<div style='margin-top:10px; color:#555;'>S\u00ec, \u00e8 un disco a due pezzi e dispone di una maniglia ergonomica di alta qualit\u00e0.<\/div>\n<\/details>\n<\/div>\n","protected":false},"excerpt":{"rendered":"<p>Canna da pesca telescopica 2,7 m in fibre rinforzate con anelli guida e impugnatura ergonomica. Peso di lancio 120\u2013250 gr per tiri lunghi e esche pesanti.<\/p>\n","protected":false},"featured_media":5079463,"comment_status":"closed","ping_status":"open","template":"","meta":[],"product_brand":[],"product_cat":[],"product_tag":[15],"class_list":{"0":"post-5298057","1":"product","2":"type-product","3":"status-publish","4":"has-post-thumbnail","6":"product_tag-uncategorized","8":"first","9":"onbackorder","10":"purchasable","11":"product-type-simple"},"jetpack_sharing_enabled":true,"_links":{"self":[{"href":"https:\/\/gadgettravellers.eu\/it\/wp-json\/wp\/v2\/product\/5298057","targetHints":{"allow":["GET"]}}],"collection":[{"href":"https:\/\/gadgettravellers.eu\/it\/wp-json\/wp\/v2\/product"}],"about":[{"href":"https:\/\/gadgettravellers.eu\/it\/wp-json\/wp\/v2\/types\/product"}],"replies":[{"embeddable":true,"href":"https:\/\/gadgettravellers.eu\/it\/wp-json\/wp\/v2\/comments?post=5298057"}],"wp:featuredmedia":[{"embeddable":true,"href":"https:\/\/gadgettravellers.eu\/it\/wp-json\/wp\/v2\/media\/5079463"}],"wp:attachment":[{"href":"https:\/\/gadgettravellers.eu\/it\/wp-json\/wp\/v2\/media?parent=5298057"}],"wp:term":[{"taxonomy":"product_brand","embeddable":true,"href":"https:\/\/gadgettravellers.eu\/it\/wp-json\/wp\/v2\/product_brand?post=5298057"},{"taxonomy":"product_cat","embeddable":true,"href":"https:\/\/gadgettravellers.eu\/it\/wp-json\/wp\/v2\/product_cat?post=5298057"},{"taxonomy":"product_tag","embeddable":true,"href":"https:\/\/gadgettravellers.eu\/it\/wp-json\/wp\/v2\/product_tag?post=5298057"}],"curies":[{"name":"wp","href":"https:\/\/api.w.org\/{rel}","templated":true}]}}