{"id":5298149,"date":"2026-01-19T11:22:26","date_gmt":"2026-01-19T09:22:26","guid":{"rendered":"https:\/\/gadgettravellers.eu\/shop\/dispositivo-portatile-per-la-sigillatura-ermetica-degli-alimenti-781219\/"},"modified":"2026-04-11T20:25:34","modified_gmt":"2026-04-11T18:25:34","slug":"dispositivo-portatile-per-la-sigillatura-ermetica-degli-alimenti-781219","status":"publish","type":"product","link":"https:\/\/gadgettravellers.eu\/it\/shop\/dispositivo-portatile-per-la-sigillatura-ermetica-degli-alimenti-781219\/","title":{"rendered":"Dispositivo portatile per la sigillatura ermetica degli alimenti &#8211; 781219"},"content":{"rendered":"<p>Sigillate ermeticamente i vostri alimenti e manteneteli freschi molto pi\u00f9 a lungo, proteggendoli dall&#8217;umidit\u00e0, dagli insetti, ecc., risparmiando allo stesso tempo spazio nel vostro frigorifero<\/p>\n<p>Facile da usare: basta posizionare il beccuccio di qualsiasi sacchetto sulla striscia riscaldante e premere per alcuni secondi.<\/p>\n<p>Si posiziona sul piano della cucina o, con le ventose e il nastro biadesivo presenti sul retro, pu\u00f2 essere appeso agli armadietti o al muro.<\/p>\n<p>\u00c8 portatile poich\u00e9 \u00e8 ricaricabile e funziona senza cavi o batterie.<br \/>Funziona con qualsiasi sacchetto.<\/p>\n<p>Caratteristiche:<\/p>\n<p>Potenza: 90W<br \/>Grado di aspirazione: -60Kqa<br \/>Tempo di aspirazione: 5-8 sec<br \/>Dimensioni: 37 x 7,5 x 4,5 cm<\/p>\n","protected":false},"excerpt":{"rendered":"<p>Sigillatrice alimentare portatile ricaricabile 90W per la chiusura ermetica di qualsiasi sacchetto. Si posiziona sul piano di lavoro o si appende con ventose, con aspirazione rapida di 5\u20138 secondi.<\/p>\n","protected":false},"featured_media":5080018,"comment_status":"closed","ping_status":"open","template":"","meta":[],"product_brand":[],"product_cat":[],"product_tag":[15],"class_list":{"0":"post-5298149","1":"product","2":"type-product","3":"status-publish","4":"has-post-thumbnail","6":"product_tag-uncategorized","8":"first","9":"onbackorder","10":"purchasable","11":"product-type-simple"},"jetpack_sharing_enabled":true,"_links":{"self":[{"href":"https:\/\/gadgettravellers.eu\/it\/wp-json\/wp\/v2\/product\/5298149","targetHints":{"allow":["GET"]}}],"collection":[{"href":"https:\/\/gadgettravellers.eu\/it\/wp-json\/wp\/v2\/product"}],"about":[{"href":"https:\/\/gadgettravellers.eu\/it\/wp-json\/wp\/v2\/types\/product"}],"replies":[{"embeddable":true,"href":"https:\/\/gadgettravellers.eu\/it\/wp-json\/wp\/v2\/comments?post=5298149"}],"wp:featuredmedia":[{"embeddable":true,"href":"https:\/\/gadgettravellers.eu\/it\/wp-json\/wp\/v2\/media\/5080018"}],"wp:attachment":[{"href":"https:\/\/gadgettravellers.eu\/it\/wp-json\/wp\/v2\/media?parent=5298149"}],"wp:term":[{"taxonomy":"product_brand","embeddable":true,"href":"https:\/\/gadgettravellers.eu\/it\/wp-json\/wp\/v2\/product_brand?post=5298149"},{"taxonomy":"product_cat","embeddable":true,"href":"https:\/\/gadgettravellers.eu\/it\/wp-json\/wp\/v2\/product_cat?post=5298149"},{"taxonomy":"product_tag","embeddable":true,"href":"https:\/\/gadgettravellers.eu\/it\/wp-json\/wp\/v2\/product_tag?post=5298149"}],"curies":[{"name":"wp","href":"https:\/\/api.w.org\/{rel}","templated":true}]}}