{"id":5298160,"date":"2026-01-19T11:22:34","date_gmt":"2026-01-19T09:22:34","guid":{"rendered":"https:\/\/gadgettravellers.eu\/shop\/altoparlante-bluetooth-wireless-con-cuffie-tg-808-883808-rosso\/"},"modified":"2026-04-22T20:33:41","modified_gmt":"2026-04-22T18:33:41","slug":"altoparlante-bluetooth-wireless-con-cuffie-tg-808-883808-rosso","status":"publish","type":"product","link":"https:\/\/gadgettravellers.eu\/it\/shop\/altoparlante-bluetooth-wireless-con-cuffie-tg-808-883808-rosso\/","title":{"rendered":"Altoparlante Bluetooth wireless con cuffie &#8211; TG-808 &#8211; 883808 &#8211; Rosso"},"content":{"rendered":"<p>Altoparlante Bluetooth wireless TG807 2 in 1, con set di cuffie wireless integrato. Offre un suono di alta qualit\u00e0 ed \u00e8 un set estremamente pratico che ti sar\u00e0 di grande aiuto, per non separarti mai dalla tua musica preferita.<\/p>\n<p><strong>Caratteristiche:<\/strong><\/p>\n<ul>\n<li><span class=\"VIiyi\" lang=\"el\"><span class=\"JLqJ4b ChMk0b\" data-language-for-alternatives=\"el\" data-language-to-translate-into=\"it\" data-phrase-index=\"2\" data-number-of-phrases=\"23\">Versione Bluetooth: V5.0<\/span> <\/span><\/li>\n<li><span class=\"VIiyi\" lang=\"el\"><span class=\"JLqJ4b ChMk0b\" data-language-for-alternatives=\"el\" data-language-to-translate-into=\"it\" data-phrase-index=\"4\" data-number-of-phrases=\"23\">Portata trasmissione wireless: 10M<\/span><\/span><\/li>\n<li><span class=\"VIiyi\" lang=\"el\"><span class=\"JLqJ4b ChMk0b\" data-language-for-alternatives=\"el\" data-language-to-translate-into=\"it\" data-phrase-index=\"22\" data-number-of-phrases=\"23\">Radio FM<\/span><\/span><\/li>\n<li>Porte: <span class=\"VIiyi\" lang=\"el\"><span class=\"JLqJ4b ChMk0b\" data-language-for-alternatives=\"el\" data-language-to-translate-into=\"it\" data-phrase-index=\"22\" data-number-of-phrases=\"23\">TF Card, USB, AUX<\/span><\/span><\/li>\n<li><span class=\"VIiyi\" lang=\"el\"><span class=\"JLqJ4b ChMk0b\" data-language-for-alternatives=\"el\" data-language-to-translate-into=\"it\" data-phrase-index=\"6\" data-number-of-phrases=\"23\">Batteria: <\/span><\/span><span class=\"VIiyi\" lang=\"el\"><span class=\"JLqJ4b ChMk0b\" data-language-for-alternatives=\"el\" data-language-to-translate-into=\"it\" data-phrase-index=\"8\" data-number-of-phrases=\"23\">3,7V, <\/span><\/span><span class=\"VIiyi\" lang=\"el\"><span class=\"JLqJ4b ChMk0b\" data-language-for-alternatives=\"el\" data-language-to-translate-into=\"it\" data-phrase-index=\"6\" data-number-of-phrases=\"23\">500Mah<\/span> <\/span><\/li>\n<li>Batteria cuffie: 30mAh<\/li>\n<li><span class=\"VIiyi\" lang=\"el\">P<span class=\"JLqJ4b ChMk0b\" data-language-for-alternatives=\"el\" data-language-to-translate-into=\"it\" data-phrase-index=\"12\" data-number-of-phrases=\"23\">otenza: 5W<\/span> <\/span><\/li>\n<li><span class=\"VIiyi\" lang=\"el\"><span class=\"JLqJ4b ChMk0b\" data-language-for-alternatives=\"el\" data-language-to-translate-into=\"it\" data-phrase-index=\"14\" data-number-of-phrases=\"23\">Tensione di carica: 5V<\/span> <\/span><\/li>\n<li><span class=\"VIiyi\" lang=\"el\"><span class=\"JLqJ4b ChMk0b\" data-language-for-alternatives=\"el\" data-language-to-translate-into=\"it\" data-phrase-index=\"16\" data-number-of-phrases=\"23\">Dimensioni: 10<\/span><\/span><span class=\"VIiyi\" lang=\"el\"><span class=\"JLqJ4b ChMk0b\" data-language-for-alternatives=\"el\" data-language-to-translate-into=\"it\" data-phrase-index=\"16\" data-number-of-phrases=\"23\"> x 4cm<\/span> <\/span><\/li>\n<li><span class=\"VIiyi\" lang=\"el\"><span class=\"JLqJ4b ChMk0b\" data-language-for-alternatives=\"el\" data-language-to-translate-into=\"it\" data-phrase-index=\"18\" data-number-of-phrases=\"23\">Peso: 0.170g<\/span> <\/span><\/li>\n<\/ul>\n","protected":false},"excerpt":{"rendered":"<p>Altoparlante Bluetooth wireless compatto 2-in-1 con cuffie wireless integrate, Bluetooth 5.0, FM, TF\/USB\/AUX, batteria 500mAh e potenza 5W \u2014 suono portatile e praticit\u00e0.<\/p>\n","protected":false},"featured_media":5080142,"comment_status":"closed","ping_status":"open","template":"","meta":[],"product_brand":[],"product_cat":[],"product_tag":[15],"class_list":{"0":"post-5298160","1":"product","2":"type-product","3":"status-publish","4":"has-post-thumbnail","6":"product_tag-uncategorized","8":"first","9":"onbackorder","10":"purchasable","11":"product-type-simple"},"jetpack_sharing_enabled":true,"_links":{"self":[{"href":"https:\/\/gadgettravellers.eu\/it\/wp-json\/wp\/v2\/product\/5298160","targetHints":{"allow":["GET"]}}],"collection":[{"href":"https:\/\/gadgettravellers.eu\/it\/wp-json\/wp\/v2\/product"}],"about":[{"href":"https:\/\/gadgettravellers.eu\/it\/wp-json\/wp\/v2\/types\/product"}],"replies":[{"embeddable":true,"href":"https:\/\/gadgettravellers.eu\/it\/wp-json\/wp\/v2\/comments?post=5298160"}],"wp:featuredmedia":[{"embeddable":true,"href":"https:\/\/gadgettravellers.eu\/it\/wp-json\/wp\/v2\/media\/5080142"}],"wp:attachment":[{"href":"https:\/\/gadgettravellers.eu\/it\/wp-json\/wp\/v2\/media?parent=5298160"}],"wp:term":[{"taxonomy":"product_brand","embeddable":true,"href":"https:\/\/gadgettravellers.eu\/it\/wp-json\/wp\/v2\/product_brand?post=5298160"},{"taxonomy":"product_cat","embeddable":true,"href":"https:\/\/gadgettravellers.eu\/it\/wp-json\/wp\/v2\/product_cat?post=5298160"},{"taxonomy":"product_tag","embeddable":true,"href":"https:\/\/gadgettravellers.eu\/it\/wp-json\/wp\/v2\/product_tag?post=5298160"}],"curies":[{"name":"wp","href":"https:\/\/api.w.org\/{rel}","templated":true}]}}