{"id":5298479,"date":"2026-01-19T11:25:53","date_gmt":"2026-01-19T09:25:53","guid":{"rendered":"https:\/\/gadgettravellers.eu\/shop\/sega-da-banco-per-taglio-alluminio-2000w-finder-197368\/"},"modified":"2026-04-13T00:45:14","modified_gmt":"2026-04-12T22:45:14","slug":"sega-da-banco-per-taglio-alluminio-2000w-finder-197368","status":"publish","type":"product","link":"https:\/\/gadgettravellers.eu\/it\/shop\/sega-da-banco-per-taglio-alluminio-2000w-finder-197368\/","title":{"rendered":"Sega da banco per taglio alluminio &#8211; 2000W &#8211; Finder &#8211; 197368"},"content":{"rendered":"<p>Caratteristiche:<br \/>Potenza: 2000W<br \/>Velocit\u00e0: 5000RPM<br \/>Dimensioni della lama: 255*30mm<br \/>Capacit\u00e0 di taglio: 305*65mm, 45:305*36mm, 45:205*65mm, 45:205*36mm<br \/>Tensione: 220-240V<br \/>Frequenza: 50\/60HZ<\/p>\n<p>Inclusa 1 lama 255*30*2.8mm*24T<\/p>\n<p>Dimensioni della confezione: 57 x 44 cm<\/p>\n<div class=\"notranslate\" style=\"all: initial;\">\u00a0<\/div>\n<div class='aiseo-faq-section' style='margin-top:30px; border-top:1px solid #eee; padding-top:20px;'>\n<h3>Domande Frequenti<\/h3>\n<details style='margin-bottom:10px; padding:10px; background:#f9f9f9; border-radius:5px;'>\n<summary style='font-weight:bold; cursor:pointer;'>Qual \u00e8 la potenza e la velocit\u00e0 di funzionamento?<\/summary>\n<div style='margin-top:10px; color:#555;'>La sega circolare ha una potenza di 2000W e funziona a 5000 giri\/min.<\/div>\n<\/details>\n<details style='margin-bottom:10px; padding:10px; background:#f9f9f9; border-radius:5px;'>\n<summary style='font-weight:bold; cursor:pointer;'>Che tipo e quali dimensioni ha la lama inclusa?<\/summary>\n<div style='margin-top:10px; color:#555;'>Include lama 255\u00d730\u00d72,8 mm con 24 denti (24T).<\/div>\n<\/details>\n<details style='margin-bottom:10px; padding:10px; background:#f9f9f9; border-radius:5px;'>\n<summary style='font-weight:bold; cursor:pointer;'>Qual \u00e8 la massima capacit\u00e0 di taglio?<\/summary>\n<div style='margin-top:10px; color:#555;'>Massime dimensioni di taglio fino a 305\u00d765 mm, con regolazioni aggiuntive di inclinazione a 45\u00b0 (305\u00d736 mm, 205\u00d765 mm, 205\u00d736 mm).<\/div>\n<\/details>\n<details style='margin-bottom:10px; padding:10px; background:#f9f9f9; border-radius:5px;'>\n<summary style='font-weight:bold; cursor:pointer;'>Qual \u00e8 la tensione e la frequenza di funzionamento richieste?<\/summary>\n<div style='margin-top:10px; color:#555;'>Funziona a 220\u2013240V e 50\/60 Hz.<\/div>\n<\/details>\n<\/div>\n","protected":false},"excerpt":{"rendered":"<p>Sega da banco 2000W per il taglio dell&#8217;alluminio con velocit\u00e0 5000RPM e lama inclusa 255x30x2.8mm (24T). Taglia fino a 305x65mm e ha una capacit\u00e0 di inclinazione di 45\u00b0.<\/p>\n","protected":false},"featured_media":5082583,"comment_status":"closed","ping_status":"open","template":"","meta":[],"product_brand":[],"product_cat":[],"product_tag":[15],"class_list":{"0":"post-5298479","1":"product","2":"type-product","3":"status-publish","4":"has-post-thumbnail","6":"product_tag-uncategorized","8":"first","9":"onbackorder","10":"purchasable","11":"product-type-simple"},"jetpack_sharing_enabled":true,"_links":{"self":[{"href":"https:\/\/gadgettravellers.eu\/it\/wp-json\/wp\/v2\/product\/5298479","targetHints":{"allow":["GET"]}}],"collection":[{"href":"https:\/\/gadgettravellers.eu\/it\/wp-json\/wp\/v2\/product"}],"about":[{"href":"https:\/\/gadgettravellers.eu\/it\/wp-json\/wp\/v2\/types\/product"}],"replies":[{"embeddable":true,"href":"https:\/\/gadgettravellers.eu\/it\/wp-json\/wp\/v2\/comments?post=5298479"}],"wp:featuredmedia":[{"embeddable":true,"href":"https:\/\/gadgettravellers.eu\/it\/wp-json\/wp\/v2\/media\/5082583"}],"wp:attachment":[{"href":"https:\/\/gadgettravellers.eu\/it\/wp-json\/wp\/v2\/media?parent=5298479"}],"wp:term":[{"taxonomy":"product_brand","embeddable":true,"href":"https:\/\/gadgettravellers.eu\/it\/wp-json\/wp\/v2\/product_brand?post=5298479"},{"taxonomy":"product_cat","embeddable":true,"href":"https:\/\/gadgettravellers.eu\/it\/wp-json\/wp\/v2\/product_cat?post=5298479"},{"taxonomy":"product_tag","embeddable":true,"href":"https:\/\/gadgettravellers.eu\/it\/wp-json\/wp\/v2\/product_tag?post=5298479"}],"curies":[{"name":"wp","href":"https:\/\/api.w.org\/{rel}","templated":true}]}}