{"id":5298503,"date":"2026-01-19T11:26:06","date_gmt":"2026-01-19T09:26:06","guid":{"rendered":"https:\/\/gadgettravellers.eu\/shop\/crepiera-elettrica-kc3016-dsp-562625-nero\/"},"modified":"2026-04-11T20:27:16","modified_gmt":"2026-04-11T18:27:16","slug":"crepiera-elettrica-kc3016-dsp-562625-nero","status":"publish","type":"product","link":"https:\/\/gadgettravellers.eu\/it\/shop\/crepiera-elettrica-kc3016-dsp-562625-nero\/","title":{"rendered":"Crepiera elettrica &#8211; KC3016 &#8211; DSP &#8211; 562625 &#8211; Nero"},"content":{"rendered":"<p>Con la crepiera elettrica DSP, la cr\u00eape diventer\u00e0 parte della tua alimentazione quotidiana, poich\u00e9 ridurr\u00e0 al minimo il tempo di preparazione. Il rivestimento antiaderente rinforzato della piastra garantisce una facile rimozione della sfoglia di cr\u00eape senza che si attacchi, ed \u00e8 molto facile da pulire. Il materiale della piastra offre una distribuzione uniforme e rapida del calore. Il suo utilizzo \u00e8 estremamente semplice, poich\u00e9 dispone di un solo interruttore di accensione\/spegnimento pratico sul manico. Basta immergere la superficie calda nell&#8217;impasto e godersi la cottura perfetta. La base \u00e8 dotata di piedini antiscivolo per stabilit\u00e0 e sicurezza durante l&#8217;uso. Caratteristiche: Dimensioni: 20 x 41,5 x 4,5 cm Diametro: 20 cm Potenza: 650W Alimentazione: 220-240V \/ 50-60Hz Peso: 640 gr Interruttore On\/Off con spia luminosa Sono incluse istruzioni in inglese e cinese.<\/p>\n","protected":false},"excerpt":{"rendered":"<p>Crespiera elettrica DSP 650W con diametro di 20cm e piastra antiaderente rinforzata per una cottura uniforme. Facile da usare con interruttore on\/off, piedini antiscivolo e facile da pulire.<\/p>\n","protected":false},"featured_media":5082746,"comment_status":"closed","ping_status":"open","template":"","meta":[],"product_brand":[],"product_cat":[],"product_tag":[15],"class_list":{"0":"post-5298503","1":"product","2":"type-product","3":"status-publish","4":"has-post-thumbnail","6":"product_tag-uncategorized","8":"first","9":"onbackorder","10":"purchasable","11":"product-type-simple"},"jetpack_sharing_enabled":true,"_links":{"self":[{"href":"https:\/\/gadgettravellers.eu\/it\/wp-json\/wp\/v2\/product\/5298503","targetHints":{"allow":["GET"]}}],"collection":[{"href":"https:\/\/gadgettravellers.eu\/it\/wp-json\/wp\/v2\/product"}],"about":[{"href":"https:\/\/gadgettravellers.eu\/it\/wp-json\/wp\/v2\/types\/product"}],"replies":[{"embeddable":true,"href":"https:\/\/gadgettravellers.eu\/it\/wp-json\/wp\/v2\/comments?post=5298503"}],"wp:featuredmedia":[{"embeddable":true,"href":"https:\/\/gadgettravellers.eu\/it\/wp-json\/wp\/v2\/media\/5082746"}],"wp:attachment":[{"href":"https:\/\/gadgettravellers.eu\/it\/wp-json\/wp\/v2\/media?parent=5298503"}],"wp:term":[{"taxonomy":"product_brand","embeddable":true,"href":"https:\/\/gadgettravellers.eu\/it\/wp-json\/wp\/v2\/product_brand?post=5298503"},{"taxonomy":"product_cat","embeddable":true,"href":"https:\/\/gadgettravellers.eu\/it\/wp-json\/wp\/v2\/product_cat?post=5298503"},{"taxonomy":"product_tag","embeddable":true,"href":"https:\/\/gadgettravellers.eu\/it\/wp-json\/wp\/v2\/product_tag?post=5298503"}],"curies":[{"name":"wp","href":"https:\/\/api.w.org\/{rel}","templated":true}]}}