{"id":5298511,"date":"2026-01-19T11:26:10","date_gmt":"2026-01-19T09:26:10","guid":{"rendered":"https:\/\/gadgettravellers.eu\/shop\/macina-caffe-ka3025-dsp-560973\/"},"modified":"2026-04-22T20:35:38","modified_gmt":"2026-04-22T18:35:38","slug":"macina-caffe-ka3025-dsp-560973","status":"publish","type":"product","link":"https:\/\/gadgettravellers.eu\/it\/shop\/macina-caffe-ka3025-dsp-560973\/","title":{"rendered":"Macina caff\u00e8 &#8211; KA3025 &#8211; DSP &#8211; 560973"},"content":{"rendered":"<p>Macina caff\u00e8 di alta qualit\u00e0 e potenza della DSP, ideale per avere il proprio caff\u00e8 espresso aromatico appena macinato nel comfort della propria casa.<\/p>\n<p>Caratteristiche: Tensione: 220-240V~50\/60Hz Potenza: 650W Capacit\u00e0: 100gr Tempo di macinatura: 1-3 minuti Lame in acciaio inox, Corpo in inox, Base antiscivolo, Dimensioni: 14x31cm.<\/p>\n<p>Sono incluse istruzioni in inglese e cinese.<\/p>\n","protected":false},"excerpt":{"rendered":"<p>Macina caff\u00e8 elettrico potente da 650W con lame in acciaio inossidabile e capacit\u00e0 di 100 g. Design compatto con base antiscivolo per un espresso appena macinato a casa.<\/p>\n","protected":false},"featured_media":5082804,"comment_status":"closed","ping_status":"open","template":"","meta":[],"product_brand":[],"product_cat":[],"product_tag":[15],"class_list":{"0":"post-5298511","1":"product","2":"type-product","3":"status-publish","4":"has-post-thumbnail","6":"product_tag-uncategorized","8":"first","9":"onbackorder","10":"purchasable","11":"product-type-simple"},"jetpack_sharing_enabled":true,"_links":{"self":[{"href":"https:\/\/gadgettravellers.eu\/it\/wp-json\/wp\/v2\/product\/5298511","targetHints":{"allow":["GET"]}}],"collection":[{"href":"https:\/\/gadgettravellers.eu\/it\/wp-json\/wp\/v2\/product"}],"about":[{"href":"https:\/\/gadgettravellers.eu\/it\/wp-json\/wp\/v2\/types\/product"}],"replies":[{"embeddable":true,"href":"https:\/\/gadgettravellers.eu\/it\/wp-json\/wp\/v2\/comments?post=5298511"}],"wp:featuredmedia":[{"embeddable":true,"href":"https:\/\/gadgettravellers.eu\/it\/wp-json\/wp\/v2\/media\/5082804"}],"wp:attachment":[{"href":"https:\/\/gadgettravellers.eu\/it\/wp-json\/wp\/v2\/media?parent=5298511"}],"wp:term":[{"taxonomy":"product_brand","embeddable":true,"href":"https:\/\/gadgettravellers.eu\/it\/wp-json\/wp\/v2\/product_brand?post=5298511"},{"taxonomy":"product_cat","embeddable":true,"href":"https:\/\/gadgettravellers.eu\/it\/wp-json\/wp\/v2\/product_cat?post=5298511"},{"taxonomy":"product_tag","embeddable":true,"href":"https:\/\/gadgettravellers.eu\/it\/wp-json\/wp\/v2\/product_tag?post=5298511"}],"curies":[{"name":"wp","href":"https:\/\/api.w.org\/{rel}","templated":true}]}}