{"id":5298529,"date":"2026-01-19T11:26:22","date_gmt":"2026-01-19T09:26:22","guid":{"rendered":"https:\/\/gadgettravellers.eu\/shop\/gioco-per-cane-con-premio-13-5x8cm-550486\/"},"modified":"2026-04-22T20:35:45","modified_gmt":"2026-04-22T18:35:45","slug":"gioco-per-cane-con-premio-13-5x8cm-550486","status":"publish","type":"product","link":"https:\/\/gadgettravellers.eu\/it\/shop\/gioco-per-cane-con-premio-13-5x8cm-550486\/","title":{"rendered":"Gioco per cane con premio &#8211; 13.5x8cm &#8211; 550486"},"content":{"rendered":"<p>Gioco per cani con rientranze per leccornie, realizzato in TPR resistente e non tossico. Diventer\u00e0 il gioco quotidiano preferito che il tuo cagnolino adorer\u00e0 e che lo terr\u00e0 occupato per ore. Dimensioni: 13,5x8cm.<\/p>\n<p>*Disponibile in vari colori &#8211; Spedizione del colore in base alla disponibilit\u00e0.<\/p>\n","protected":false},"excerpt":{"rendered":"<p>Gioco resistente per cani in TPR non tossico con incavi per leccornie, dimensioni 13,5x8cm. Sicuro e divertente per l&#8217;occupazione quotidiana \u2014 spedizione del colore in base alla disponibilit\u00e0.<\/p>\n","protected":false},"featured_media":5082891,"comment_status":"closed","ping_status":"open","template":"","meta":[],"product_brand":[],"product_cat":[],"product_tag":[15],"class_list":{"0":"post-5298529","1":"product","2":"type-product","3":"status-publish","4":"has-post-thumbnail","6":"product_tag-uncategorized","8":"first","9":"onbackorder","10":"purchasable","11":"product-type-simple"},"jetpack_sharing_enabled":true,"_links":{"self":[{"href":"https:\/\/gadgettravellers.eu\/it\/wp-json\/wp\/v2\/product\/5298529","targetHints":{"allow":["GET"]}}],"collection":[{"href":"https:\/\/gadgettravellers.eu\/it\/wp-json\/wp\/v2\/product"}],"about":[{"href":"https:\/\/gadgettravellers.eu\/it\/wp-json\/wp\/v2\/types\/product"}],"replies":[{"embeddable":true,"href":"https:\/\/gadgettravellers.eu\/it\/wp-json\/wp\/v2\/comments?post=5298529"}],"wp:featuredmedia":[{"embeddable":true,"href":"https:\/\/gadgettravellers.eu\/it\/wp-json\/wp\/v2\/media\/5082891"}],"wp:attachment":[{"href":"https:\/\/gadgettravellers.eu\/it\/wp-json\/wp\/v2\/media?parent=5298529"}],"wp:term":[{"taxonomy":"product_brand","embeddable":true,"href":"https:\/\/gadgettravellers.eu\/it\/wp-json\/wp\/v2\/product_brand?post=5298529"},{"taxonomy":"product_cat","embeddable":true,"href":"https:\/\/gadgettravellers.eu\/it\/wp-json\/wp\/v2\/product_cat?post=5298529"},{"taxonomy":"product_tag","embeddable":true,"href":"https:\/\/gadgettravellers.eu\/it\/wp-json\/wp\/v2\/product_tag?post=5298529"}],"curies":[{"name":"wp","href":"https:\/\/api.w.org\/{rel}","templated":true}]}}