{"id":5298535,"date":"2026-01-19T11:26:28","date_gmt":"2026-01-19T09:26:28","guid":{"rendered":"https:\/\/gadgettravellers.eu\/shop\/giocattolo-di-peluche-palla-per-cane-11cm-550862\/"},"modified":"2026-03-09T21:29:14","modified_gmt":"2026-03-09T19:29:14","slug":"giocattolo-di-peluche-palla-per-cane-11cm-550862","status":"publish","type":"product","link":"https:\/\/gadgettravellers.eu\/it\/shop\/giocattolo-di-peluche-palla-per-cane-11cm-550862\/","title":{"rendered":"Giocattolo di peluche palla per cane &#8211; 11cm &#8211; 550862"},"content":{"rendered":"<p>Giocattolo di peluche per cani &#8211; Soft Toy, realizzato in materiale morbido ma particolarmente resistente e non tossico. Diventer\u00e0 il gioco quotidiano preferito che il tuo cagnolino adorer\u00e0.<\/p>\n<p>*Disponibile in una variet\u00e0 di colori &#8211; Spedizione del colore in base alla disponibilit\u00e0.<\/p>\n<div class='aiseo-faq-section' style='margin-top:30px; border-top:1px solid #eee; padding-top:20px;'>\n<h3>Domande Frequenti<\/h3>\n<details style='margin-bottom:10px; padding:10px; background:#f9f9f9; border-radius:5px;'>\n<summary style='font-weight:bold; cursor:pointer;'>Di che materiale \u00e8 fatto il giocattolo?<\/summary>\n<div style='margin-top:10px; color:#555;'>\u00c8 realizzato in materiale morbido ma particolarmente resistente e non tossico.<\/div>\n<\/details>\n<details style='margin-bottom:10px; padding:10px; background:#f9f9f9; border-radius:5px;'>\n<summary style='font-weight:bold; cursor:pointer;'>Qual \u00e8 la dimensione della palla?<\/summary>\n<div style='margin-top:10px; color:#555;'>La palla ha un diametro di circa 11 cm.<\/div>\n<\/details>\n<details style='margin-bottom:10px; padding:10px; background:#f9f9f9; border-radius:5px;'>\n<summary style='font-weight:bold; cursor:pointer;'>Disponibile in altri colori?<\/summary>\n<div style='margin-top:10px; color:#555;'>S\u00ec, \u00e8 disponibile in una variet\u00e0 di colori e viene spedito in base alla disponibilit\u00e0.<\/div>\n<\/details>\n<\/div>\n","protected":false},"excerpt":{"rendered":"<p>Giocattolo morbido in peluche a forma di palla 11cm per cani, realizzato in materiale resistente e non tossico. Disponibile in una variet\u00e0 di colori \u2014 spedizione in base alla disponibilit\u00e0.<\/p>\n","protected":false},"featured_media":5082933,"comment_status":"closed","ping_status":"open","template":"","meta":[],"product_brand":[],"product_cat":[],"product_tag":[15],"class_list":{"0":"post-5298535","1":"product","2":"type-product","3":"status-publish","4":"has-post-thumbnail","6":"product_tag-uncategorized","8":"first","9":"onbackorder","10":"purchasable","11":"product-type-simple"},"jetpack_sharing_enabled":true,"_links":{"self":[{"href":"https:\/\/gadgettravellers.eu\/it\/wp-json\/wp\/v2\/product\/5298535","targetHints":{"allow":["GET"]}}],"collection":[{"href":"https:\/\/gadgettravellers.eu\/it\/wp-json\/wp\/v2\/product"}],"about":[{"href":"https:\/\/gadgettravellers.eu\/it\/wp-json\/wp\/v2\/types\/product"}],"replies":[{"embeddable":true,"href":"https:\/\/gadgettravellers.eu\/it\/wp-json\/wp\/v2\/comments?post=5298535"}],"wp:featuredmedia":[{"embeddable":true,"href":"https:\/\/gadgettravellers.eu\/it\/wp-json\/wp\/v2\/media\/5082933"}],"wp:attachment":[{"href":"https:\/\/gadgettravellers.eu\/it\/wp-json\/wp\/v2\/media?parent=5298535"}],"wp:term":[{"taxonomy":"product_brand","embeddable":true,"href":"https:\/\/gadgettravellers.eu\/it\/wp-json\/wp\/v2\/product_brand?post=5298535"},{"taxonomy":"product_cat","embeddable":true,"href":"https:\/\/gadgettravellers.eu\/it\/wp-json\/wp\/v2\/product_cat?post=5298535"},{"taxonomy":"product_tag","embeddable":true,"href":"https:\/\/gadgettravellers.eu\/it\/wp-json\/wp\/v2\/product_tag?post=5298535"}],"curies":[{"name":"wp","href":"https:\/\/api.w.org\/{rel}","templated":true}]}}