{"id":5298557,"date":"2026-01-19T11:26:39","date_gmt":"2026-01-19T09:26:39","guid":{"rendered":"https:\/\/gadgettravellers.eu\/shop\/giocattolo-di-peluche-per-cane-natalizio-20x15cm-550771\/"},"modified":"2026-03-09T21:29:27","modified_gmt":"2026-03-09T19:29:27","slug":"giocattolo-di-peluche-per-cane-natalizio-20x15cm-550771","status":"publish","type":"product","link":"https:\/\/gadgettravellers.eu\/it\/shop\/giocattolo-di-peluche-per-cane-natalizio-20x15cm-550771\/","title":{"rendered":"Giocattolo di peluche per cane natalizio &#8211; 20x15cm &#8211; 550771"},"content":{"rendered":"<p>Giocattolo di peluche per cani &#8211; Soft Toy, realizzato in materiale morbido ma particolarmente resistente e non tossico. Diventer\u00e0 il gioco quotidiano preferito che il tuo cagnolino adorer\u00e0.<\/p>\n<p>*Disponibile in una variet\u00e0 di modelli &#8211; Invio del modello in base alla disponibilit\u00e0.<\/p>\n<div class='aiseo-faq-section' style='margin-top:30px; border-top:1px solid #eee; padding-top:20px;'>\n<h3>Domande Frequenti<\/h3>\n<details style='margin-bottom:10px; padding:10px; background:#f9f9f9; border-radius:5px;'>\n<summary style='font-weight:bold; cursor:pointer;'>Di che materiale \u00e8 fatto il giocattolo?<\/summary>\n<div style='margin-top:10px; color:#555;'>\u00c8 realizzato in materiale morbido ma particolarmente resistente e non tossico.<\/div>\n<\/details>\n<details style='margin-bottom:10px; padding:10px; background:#f9f9f9; border-radius:5px;'>\n<summary style='font-weight:bold; cursor:pointer;'>\u00c8 sicuro per il gioco quotidiano?<\/summary>\n<div style='margin-top:10px; color:#555;'>S\u00ec, il materiale \u00e8 atossico e progettato per l&#8217;uso quotidiano del vostro cucciolo.<\/div>\n<\/details>\n<details style='margin-bottom:10px; padding:10px; background:#f9f9f9; border-radius:5px;'>\n<summary style='font-weight:bold; cursor:pointer;'>Disponibile in diversi modelli?<\/summary>\n<div style='margin-top:10px; color:#555;'>S\u00ec, c&#8217;\u00e8 una variet\u00e0 di modelli e viene inviato un modello in base alla disponibilit\u00e0.<\/div>\n<\/details>\n<details style='margin-bottom:10px; padding:10px; background:#f9f9f9; border-radius:5px;'>\n<summary style='font-weight:bold; cursor:pointer;'>Quali sono le dimensioni del gioco?<\/summary>\n<div style='margin-top:10px; color:#555;'>Le dimensioni sono circa 20&#215;15 cm.<\/div>\n<\/details>\n<\/div>\n","protected":false},"excerpt":{"rendered":"<p>Giocattolo natalizio in peluche per cani, morbido e resistente, realizzato con materiale non tossico. Disponibile in una variet\u00e0 di design, ideale come regalo.<\/p>\n","protected":false},"featured_media":5083055,"comment_status":"closed","ping_status":"open","template":"","meta":[],"product_brand":[],"product_cat":[],"product_tag":[15],"class_list":{"0":"post-5298557","1":"product","2":"type-product","3":"status-publish","4":"has-post-thumbnail","6":"product_tag-uncategorized","8":"first","9":"onbackorder","10":"purchasable","11":"product-type-simple"},"jetpack_sharing_enabled":true,"_links":{"self":[{"href":"https:\/\/gadgettravellers.eu\/it\/wp-json\/wp\/v2\/product\/5298557","targetHints":{"allow":["GET"]}}],"collection":[{"href":"https:\/\/gadgettravellers.eu\/it\/wp-json\/wp\/v2\/product"}],"about":[{"href":"https:\/\/gadgettravellers.eu\/it\/wp-json\/wp\/v2\/types\/product"}],"replies":[{"embeddable":true,"href":"https:\/\/gadgettravellers.eu\/it\/wp-json\/wp\/v2\/comments?post=5298557"}],"wp:featuredmedia":[{"embeddable":true,"href":"https:\/\/gadgettravellers.eu\/it\/wp-json\/wp\/v2\/media\/5083055"}],"wp:attachment":[{"href":"https:\/\/gadgettravellers.eu\/it\/wp-json\/wp\/v2\/media?parent=5298557"}],"wp:term":[{"taxonomy":"product_brand","embeddable":true,"href":"https:\/\/gadgettravellers.eu\/it\/wp-json\/wp\/v2\/product_brand?post=5298557"},{"taxonomy":"product_cat","embeddable":true,"href":"https:\/\/gadgettravellers.eu\/it\/wp-json\/wp\/v2\/product_cat?post=5298557"},{"taxonomy":"product_tag","embeddable":true,"href":"https:\/\/gadgettravellers.eu\/it\/wp-json\/wp\/v2\/product_tag?post=5298557"}],"curies":[{"name":"wp","href":"https:\/\/api.w.org\/{rel}","templated":true}]}}