{"id":5298787,"date":"2026-01-19T11:28:48","date_gmt":"2026-01-19T09:28:48","guid":{"rendered":"https:\/\/gadgettravellers.eu\/shop\/orologio-da-polso-analogico-skmei-9073-marrone-argento\/"},"modified":"2026-03-09T21:31:39","modified_gmt":"2026-03-09T19:31:39","slug":"orologio-da-polso-analogico-skmei-9073-marrone-argento","status":"publish","type":"product","link":"https:\/\/gadgettravellers.eu\/it\/shop\/orologio-da-polso-analogico-skmei-9073-marrone-argento\/","title":{"rendered":"Orologio da polso analogico \u2013 Skmei &#8211; 9073 &#8211; Marrone\/Argento"},"content":{"rendered":"<p>Orologio da polso analogico Skmei con design eccezionale e stile che si adatta a ogni gusto e umore.<\/p>\n<p>Caratteristiche:<br \/>\nVestibilit\u00e0 comoda<br \/>\nResistenza all&#8217;umidit\u00e0<br \/>\nCoperchio della batteria in acciaio inossidabile, cinturino in pelle sintetica goffrata,<br \/>\nLunghezza cinturino: 20cm<br \/>\nDiametro quadrante: 25mm.<\/p>\n<div class='aiseo-faq-section' style='margin-top:30px; border-top:1px solid #eee; padding-top:20px;'>\n<h3>Domande Frequenti<\/h3>\n<details style='margin-bottom:10px; padding:10px; background:#f9f9f9; border-radius:5px;'>\n<summary style='font-weight:bold; cursor:pointer;'>Qual \u00e8 il diametro del quadrante?<\/summary>\n<div style='margin-top:10px; color:#555;'>Il diametro del quadrante \u00e8 di 25 mm.<\/div>\n<\/details>\n<details style='margin-bottom:10px; padding:10px; background:#f9f9f9; border-radius:5px;'>\n<summary style='font-weight:bold; cursor:pointer;'>Quanto \u00e8 lungo il cinturino?<\/summary>\n<div style='margin-top:10px; color:#555;'>La cinghia \u00e8 lunga 20 cm.<\/div>\n<\/details>\n<details style='margin-bottom:10px; padding:10px; background:#f9f9f9; border-radius:5px;'>\n<summary style='font-weight:bold; cursor:pointer;'>Di che materiale \u00e8 il coperchio della batteria?<\/summary>\n<div style='margin-top:10px; color:#555;'>Il coperchio della batteria \u00e8 in acciaio inossidabile.<\/div>\n<\/details>\n<details style='margin-bottom:10px; padding:10px; background:#f9f9f9; border-radius:5px;'>\n<summary style='font-weight:bold; cursor:pointer;'>L&#8217;orologio \u00e8 resistente all&#8217;umidit\u00e0?<\/summary>\n<div style='margin-top:10px; color:#555;'>S\u00ec, \u00e8 resistente all&#8217;umidit\u00e0 ed \u00e8 adatto all&#8217;uso quotidiano.<\/div>\n<\/details>\n<\/div>\n","protected":false},"excerpt":{"rendered":"<p>Orologio da polso analogico con quadrante elegante da 25mm e cinturino in pelle sintetica goffrata lungo 20cm. Coperchio della batteria in acciaio inossidabile e resistenza all&#8217;umidit\u00e0, ideale per l&#8217;uso quotidiano con comfort e stile.<\/p>\n","protected":false},"featured_media":5084020,"comment_status":"closed","ping_status":"open","template":"","meta":[],"product_brand":[],"product_cat":[],"product_tag":[15],"class_list":{"0":"post-5298787","1":"product","2":"type-product","3":"status-publish","4":"has-post-thumbnail","6":"product_tag-uncategorized","8":"first","9":"onbackorder","10":"purchasable","11":"product-type-simple"},"jetpack_sharing_enabled":true,"_links":{"self":[{"href":"https:\/\/gadgettravellers.eu\/it\/wp-json\/wp\/v2\/product\/5298787","targetHints":{"allow":["GET"]}}],"collection":[{"href":"https:\/\/gadgettravellers.eu\/it\/wp-json\/wp\/v2\/product"}],"about":[{"href":"https:\/\/gadgettravellers.eu\/it\/wp-json\/wp\/v2\/types\/product"}],"replies":[{"embeddable":true,"href":"https:\/\/gadgettravellers.eu\/it\/wp-json\/wp\/v2\/comments?post=5298787"}],"wp:featuredmedia":[{"embeddable":true,"href":"https:\/\/gadgettravellers.eu\/it\/wp-json\/wp\/v2\/media\/5084020"}],"wp:attachment":[{"href":"https:\/\/gadgettravellers.eu\/it\/wp-json\/wp\/v2\/media?parent=5298787"}],"wp:term":[{"taxonomy":"product_brand","embeddable":true,"href":"https:\/\/gadgettravellers.eu\/it\/wp-json\/wp\/v2\/product_brand?post=5298787"},{"taxonomy":"product_cat","embeddable":true,"href":"https:\/\/gadgettravellers.eu\/it\/wp-json\/wp\/v2\/product_cat?post=5298787"},{"taxonomy":"product_tag","embeddable":true,"href":"https:\/\/gadgettravellers.eu\/it\/wp-json\/wp\/v2\/product_tag?post=5298787"}],"curies":[{"name":"wp","href":"https:\/\/api.w.org\/{rel}","templated":true}]}}