{"id":5299192,"date":"2026-01-19T11:32:07","date_gmt":"2026-01-19T09:32:07","guid":{"rendered":"https:\/\/gadgettravellers.eu\/shop\/torcia-frontale-led-bianco-rosso-5808-200514\/"},"modified":"2026-04-14T00:50:14","modified_gmt":"2026-04-13T22:50:14","slug":"torcia-frontale-led-bianco-rosso-5808-200514","status":"publish","type":"product","link":"https:\/\/gadgettravellers.eu\/it\/shop\/torcia-frontale-led-bianco-rosso-5808-200514\/","title":{"rendered":"Torcia frontale LED &#8211; Bianco\/Rosso &#8211; 5808 &#8211; 200514"},"content":{"rendered":"<p>Torcia frontale LED ricaricabile multiuso con illuminazione bianca e rossa. Dispone di 5 diverse modalit\u00e0: Torcia ad alta intensit\u00e0, Torcia a bassa intensit\u00e0, Solo illuminazione bianca, Solo illuminazione rossa, modalit\u00e0 strobe. Illuminazione ad alta potenza e design ergonomico, con cinturino regolabile. Adatta per uso professionale. Autonomia della batteria: fino a 3 ore.<\/p>\n<p>Include cavo di ricarica.<\/p>\n","protected":false},"excerpt":{"rendered":"<p>Torcia frontale LED ricaricabile con luce bianca e rossa e 5 modalit\u00e0 (alta\/bassa\/rossa\/strobo). Ergonomica con cinturino regolabile, autonomia fino a 3 ore e cavo di ricarica incluso.<\/p>\n","protected":false},"featured_media":5085778,"comment_status":"closed","ping_status":"open","template":"","meta":[],"product_brand":[],"product_cat":[],"product_tag":[15],"class_list":{"0":"post-5299192","1":"product","2":"type-product","3":"status-publish","4":"has-post-thumbnail","6":"product_tag-uncategorized","8":"first","9":"onbackorder","10":"purchasable","11":"product-type-simple"},"jetpack_sharing_enabled":true,"_links":{"self":[{"href":"https:\/\/gadgettravellers.eu\/it\/wp-json\/wp\/v2\/product\/5299192","targetHints":{"allow":["GET"]}}],"collection":[{"href":"https:\/\/gadgettravellers.eu\/it\/wp-json\/wp\/v2\/product"}],"about":[{"href":"https:\/\/gadgettravellers.eu\/it\/wp-json\/wp\/v2\/types\/product"}],"replies":[{"embeddable":true,"href":"https:\/\/gadgettravellers.eu\/it\/wp-json\/wp\/v2\/comments?post=5299192"}],"wp:featuredmedia":[{"embeddable":true,"href":"https:\/\/gadgettravellers.eu\/it\/wp-json\/wp\/v2\/media\/5085778"}],"wp:attachment":[{"href":"https:\/\/gadgettravellers.eu\/it\/wp-json\/wp\/v2\/media?parent=5299192"}],"wp:term":[{"taxonomy":"product_brand","embeddable":true,"href":"https:\/\/gadgettravellers.eu\/it\/wp-json\/wp\/v2\/product_brand?post=5299192"},{"taxonomy":"product_cat","embeddable":true,"href":"https:\/\/gadgettravellers.eu\/it\/wp-json\/wp\/v2\/product_cat?post=5299192"},{"taxonomy":"product_tag","embeddable":true,"href":"https:\/\/gadgettravellers.eu\/it\/wp-json\/wp\/v2\/product_tag?post=5299192"}],"curies":[{"name":"wp","href":"https:\/\/api.w.org\/{rel}","templated":true}]}}