{"id":5299217,"date":"2026-01-19T11:32:24","date_gmt":"2026-01-19T09:32:24","guid":{"rendered":"https:\/\/gadgettravellers.eu\/shop\/set-giochi-da-spiaggia-303a-145640\/"},"modified":"2026-03-09T21:36:05","modified_gmt":"2026-03-09T19:36:05","slug":"set-giochi-da-spiaggia-303a-145640","status":"publish","type":"product","link":"https:\/\/gadgettravellers.eu\/it\/shop\/set-giochi-da-spiaggia-303a-145640\/","title":{"rendered":"Set giochi da spiaggia &#8211; 303A &#8211; 145640"},"content":{"rendered":"<p>Set completo di giochi da spiaggia per bambini, con tutti i tipi di accessori di cui hai bisogno per giochi di costruzione infiniti e creativi nella sabbia con tutta la compagnia! Conforme a tutte le norme di sicurezza. Adatto a bambini di et\u00e0 superiore ai 3 anni.<\/p>\n<div class='aiseo-faq-section' style='margin-top:30px; border-top:1px solid #eee; padding-top:20px;'>\n<h3>Domande Frequenti<\/h3>\n<details style='margin-bottom:10px; padding:10px; background:#f9f9f9; border-radius:5px;'>\n<summary style='font-weight:bold; cursor:pointer;'>Per quale et\u00e0 \u00e8 adatto il set?<\/summary>\n<div style='margin-top:10px; color:#555;'>Il set \u00e8 adatto per bambini di et\u00e0 superiore ai 3 anni.<\/div>\n<\/details>\n<details style='margin-bottom:10px; padding:10px; background:#f9f9f9; border-radius:5px;'>\n<summary style='font-weight:bold; cursor:pointer;'>Cosa include il set?<\/summary>\n<div style='margin-top:10px; color:#555;'>Include un secchiello, una paletta, stampi e vari accessori per giocare e costruire nella sabbia.<\/div>\n<\/details>\n<details style='margin-bottom:10px; padding:10px; background:#f9f9f9; border-radius:5px;'>\n<summary style='font-weight:bold; cursor:pointer;'>Il materiale \u00e8 sicuro e non tossico?<\/summary>\n<div style='margin-top:10px; color:#555;'>S\u00ec, il set soddisfa tutti gli standard di sicurezza ed \u00e8 realizzato con materiali non tossici.<\/div>\n<\/details>\n<details style='margin-bottom:10px; padding:10px; background:#f9f9f9; border-radius:5px;'>\n<summary style='font-weight:bold; cursor:pointer;'>Pu\u00f2 essere utilizzato all&#8217;aperto ed \u00e8 resistente?<\/summary>\n<div style='margin-top:10px; color:#555;'>S\u00ec, \u00e8 progettato per uso esterno ed \u00e8 resistente all&#8217;uso in spiaggia.<\/div>\n<\/details>\n<\/div>\n","protected":false},"excerpt":{"rendered":"<p>Set completo di giochi da spiaggia per bambini dai 3 anni, con secchiello, paletta, stampi e accessori per un gioco creativo nella sabbia. Sicuro, non tossico e resistente per uso esterno.<\/p>\n","protected":false},"featured_media":5085931,"comment_status":"closed","ping_status":"open","template":"","meta":[],"product_brand":[],"product_cat":[],"product_tag":[15],"class_list":{"0":"post-5299217","1":"product","2":"type-product","3":"status-publish","4":"has-post-thumbnail","6":"product_tag-uncategorized","8":"first","9":"onbackorder","10":"purchasable","11":"product-type-simple"},"jetpack_sharing_enabled":true,"_links":{"self":[{"href":"https:\/\/gadgettravellers.eu\/it\/wp-json\/wp\/v2\/product\/5299217","targetHints":{"allow":["GET"]}}],"collection":[{"href":"https:\/\/gadgettravellers.eu\/it\/wp-json\/wp\/v2\/product"}],"about":[{"href":"https:\/\/gadgettravellers.eu\/it\/wp-json\/wp\/v2\/types\/product"}],"replies":[{"embeddable":true,"href":"https:\/\/gadgettravellers.eu\/it\/wp-json\/wp\/v2\/comments?post=5299217"}],"wp:featuredmedia":[{"embeddable":true,"href":"https:\/\/gadgettravellers.eu\/it\/wp-json\/wp\/v2\/media\/5085931"}],"wp:attachment":[{"href":"https:\/\/gadgettravellers.eu\/it\/wp-json\/wp\/v2\/media?parent=5299217"}],"wp:term":[{"taxonomy":"product_brand","embeddable":true,"href":"https:\/\/gadgettravellers.eu\/it\/wp-json\/wp\/v2\/product_brand?post=5299217"},{"taxonomy":"product_cat","embeddable":true,"href":"https:\/\/gadgettravellers.eu\/it\/wp-json\/wp\/v2\/product_cat?post=5299217"},{"taxonomy":"product_tag","embeddable":true,"href":"https:\/\/gadgettravellers.eu\/it\/wp-json\/wp\/v2\/product_tag?post=5299217"}],"curies":[{"name":"wp","href":"https:\/\/api.w.org\/{rel}","templated":true}]}}