{"id":5299610,"date":"2026-01-19T11:36:02","date_gmt":"2026-01-19T09:36:02","guid":{"rendered":"https:\/\/gadgettravellers.eu\/shop\/marsupio-bl135-270508-beige-esercito\/"},"modified":"2026-04-14T00:52:41","modified_gmt":"2026-04-13T22:52:41","slug":"marsupio-bl135-270508-beige-esercito","status":"publish","type":"product","link":"https:\/\/gadgettravellers.eu\/it\/shop\/marsupio-bl135-270508-beige-esercito\/","title":{"rendered":"Marsupio &#8211; BL135 &#8211; 270508 &#8211; Beige Esercito"},"content":{"rendered":"<p>Marsupio con multiple tasche, ideale per escursionismo, attivit\u00e0 all&#8217;aperto e hobby. Realizzato in resistente Nylon 800D.<br \/>\nDispone di tasche per tutti i vostri oggetti e il vostro smartphone, che si chiudono con cerniere e clip.<br \/>\nDimensioni: 18 x 12 x 6cm.<\/p>\n","protected":false},"excerpt":{"rendered":"<p>Marsupio in nylon 800D resistente con molteplici tasche, cerniere e clip. Ideale per escursionismo e attivit\u00e0 all&#8217;aperto, dimensioni 18\u00d712\u00d76 cm.<\/p>\n","protected":false},"featured_media":5087897,"comment_status":"closed","ping_status":"open","template":"","meta":[],"product_brand":[],"product_cat":[],"product_tag":[15],"class_list":{"0":"post-5299610","1":"product","2":"type-product","3":"status-publish","4":"has-post-thumbnail","6":"product_tag-uncategorized","8":"first","9":"onbackorder","10":"purchasable","11":"product-type-simple"},"jetpack_sharing_enabled":true,"_links":{"self":[{"href":"https:\/\/gadgettravellers.eu\/it\/wp-json\/wp\/v2\/product\/5299610","targetHints":{"allow":["GET"]}}],"collection":[{"href":"https:\/\/gadgettravellers.eu\/it\/wp-json\/wp\/v2\/product"}],"about":[{"href":"https:\/\/gadgettravellers.eu\/it\/wp-json\/wp\/v2\/types\/product"}],"replies":[{"embeddable":true,"href":"https:\/\/gadgettravellers.eu\/it\/wp-json\/wp\/v2\/comments?post=5299610"}],"wp:featuredmedia":[{"embeddable":true,"href":"https:\/\/gadgettravellers.eu\/it\/wp-json\/wp\/v2\/media\/5087897"}],"wp:attachment":[{"href":"https:\/\/gadgettravellers.eu\/it\/wp-json\/wp\/v2\/media?parent=5299610"}],"wp:term":[{"taxonomy":"product_brand","embeddable":true,"href":"https:\/\/gadgettravellers.eu\/it\/wp-json\/wp\/v2\/product_brand?post=5299610"},{"taxonomy":"product_cat","embeddable":true,"href":"https:\/\/gadgettravellers.eu\/it\/wp-json\/wp\/v2\/product_cat?post=5299610"},{"taxonomy":"product_tag","embeddable":true,"href":"https:\/\/gadgettravellers.eu\/it\/wp-json\/wp\/v2\/product_tag?post=5299610"}],"curies":[{"name":"wp","href":"https:\/\/api.w.org\/{rel}","templated":true}]}}