{"id":5299779,"date":"2026-01-19T11:37:51","date_gmt":"2026-01-19T09:37:51","guid":{"rendered":"https:\/\/gadgettravellers.eu\/shop\/rasoio-elettrico-km-1632-kemei\/"},"modified":"2026-04-11T20:34:18","modified_gmt":"2026-04-11T18:34:18","slug":"rasoio-elettrico-km-1632-kemei","status":"publish","type":"product","link":"https:\/\/gadgettravellers.eu\/it\/shop\/rasoio-elettrico-km-1632-kemei\/","title":{"rendered":"Rasoio elettrico &#8211; KM-1632 &#8211; Kemei"},"content":{"rendered":"<p>Il rasoio per il corpo KEMEI KM-1632 garantisce un risultato unico, pelle liscia, morbida e luminosa libera dalla peluria indesiderata.<br \/>\nIl rasoio per il corpo firmato KEMEI \u00e8 un dispositivo di depilazione straordinario per il corpo, le braccia, le gambe, il bikini e il viso. Il risultato \u00e8 unico poich\u00e9 pu\u00f2 rimuovere anche i peli pi\u00f9 piccoli senza causare alcuna irritazione alla pelle. Inoltre, la sua forma piccola e discreta lo rende ideale da avere sempre nella tua borsa.<br \/>\nFacile da usare,<br \/>\nPiccolo e discreto per essere trasportato ovunque,<br \/>\nEstremamente efficace, rimuove anche i peli pi\u00f9 corti,<br \/>\nNon provoca irritazioni,<br \/>\nAdatto a tutti i tipi di pelle.<\/p>\n<p>Caratteristiche tecniche<br \/>\n    Lame in acciaio inossidabile,<br \/>\n    Realizzato in ABS resistente,<br \/>\n    Dimensioni: 16 x 5,5 cm,<br \/>\n    Tempo di ricarica: 90m,<br \/>\n    Tempo di funzionamento continuo: fino a 50m.<\/p>\n<p>La confezione include<\/p>\n<p>1 x Rasoio<br \/>\n2 x Testine<br \/>\n1 x Cavo USB<br \/>\n1 x Spazzola per la pulizia<br \/>\n1 x Istruzioni per l\u2019uso<\/p>\n","protected":false},"excerpt":{"rendered":"<p>Piccola e portatile rasatrice per il corpo con lame in acciaio inossidabile, ricarica USB (90 minuti) e fino a 50 minuti di funzionamento. Include 2 testine, cavo USB e spazzola per la pulizia.<\/p>\n","protected":false},"featured_media":5088605,"comment_status":"closed","ping_status":"open","template":"","meta":[],"product_brand":[],"product_cat":[],"product_tag":[15],"class_list":{"0":"post-5299779","1":"product","2":"type-product","3":"status-publish","4":"has-post-thumbnail","6":"product_tag-uncategorized","8":"first","9":"onbackorder","10":"purchasable","11":"product-type-simple"},"jetpack_sharing_enabled":true,"_links":{"self":[{"href":"https:\/\/gadgettravellers.eu\/it\/wp-json\/wp\/v2\/product\/5299779","targetHints":{"allow":["GET"]}}],"collection":[{"href":"https:\/\/gadgettravellers.eu\/it\/wp-json\/wp\/v2\/product"}],"about":[{"href":"https:\/\/gadgettravellers.eu\/it\/wp-json\/wp\/v2\/types\/product"}],"replies":[{"embeddable":true,"href":"https:\/\/gadgettravellers.eu\/it\/wp-json\/wp\/v2\/comments?post=5299779"}],"wp:featuredmedia":[{"embeddable":true,"href":"https:\/\/gadgettravellers.eu\/it\/wp-json\/wp\/v2\/media\/5088605"}],"wp:attachment":[{"href":"https:\/\/gadgettravellers.eu\/it\/wp-json\/wp\/v2\/media?parent=5299779"}],"wp:term":[{"taxonomy":"product_brand","embeddable":true,"href":"https:\/\/gadgettravellers.eu\/it\/wp-json\/wp\/v2\/product_brand?post=5299779"},{"taxonomy":"product_cat","embeddable":true,"href":"https:\/\/gadgettravellers.eu\/it\/wp-json\/wp\/v2\/product_cat?post=5299779"},{"taxonomy":"product_tag","embeddable":true,"href":"https:\/\/gadgettravellers.eu\/it\/wp-json\/wp\/v2\/product_tag?post=5299779"}],"curies":[{"name":"wp","href":"https:\/\/api.w.org\/{rel}","templated":true}]}}