{"id":5299826,"date":"2026-01-19T11:38:23","date_gmt":"2026-01-19T09:38:23","guid":{"rendered":"https:\/\/gadgettravellers.eu\/shop\/altoparlante-bluetooth-wireless-con-set-di-cuffie-tg807-883815-blu\/"},"modified":"2026-04-09T20:41:03","modified_gmt":"2026-04-09T18:41:03","slug":"altoparlante-bluetooth-wireless-con-set-di-cuffie-tg807-883815-blu","status":"publish","type":"product","link":"https:\/\/gadgettravellers.eu\/it\/shop\/altoparlante-bluetooth-wireless-con-set-di-cuffie-tg807-883815-blu\/","title":{"rendered":"Altoparlante Bluetooth wireless con set di cuffie &#8211; TG807 &#8211; 883815 &#8211; Blu"},"content":{"rendered":"<p>Altoparlante Bluetooth wireless TG807 2 in 1, con set di cuffie wireless integrato. Offre un suono di alta qualit\u00e0 ed \u00e8 un set estremamente pratico che vi sar\u00e0 di grande aiuto, per non separarsi mai dalla vostra musica preferita.<\/p>\n<p>Caratteristiche:<\/p>\n<p>    Versione Bluetooth 5.0<br \/>\n    Portata trasmissione Bluetooth: 10m<br \/>\n    Batteria cuffie: 30mAh<br \/>\n    Capacit\u00e0 batteria: 1500mAh<br \/>\n    Autonomia batteria: fino a 6 ore<br \/>\n    Porte: USB 2.0 &#038; TypeC<br \/>\n    Potenza in uscita: 10w<br \/>\n    Gamma di risposta in frequenza: 100HZ-20KHZ<br \/>\n    SNR: \u2265 75dB<\/p>\n","protected":false},"excerpt":{"rendered":"<p>Altoparlante Bluetooth wireless TG807 2-in-1 con set di cuffie TWS integrato. Offre Bluetooth 5.0, batteria da 1500mAh, audio da 10W e fino a 6 ore di autonomia.<\/p>\n","protected":false},"featured_media":5088890,"comment_status":"closed","ping_status":"open","template":"","meta":[],"product_brand":[],"product_cat":[],"product_tag":[15],"class_list":{"0":"post-5299826","1":"product","2":"type-product","3":"status-publish","4":"has-post-thumbnail","6":"product_tag-uncategorized","8":"first","9":"onbackorder","10":"purchasable","11":"product-type-simple"},"jetpack_sharing_enabled":true,"_links":{"self":[{"href":"https:\/\/gadgettravellers.eu\/it\/wp-json\/wp\/v2\/product\/5299826","targetHints":{"allow":["GET"]}}],"collection":[{"href":"https:\/\/gadgettravellers.eu\/it\/wp-json\/wp\/v2\/product"}],"about":[{"href":"https:\/\/gadgettravellers.eu\/it\/wp-json\/wp\/v2\/types\/product"}],"replies":[{"embeddable":true,"href":"https:\/\/gadgettravellers.eu\/it\/wp-json\/wp\/v2\/comments?post=5299826"}],"wp:featuredmedia":[{"embeddable":true,"href":"https:\/\/gadgettravellers.eu\/it\/wp-json\/wp\/v2\/media\/5088890"}],"wp:attachment":[{"href":"https:\/\/gadgettravellers.eu\/it\/wp-json\/wp\/v2\/media?parent=5299826"}],"wp:term":[{"taxonomy":"product_brand","embeddable":true,"href":"https:\/\/gadgettravellers.eu\/it\/wp-json\/wp\/v2\/product_brand?post=5299826"},{"taxonomy":"product_cat","embeddable":true,"href":"https:\/\/gadgettravellers.eu\/it\/wp-json\/wp\/v2\/product_cat?post=5299826"},{"taxonomy":"product_tag","embeddable":true,"href":"https:\/\/gadgettravellers.eu\/it\/wp-json\/wp\/v2\/product_tag?post=5299826"}],"curies":[{"name":"wp","href":"https:\/\/api.w.org\/{rel}","templated":true}]}}