{"id":5299836,"date":"2026-01-19T11:38:31","date_gmt":"2026-01-19T09:38:31","guid":{"rendered":"https:\/\/gadgettravellers.eu\/shop\/adattatore-hdmi-a-av-882091\/"},"modified":"2026-04-11T20:34:34","modified_gmt":"2026-04-11T18:34:34","slug":"adattatore-hdmi-a-av-882091","status":"publish","type":"product","link":"https:\/\/gadgettravellers.eu\/it\/shop\/adattatore-hdmi-a-av-882091\/","title":{"rendered":"Adattatore &#8211; HDMI a AV &#8211; 882091"},"content":{"rendered":"<p>Adattatore &#8211; HDMI a AV<\/p>\n<p>Il convertitore Mini HDMI2AV trasforma il segnale video HDMI o il segnale audio in segnale video composito AV (CVBS). Ti aiuta a convertire il segnale HDMI di alta qualit\u00e0 in segnale CVBS standard (definizione standard 480i, 576i), in modo che possa essere riprodotto su televisori, VHS VCR, registratori DVD ecc.<\/p>\n<p>\u2013 Uscita CVBS: PAL, NTSC_M, NTSC_J<\/p>\n<p>Specifiche tecniche:<br \/>\nPorte di ingresso: 1xHDMI<br \/>\nPorte di uscita: 1xRCA (Giallo, bianco, rosso)<br \/>\nIngresso composito: PAL, NTSC3.58, NTSC4.43, SECAM, PAL\/M, PAL\/N.<br \/>\nRisoluzione ingresso HDMI: 600\u00d7480, 800\u00d7600, 1024\u00d7768, 1280\u00d7720, 1208\u00d71024, 1280\u00d71024, 1360\u00d7768, 1600\u00d71200, 1920\u00d71080,<\/p>\n<p>480i\/60Hz, 480p\/60Hz, 576i\/60Hz, 576p\/60Hz, 720p50\/60Hz, 1080I50\/60Hz, 1080p50\/60Hz<\/p>\n<p>Dimensioni (mm): 66(D)x55(L)x20(A)<br \/>\nPeso: 40g<\/p>\n","protected":false},"excerpt":{"rendered":"<p>Adattatore HDMI a AV (CVBS) per la conversione del segnale HDMI in RCA (giallo\/bianco\/rosso). Supporta PAL\/NTSC e risoluzioni fino a 1080p60, plug-and-play, ideale per televisori, DVD e VCR.<\/p>\n","protected":false},"featured_media":5088937,"comment_status":"closed","ping_status":"open","template":"","meta":[],"product_brand":[],"product_cat":[],"product_tag":[15],"class_list":{"0":"post-5299836","1":"product","2":"type-product","3":"status-publish","4":"has-post-thumbnail","6":"product_tag-uncategorized","8":"first","9":"onbackorder","10":"purchasable","11":"product-type-simple"},"jetpack_sharing_enabled":true,"_links":{"self":[{"href":"https:\/\/gadgettravellers.eu\/it\/wp-json\/wp\/v2\/product\/5299836","targetHints":{"allow":["GET"]}}],"collection":[{"href":"https:\/\/gadgettravellers.eu\/it\/wp-json\/wp\/v2\/product"}],"about":[{"href":"https:\/\/gadgettravellers.eu\/it\/wp-json\/wp\/v2\/types\/product"}],"replies":[{"embeddable":true,"href":"https:\/\/gadgettravellers.eu\/it\/wp-json\/wp\/v2\/comments?post=5299836"}],"wp:featuredmedia":[{"embeddable":true,"href":"https:\/\/gadgettravellers.eu\/it\/wp-json\/wp\/v2\/media\/5088937"}],"wp:attachment":[{"href":"https:\/\/gadgettravellers.eu\/it\/wp-json\/wp\/v2\/media?parent=5299836"}],"wp:term":[{"taxonomy":"product_brand","embeddable":true,"href":"https:\/\/gadgettravellers.eu\/it\/wp-json\/wp\/v2\/product_brand?post=5299836"},{"taxonomy":"product_cat","embeddable":true,"href":"https:\/\/gadgettravellers.eu\/it\/wp-json\/wp\/v2\/product_cat?post=5299836"},{"taxonomy":"product_tag","embeddable":true,"href":"https:\/\/gadgettravellers.eu\/it\/wp-json\/wp\/v2\/product_tag?post=5299836"}],"curies":[{"name":"wp","href":"https:\/\/api.w.org\/{rel}","templated":true}]}}