{"id":5299887,"date":"2026-01-19T11:39:09","date_gmt":"2026-01-19T09:39:09","guid":{"rendered":"https:\/\/gadgettravellers.eu\/shop\/canna-da-pesca-telescopica-2-7m-830890\/"},"modified":"2026-04-13T00:54:38","modified_gmt":"2026-04-12T22:54:38","slug":"canna-da-pesca-telescopica-2-7m-830890","status":"publish","type":"product","link":"https:\/\/gadgettravellers.eu\/it\/shop\/canna-da-pesca-telescopica-2-7m-830890\/","title":{"rendered":"Canna da pesca \u2013 Telescopica &#8211; 2.7m &#8211; 830890"},"content":{"rendered":"<p>Canna da pesca, telescopica, per Casting, <br \/>in fibre rinforzate, armata con guide e manico ergonomico di alta qualit\u00e0. Lunghezza: 2.7m<\/p>\n<div class='aiseo-faq-section' style='margin-top:30px; border-top:1px solid #eee; padding-top:20px;'>\n<h3>Domande Frequenti<\/h3>\n<details style='margin-bottom:10px; padding:10px; background:#f9f9f9; border-radius:5px;'>\n<summary style='font-weight:bold; cursor:pointer;'>Qual \u00e8 la lunghezza della canna?<\/summary>\n<div style='margin-top:10px; color:#555;'>La lunghezza \u00e8 2,7 m.<\/div>\n<\/details>\n<details style='margin-bottom:10px; padding:10px; background:#f9f9f9; border-radius:5px;'>\n<summary style='font-weight:bold; cursor:pointer;'>Per quale tipo di pesca \u00e8 adatto?<\/summary>\n<div style='margin-top:10px; color:#555;'>\u00c8 progettato per il casting.<\/div>\n<\/details>\n<details style='margin-bottom:10px; padding:10px; background:#f9f9f9; border-radius:5px;'>\n<summary style='font-weight:bold; cursor:pointer;'>Di che materiale \u00e8 fatto?<\/summary>\n<div style='margin-top:10px; color:#555;'>Realizzato con fibre rinforzate.<\/div>\n<\/details>\n<details style='margin-bottom:10px; padding:10px; background:#f9f9f9; border-radius:5px;'>\n<summary style='font-weight:bold; cursor:pointer;'>Ha guide e una maniglia ergonomica?<\/summary>\n<div style='margin-top:10px; color:#555;'>S\u00ec, \u00e8 dotato di guide e dispone di un&#8217;impugnatura ergonomica di alta qualit\u00e0.<\/div>\n<\/details>\n<\/div>\n","protected":false},"excerpt":{"rendered":"<p>Canna telescopica 2,7 m per casting, in fibre rinforzate con anelli e impugnatura ergonomica. Portatile e resistente, ideale per viaggi ed escursioni.<\/p>\n","protected":false},"featured_media":5089131,"comment_status":"closed","ping_status":"open","template":"","meta":[],"product_brand":[],"product_cat":[],"product_tag":[15],"class_list":{"0":"post-5299887","1":"product","2":"type-product","3":"status-publish","4":"has-post-thumbnail","6":"product_tag-uncategorized","8":"first","9":"onbackorder","10":"purchasable","11":"product-type-simple"},"jetpack_sharing_enabled":true,"_links":{"self":[{"href":"https:\/\/gadgettravellers.eu\/it\/wp-json\/wp\/v2\/product\/5299887","targetHints":{"allow":["GET"]}}],"collection":[{"href":"https:\/\/gadgettravellers.eu\/it\/wp-json\/wp\/v2\/product"}],"about":[{"href":"https:\/\/gadgettravellers.eu\/it\/wp-json\/wp\/v2\/types\/product"}],"replies":[{"embeddable":true,"href":"https:\/\/gadgettravellers.eu\/it\/wp-json\/wp\/v2\/comments?post=5299887"}],"wp:featuredmedia":[{"embeddable":true,"href":"https:\/\/gadgettravellers.eu\/it\/wp-json\/wp\/v2\/media\/5089131"}],"wp:attachment":[{"href":"https:\/\/gadgettravellers.eu\/it\/wp-json\/wp\/v2\/media?parent=5299887"}],"wp:term":[{"taxonomy":"product_brand","embeddable":true,"href":"https:\/\/gadgettravellers.eu\/it\/wp-json\/wp\/v2\/product_brand?post=5299887"},{"taxonomy":"product_cat","embeddable":true,"href":"https:\/\/gadgettravellers.eu\/it\/wp-json\/wp\/v2\/product_cat?post=5299887"},{"taxonomy":"product_tag","embeddable":true,"href":"https:\/\/gadgettravellers.eu\/it\/wp-json\/wp\/v2\/product_tag?post=5299887"}],"curies":[{"name":"wp","href":"https:\/\/api.w.org\/{rel}","templated":true}]}}