{"id":5299923,"date":"2026-01-19T11:39:30","date_gmt":"2026-01-19T09:39:30","guid":{"rendered":"https:\/\/gadgettravellers.eu\/shop\/canna-da-pesca-divisibile-2-1m-830753\/"},"modified":"2026-04-14T01:52:35","modified_gmt":"2026-04-13T23:52:35","slug":"canna-da-pesca-divisibile-2-1m-830753","status":"publish","type":"product","link":"https:\/\/gadgettravellers.eu\/it\/shop\/canna-da-pesca-divisibile-2-1m-830753\/","title":{"rendered":"Canna da pesca \u2013 Divisibile &#8211; 2.1m &#8211; 830753"},"content":{"rendered":"<p>Canna da pesca a due pezzi, in fibre rinforzate, armata con anelli e manico ergonomico di alta qualit\u00e0. <br \/>Lunghezza: 2,7 m.<br \/>Peso di lancio: 100-200 g.<\/p>\n<div class='aiseo-faq-section' style='margin-top:30px; border-top:1px solid #eee; padding-top:20px;'>\n<h3>Domande Frequenti<\/h3>\n<details style='margin-bottom:10px; padding:10px; background:#f9f9f9; border-radius:5px;'>\n<summary style='font-weight:bold; cursor:pointer;'>Quanto \u00e8 lungo il bastone?<\/summary>\n<div style='margin-top:10px; color:#555;'>La lunghezza \u00e8 di 2,7 metri.<\/div>\n<\/details>\n<details style='margin-bottom:10px; padding:10px; background:#f9f9f9; border-radius:5px;'>\n<summary style='font-weight:bold; cursor:pointer;'>Di che materiale \u00e8 fatto e come \u00e8 costruito il fusto?<\/summary>\n<div style='margin-top:10px; color:#555;'>\u00c8 realizzato in fibre rinforzate ed \u00e8 armato con guide.<\/div>\n<\/details>\n<details style='margin-bottom:10px; padding:10px; background:#f9f9f9; border-radius:5px;'>\n<summary style='font-weight:bold; cursor:pointer;'>Qual \u00e8 il peso di casting?<\/summary>\n<div style='margin-top:10px; color:#555;'>Il peso di lancio \u00e8 100\u2013200 g, adatto per il lancio di peso medio.<\/div>\n<\/details>\n<details style='margin-bottom:10px; padding:10px; background:#f9f9f9; border-radius:5px;'>\n<summary style='font-weight:bold; cursor:pointer;'>\u00c8 facile da trasportare?<\/summary>\n<div style='margin-top:10px; color:#555;'>S\u00ec, \u00e8 smontabile per un trasporto e una conservazione pi\u00f9 facili.<\/div>\n<\/details>\n<\/div>\n","protected":false},"excerpt":{"rendered":"<p>Canna da pesca a due pezzi lunga 2,7 m in fibre rinforzate, con impugnatura ergonomica e anelli. Peso di lancio 100\u2013200g per un lancio affidabile e un facile trasporto.<\/p>\n","protected":false},"featured_media":5089240,"comment_status":"closed","ping_status":"open","template":"","meta":[],"product_brand":[],"product_cat":[],"product_tag":[15],"class_list":{"0":"post-5299923","1":"product","2":"type-product","3":"status-publish","4":"has-post-thumbnail","6":"product_tag-uncategorized","8":"first","9":"onbackorder","10":"purchasable","11":"product-type-simple"},"jetpack_sharing_enabled":true,"_links":{"self":[{"href":"https:\/\/gadgettravellers.eu\/it\/wp-json\/wp\/v2\/product\/5299923","targetHints":{"allow":["GET"]}}],"collection":[{"href":"https:\/\/gadgettravellers.eu\/it\/wp-json\/wp\/v2\/product"}],"about":[{"href":"https:\/\/gadgettravellers.eu\/it\/wp-json\/wp\/v2\/types\/product"}],"replies":[{"embeddable":true,"href":"https:\/\/gadgettravellers.eu\/it\/wp-json\/wp\/v2\/comments?post=5299923"}],"wp:featuredmedia":[{"embeddable":true,"href":"https:\/\/gadgettravellers.eu\/it\/wp-json\/wp\/v2\/media\/5089240"}],"wp:attachment":[{"href":"https:\/\/gadgettravellers.eu\/it\/wp-json\/wp\/v2\/media?parent=5299923"}],"wp:term":[{"taxonomy":"product_brand","embeddable":true,"href":"https:\/\/gadgettravellers.eu\/it\/wp-json\/wp\/v2\/product_brand?post=5299923"},{"taxonomy":"product_cat","embeddable":true,"href":"https:\/\/gadgettravellers.eu\/it\/wp-json\/wp\/v2\/product_cat?post=5299923"},{"taxonomy":"product_tag","embeddable":true,"href":"https:\/\/gadgettravellers.eu\/it\/wp-json\/wp\/v2\/product_tag?post=5299923"}],"curies":[{"name":"wp","href":"https:\/\/api.w.org\/{rel}","templated":true}]}}