{"id":5300153,"date":"2026-01-19T11:42:01","date_gmt":"2026-01-19T09:42:01","guid":{"rendered":"https:\/\/gadgettravellers.eu\/shop\/tuta-impermeabile-intera-con-stivale-no-42-31463\/"},"modified":"2026-04-13T00:56:20","modified_gmt":"2026-04-12T22:56:20","slug":"tuta-impermeabile-intera-con-stivale-no-42-31463","status":"publish","type":"product","link":"https:\/\/gadgettravellers.eu\/it\/shop\/tuta-impermeabile-intera-con-stivale-no-42-31463\/","title":{"rendered":"Tuta impermeabile intera con stivale &#8211; No.42 &#8211; 31463"},"content":{"rendered":"<p>Tuta da lavoro intera con stivale incorporato, completamente impermeabile, realizzata in materiale estremamente resistente di alta qualit\u00e0 che si pulisce facilmente e non irrita la pelle. Dispone di stivale incorporato con suola antiscivolo extra e bretelle regolabili con clip per una facile applicazione e rimozione. Adatta per la pesca ma anche per ogni tipo di lavoro esterno e hobby che richiede protezione impermeabile.<br \/>\nTaglia: No 42.<\/p>\n<div class='aiseo-faq-section' style='margin-top:30px; border-top:1px solid #eee; padding-top:20px;'>\n<h3>Domande Frequenti<\/h3>\n<details style='margin-bottom:10px; padding:10px; background:#f9f9f9; border-radius:5px;'>\n<summary style='font-weight:bold; cursor:pointer;'>Qual \u00e8 la dimensione del modulo?<\/summary>\n<div style='margin-top:10px; color:#555;'>Taglia No.42.<\/div>\n<\/details>\n<details style='margin-bottom:10px; padding:10px; background:#f9f9f9; border-radius:5px;'>\n<summary style='font-weight:bold; cursor:pointer;'>Il modulo \u00e8 completamente impermeabile?<\/summary>\n<div style='margin-top:10px; color:#555;'>S\u00ec, \u00e8 completamente impermeabile e offre protezione dall&#8217;umidit\u00e0.<\/div>\n<\/details>\n<details style='margin-bottom:10px; padding:10px; background:#f9f9f9; border-radius:5px;'>\n<summary style='font-weight:bold; cursor:pointer;'>Quali caratteristiche di sicurezza ha lo stivale incorporato?<\/summary>\n<div style='margin-top:10px; color:#555;'>Lo stivale integrato ha una suola antiscivolo per una migliore aderenza.<\/div>\n<\/details>\n<\/div>\n","protected":false},"excerpt":{"rendered":"<p>Tuta impermeabile intera con stivale incorporato, taglia n.42. Ideale per la pesca e lavori all&#8217;aperto &#8211; suola antiscivolo, bretelle regolabili e facile da pulire.<\/p>\n","protected":false},"featured_media":5090085,"comment_status":"closed","ping_status":"open","template":"","meta":[],"product_brand":[],"product_cat":[],"product_tag":[15],"class_list":{"0":"post-5300153","1":"product","2":"type-product","3":"status-publish","4":"has-post-thumbnail","6":"product_tag-uncategorized","8":"first","9":"onbackorder","10":"purchasable","11":"product-type-simple"},"jetpack_sharing_enabled":true,"_links":{"self":[{"href":"https:\/\/gadgettravellers.eu\/it\/wp-json\/wp\/v2\/product\/5300153","targetHints":{"allow":["GET"]}}],"collection":[{"href":"https:\/\/gadgettravellers.eu\/it\/wp-json\/wp\/v2\/product"}],"about":[{"href":"https:\/\/gadgettravellers.eu\/it\/wp-json\/wp\/v2\/types\/product"}],"replies":[{"embeddable":true,"href":"https:\/\/gadgettravellers.eu\/it\/wp-json\/wp\/v2\/comments?post=5300153"}],"wp:featuredmedia":[{"embeddable":true,"href":"https:\/\/gadgettravellers.eu\/it\/wp-json\/wp\/v2\/media\/5090085"}],"wp:attachment":[{"href":"https:\/\/gadgettravellers.eu\/it\/wp-json\/wp\/v2\/media?parent=5300153"}],"wp:term":[{"taxonomy":"product_brand","embeddable":true,"href":"https:\/\/gadgettravellers.eu\/it\/wp-json\/wp\/v2\/product_brand?post=5300153"},{"taxonomy":"product_cat","embeddable":true,"href":"https:\/\/gadgettravellers.eu\/it\/wp-json\/wp\/v2\/product_cat?post=5300153"},{"taxonomy":"product_tag","embeddable":true,"href":"https:\/\/gadgettravellers.eu\/it\/wp-json\/wp\/v2\/product_tag?post=5300153"}],"curies":[{"name":"wp","href":"https:\/\/api.w.org\/{rel}","templated":true}]}}